{"id":1962,"date":"2024-07-25T12:49:41","date_gmt":"2024-07-25T18:49:41","guid":{"rendered":"https:\/\/digitnow.com.mx\/?page_id=1962"},"modified":"2025-04-23T13:21:03","modified_gmt":"2025-04-23T19:21:03","slug":"bases-de-datos","status":"publish","type":"page","link":"https:\/\/digitnow.com.mx\/en\/servicios-2\/consultoria\/bases-de-datos\/","title":{"rendered":"Databases"},"content":{"rendered":"\t\t<div data-elementor-type=\"wp-page\" data-elementor-id=\"1962\" class=\"elementor elementor-1962\" data-elementor-post-type=\"page\">\n\t\t\t\t<div class=\"elementor-element elementor-element-6a0ac816 e-flex e-con-boxed e-con e-parent\" data-id=\"6a0ac816\" data-element_type=\"container\" data-e-type=\"container\" data-settings=\"{&quot;background_background&quot;:&quot;classic&quot;,&quot;background_motion_fx_motion_fx_scrolling&quot;:&quot;yes&quot;,&quot;background_motion_fx_translateY_effect&quot;:&quot;yes&quot;,&quot;background_motion_fx_translateY_speed&quot;:{&quot;unit&quot;:&quot;px&quot;,&quot;size&quot;:5,&quot;sizes&quot;:[]},&quot;background_motion_fx_translateY_affectedRange&quot;:{&quot;unit&quot;:&quot;%&quot;,&quot;size&quot;:&quot;&quot;,&quot;sizes&quot;:{&quot;start&quot;:0,&quot;end&quot;:100}},&quot;background_motion_fx_devices&quot;:[&quot;desktop&quot;,&quot;tablet&quot;,&quot;mobile&quot;]}\">\n\t\t\t\t\t<div class=\"e-con-inner\">\n\t\t\t\t<div class=\"elementor-element elementor-element-695563e elementor-widget elementor-widget-heading\" data-id=\"695563e\" data-element_type=\"widget\" data-e-type=\"widget\" data-widget_type=\"heading.default\">\n\t\t\t\t<div class=\"elementor-widget-container\">\n\t\t\t\t\t<h2 class=\"elementor-heading-title elementor-size-default\">Optimizaci\u00f3n y Gesti\u00f3n Avanzada de Bases de Datos<\/h2>\t\t\t\t<\/div>\n\t\t\t\t<\/div>\n\t\t\t\t<div class=\"elementor-element elementor-element-11cc13a0 elementor-widget elementor-widget-text-editor\" data-id=\"11cc13a0\" data-element_type=\"widget\" data-e-type=\"widget\" data-widget_type=\"text-editor.default\">\n\t\t\t\t<div class=\"elementor-widget-container\">\n\t\t\t\t\t\t\t\t\t<h3 style=\"text-align: center;\"><span style=\"color: #ffffff;\">Soluciones Personalizadas para Mejorar el Rendimiento y la Seguridad de sus Datos<\/span><\/h3>\t\t\t\t\t\t\t\t<\/div>\n\t\t\t\t<\/div>\n\t\t\t\t\t<\/div>\n\t\t\t\t<\/div>\n\t\t<div class=\"elementor-element elementor-element-6eda73db e-flex e-con-boxed e-con e-parent\" data-id=\"6eda73db\" data-element_type=\"container\" data-e-type=\"container\">\n\t\t\t\t\t<div class=\"e-con-inner\">\n\t\t<div class=\"elementor-element elementor-element-75a10e8f e-con-full e-flex e-con e-child\" data-id=\"75a10e8f\" data-element_type=\"container\" data-e-type=\"container\">\n\t\t\t\t<div class=\"elementor-element elementor-element-895d68f elementor-widget elementor-widget-heading\" data-id=\"895d68f\" data-element_type=\"widget\" data-e-type=\"widget\" data-widget_type=\"heading.default\">\n\t\t\t\t<div class=\"elementor-widget-container\">\n\t\t\t\t\t<h2 class=\"elementor-heading-title elementor-size-default\">Digitnow es su mejor aliado para Bases de Datos<\/h2>\t\t\t\t<\/div>\n\t\t\t\t<\/div>\n\t\t\t\t<div class=\"elementor-element elementor-element-584d960f elementor-widget elementor-widget-image\" data-id=\"584d960f\" data-element_type=\"widget\" data-e-type=\"widget\" data-widget_type=\"image.default\">\n\t\t\t\t<div class=\"elementor-widget-container\">\n\t\t\t\t\t\t\t\t\t\t\t\t\t\t\t<img decoding=\"async\" src=\"https:\/\/ayudaleyprotecciondatos.es\/wp-content\/uploads\/2020\/09\/base-de-datos-en-la-nube.jpg\" title=\"\" alt=\"\" loading=\"lazy\" \/>\t\t\t\t\t\t\t\t\t\t\t\t\t\t\t<\/div>\n\t\t\t\t<\/div>\n\t\t\t\t<\/div>\n\t\t<div class=\"elementor-element elementor-element-6dc0526a e-con-full e-flex e-con e-child\" data-id=\"6dc0526a\" data-element_type=\"container\" data-e-type=\"container\">\n\t\t\t\t<div class=\"elementor-element elementor-element-24e6eb7c elementor-widget elementor-widget-text-editor\" data-id=\"24e6eb7c\" data-element_type=\"widget\" data-e-type=\"widget\" data-widget_type=\"text-editor.default\">\n\t\t\t\t<div class=\"elementor-widget-container\">\n\t\t\t\t\t\t\t\t\t<p>En <strong>Digitnow<\/strong>, nos especializamos en ofrecer servicios de consultor\u00eda en bases de datos que aseguran la eficiencia, seguridad y escalabilidad de sus sistemas de informaci\u00f3n. Nuestro enfoque integral garantiza que sus datos est\u00e9n siempre disponibles y protegidos, optimizando el rendimiento de sus operaciones.<\/p><p>Realizamos evaluaciones exhaustivas para dise\u00f1ar arquitecturas de bases de datos personalizadas, ajustadas a las necesidades espec\u00edficas de su empresa. Implementamos estrategias de optimizaci\u00f3n, migraci\u00f3n y mantenimiento continuo, asegurando que sus sistemas operen de manera \u00f3ptima y segura. Conf\u00ede en <strong>Digitnow<\/strong> para gestionar sus bases de datos con la m\u00e1xima eficiencia y fiabilidad, permiti\u00e9ndole centrarse en el crecimiento de su negocio.<\/p>\t\t\t\t\t\t\t\t<\/div>\n\t\t\t\t<\/div>\n\t\t\t\t<div class=\"elementor-element elementor-element-5d9fe78 elementor-align-center elementor-widget elementor-widget-lottie\" data-id=\"5d9fe78\" data-element_type=\"widget\" data-e-type=\"widget\" data-settings=\"{&quot;source_json&quot;:{&quot;url&quot;:&quot;https:\\\/\\\/digitnow.com.mx\\\/wp-content\\\/uploads\\\/2024\\\/06\\\/lf20_mlqrzeeg.json&quot;,&quot;id&quot;:964,&quot;size&quot;:&quot;&quot;,&quot;alt&quot;:&quot;&quot;,&quot;source&quot;:&quot;library&quot;},&quot;source&quot;:&quot;media_file&quot;,&quot;caption_source&quot;:&quot;none&quot;,&quot;link_to&quot;:&quot;none&quot;,&quot;trigger&quot;:&quot;arriving_to_viewport&quot;,&quot;viewport&quot;:{&quot;unit&quot;:&quot;%&quot;,&quot;size&quot;:&quot;&quot;,&quot;sizes&quot;:{&quot;start&quot;:0,&quot;end&quot;:100}},&quot;play_speed&quot;:{&quot;unit&quot;:&quot;px&quot;,&quot;size&quot;:1,&quot;sizes&quot;:[]},&quot;start_point&quot;:{&quot;unit&quot;:&quot;%&quot;,&quot;size&quot;:0,&quot;sizes&quot;:[]},&quot;end_point&quot;:{&quot;unit&quot;:&quot;%&quot;,&quot;size&quot;:100,&quot;sizes&quot;:[]},&quot;renderer&quot;:&quot;svg&quot;}\" data-widget_type=\"lottie.default\">\n\t\t\t\t<div class=\"elementor-widget-container\">\n\t\t\t\t\t<div class=\"e-lottie__container\"><div class=\"e-lottie__animation\"><\/div><\/div>\t\t\t\t<\/div>\n\t\t\t\t<\/div>\n\t\t\t\t<div class=\"elementor-element elementor-element-7470fb19 elementor-widget elementor-widget-text-editor\" data-id=\"7470fb19\" data-element_type=\"widget\" data-e-type=\"widget\" data-widget_type=\"text-editor.default\">\n\t\t\t\t<div class=\"elementor-widget-container\">\n\t\t\t\t\t\t\t\t\t<p style=\"text-align: center;\">Las bases de datos en la nube ofrecen numerosas ventajas que impulsan la eficiencia y flexibilidad de las operaciones empresariales. Entre las principales ventajas se encuentran la escalabilidad, que permite ajustar r\u00e1pidamente los recursos seg\u00fan las necesidades del negocio; el acceso global, que facilita la colaboraci\u00f3n en tiempo real desde cualquier ubicaci\u00f3n; y la seguridad mejorada, con medidas avanzadas de protecci\u00f3n y recuperaci\u00f3n ante desastres.<\/p>\t\t\t\t\t\t\t\t<\/div>\n\t\t\t\t<\/div>\n\t\t\t\t<\/div>\n\t\t\t\t\t<\/div>\n\t\t\t\t<\/div>\n\t\t<div class=\"elementor-element elementor-element-4475a263 e-flex e-con-boxed e-con e-parent\" data-id=\"4475a263\" data-element_type=\"container\" data-e-type=\"container\" data-settings=\"{&quot;background_background&quot;:&quot;classic&quot;}\">\n\t\t\t\t\t<div class=\"e-con-inner\">\n\t\t<div class=\"elementor-element elementor-element-72ea7fc2 e-con-full e-flex e-con e-child\" data-id=\"72ea7fc2\" data-element_type=\"container\" data-e-type=\"container\">\n\t\t\t\t<div class=\"elementor-element elementor-element-29bc0410 elementor-widget elementor-widget-heading\" data-id=\"29bc0410\" data-element_type=\"widget\" data-e-type=\"widget\" data-widget_type=\"heading.default\">\n\t\t\t\t<div class=\"elementor-widget-container\">\n\t\t\t\t\t<h2 class=\"elementor-heading-title elementor-size-default\">Valor agregado Digitnow<\/h2>\t\t\t\t<\/div>\n\t\t\t\t<\/div>\n\t\t\t\t<\/div>\n\t\t<div class=\"elementor-element elementor-element-27110266 e-con-full e-flex e-con e-child\" data-id=\"27110266\" data-element_type=\"container\" data-e-type=\"container\">\n\t\t\t\t<div class=\"elementor-element elementor-element-4a918a33 elementor-widget elementor-widget-text-editor\" data-id=\"4a918a33\" data-element_type=\"widget\" data-e-type=\"widget\" data-widget_type=\"text-editor.default\">\n\t\t\t\t<div class=\"elementor-widget-container\">\n\t\t\t\t\t\t\t\t\t<ul class=\"defaultList\"><li>Consultor\u00eda a costos accesibles<\/li><li>Cursos profesionales de acuerdo a sus necesidades y materiales para pr\u00e1ctica con ejemplos reales.<\/li><li>Pagos congelados<\/li><li>Pagos mensuales o anuales<\/li><li>Deducci\u00f3n fiscal<\/li><li>Sin costos de infraestructura<\/li><li>Soporte y acompa\u00f1amiento en Servicios de Bases de Datos<\/li><\/ul>\t\t\t\t\t\t\t\t<\/div>\n\t\t\t\t<\/div>\n\t\t\t\t<\/div>\n\t\t\t\t\t<\/div>\n\t\t\t\t<\/div>\n\t\t<div class=\"elementor-element elementor-element-3336c2c e-flex e-con-boxed e-con e-parent\" data-id=\"3336c2c\" data-element_type=\"container\" data-e-type=\"container\">\n\t\t\t\t\t<div class=\"e-con-inner\">\n\t\t\t\t\t<\/div>\n\t\t\t\t<\/div>\n\t\t<div class=\"elementor-element elementor-element-5e29c992 e-flex e-con-boxed e-con e-parent\" data-id=\"5e29c992\" data-element_type=\"container\" data-e-type=\"container\" data-settings=\"{&quot;background_background&quot;:&quot;classic&quot;}\">\n\t\t\t\t\t<div class=\"e-con-inner\">\n\t\t<div class=\"elementor-element elementor-element-559c35f6 e-con-full e-flex e-con e-child\" data-id=\"559c35f6\" data-element_type=\"container\" data-e-type=\"container\">\n\t\t\t\t<div class=\"elementor-element elementor-element-ada1716 elementor-widget elementor-widget-heading\" data-id=\"ada1716\" data-element_type=\"widget\" data-e-type=\"widget\" data-widget_type=\"heading.default\">\n\t\t\t\t<div class=\"elementor-widget-container\">\n\t\t\t\t\t<h2 class=\"elementor-heading-title elementor-size-default\">Obtenga una consultor\u00eda completa de gesti\u00f3n de Bases de Datos<\/h2>\t\t\t\t<\/div>\n\t\t\t\t<\/div>\n\t\t\t\t<div class=\"elementor-element elementor-element-4d70f89a elementor-widget elementor-widget-text-editor\" data-id=\"4d70f89a\" data-element_type=\"widget\" data-e-type=\"widget\" data-widget_type=\"text-editor.default\">\n\t\t\t\t<div class=\"elementor-widget-container\">\n\t\t\t\t\t\t\t\t\t<p class=\"size-18 m-size-14\"><span class=\"font-size-18 m-font-size-14\">De esta forma, puede aprovechar la experiencia de Digitnow M\u00e9xico para desarrollar su operaci\u00f3n digital, organizaci\u00f3n y capacidades t\u00e9cnicas, para\u00a0 que obtenga beneficios comerciales de forma eficaz, r\u00e1pida y \u00e1gil.<\/span><\/p>\t\t\t\t\t\t\t\t<\/div>\n\t\t\t\t<\/div>\n\t\t\t\t<\/div>\n\t\t<div class=\"elementor-element elementor-element-57148744 e-con-full e-flex e-con e-child\" data-id=\"57148744\" data-element_type=\"container\" data-e-type=\"container\">\n\t\t\t\t<div class=\"elementor-element elementor-element-65444934 elementor-widget elementor-widget-heading\" data-id=\"65444934\" data-element_type=\"widget\" data-e-type=\"widget\" data-widget_type=\"heading.default\">\n\t\t\t\t<div class=\"elementor-widget-container\">\n\t\t\t\t\t<h2 class=\"elementor-heading-title elementor-size-default\">\u00bfLe interesa?<\/h2>\t\t\t\t<\/div>\n\t\t\t\t<\/div>\n\t\t\t\t<div class=\"elementor-element elementor-element-4514171d elementor-widget elementor-widget-text-editor\" data-id=\"4514171d\" data-element_type=\"widget\" data-e-type=\"widget\" data-widget_type=\"text-editor.default\">\n\t\t\t\t<div class=\"elementor-widget-container\">\n\t\t\t\t\t\t\t\t\t<p>\u00a1Escr\u00edbanos y nos comunicaremos con usted!<\/p>\t\t\t\t\t\t\t\t<\/div>\n\t\t\t\t<\/div>\n\t\t\t\t<div class=\"elementor-element elementor-element-71a6cd22 elementor-button-align-center elementor-widget elementor-widget-form\" data-id=\"71a6cd22\" data-element_type=\"widget\" data-e-type=\"widget\" data-settings=\"{&quot;step_next_label&quot;:&quot;Next&quot;,&quot;step_previous_label&quot;:&quot;Previous&quot;,&quot;button_width&quot;:&quot;100&quot;,&quot;step_type&quot;:&quot;number_text&quot;,&quot;step_icon_shape&quot;:&quot;circle&quot;}\" data-widget_type=\"form.default\">\n\t\t\t\t<div class=\"elementor-widget-container\">\n\t\t\t\t\t\t\t<form class=\"elementor-form\" method=\"post\" name=\"New Form\" aria-label=\"New Form\">\n\t\t\t<input type=\"hidden\" name=\"post_id\" value=\"1962\"\/>\n\t\t\t<input type=\"hidden\" name=\"form_id\" value=\"71a6cd22\"\/>\n\t\t\t<input type=\"hidden\" name=\"referer_title\" value=\"Optimizaci\u00f3n y Gesti\u00f3n Avanzada de Bases de Datos - DigitNow\" \/>\n\n\t\t\t\t\t\t\t<input type=\"hidden\" name=\"queried_id\" value=\"1962\"\/>\n\t\t\t\n\t\t\t<div class=\"elementor-form-fields-wrapper elementor-labels-above\">\n\t\t\t\t\t\t\t\t<div class=\"elementor-field-type-text elementor-field-group elementor-column elementor-field-group-name elementor-col-100\">\n\t\t\t\t\t\t\t\t\t\t\t\t\t<input size=\"1\" type=\"text\" name=\"form_fields[name]\" id=\"form-field-name\" class=\"elementor-field elementor-size-sm  elementor-field-textual\" placeholder=\"Nombre\">\n\t\t\t\t\t\t\t\t\t\t\t<\/div>\n\t\t\t\t\t\t\t\t<div class=\"elementor-field-type-email elementor-field-group elementor-column elementor-field-group-email elementor-col-100 elementor-field-required\">\n\t\t\t\t\t\t\t\t\t\t\t\t\t<input size=\"1\" type=\"email\" name=\"form_fields[email]\" id=\"form-field-email\" class=\"elementor-field elementor-size-sm  elementor-field-textual\" placeholder=\"Email\" required=\"required\">\n\t\t\t\t\t\t\t\t\t\t\t<\/div>\n\t\t\t\t\t\t\t\t<div class=\"elementor-field-type-tel elementor-field-group elementor-column elementor-field-group-message elementor-col-100\">\n\t\t\t\t\t\t\t<input size=\"1\" type=\"tel\" name=\"form_fields[message]\" id=\"form-field-message\" class=\"elementor-field elementor-size-sm  elementor-field-textual\" placeholder=\"Tel\u00e9fono\" pattern=\"[0-9()#&amp;+*-=.]+\" title=\"Only numbers and phone characters (#, -, *, etc) are accepted.\">\n\n\t\t\t\t\t\t<\/div>\n\t\t\t\t\t\t\t\t<div class=\"elementor-field-type-text elementor-field-group elementor-column elementor-field-group-field_876674d elementor-col-100\">\n\t\t\t\t\t\t\t\t\t\t\t\t\t<input size=\"1\" type=\"text\" name=\"form_fields[field_876674d]\" id=\"form-field-field_876674d\" class=\"elementor-field elementor-size-sm  elementor-field-textual\" placeholder=\"Comentarios o dudas\">\n\t\t\t\t\t\t\t\t\t\t\t<\/div>\n\t\t\t\t\t\t\t\t<div class=\"elementor-field-group elementor-column elementor-field-type-submit elementor-col-100 e-form__buttons\">\n\t\t\t\t\t<button class=\"elementor-button elementor-size-sm elementor-animation-grow\" type=\"submit\">\n\t\t\t\t\t\t<span class=\"elementor-button-content-wrapper\">\n\t\t\t\t\t\t\t\t\t\t\t\t\t\t\t\t\t\t\t\t\t\t<span class=\"elementor-button-text\">\u00a1Cont\u00e1ctenme!<\/span>\n\t\t\t\t\t\t\t\t\t\t\t\t\t<\/span>\n\t\t\t\t\t<\/button>\n\t\t\t\t<\/div>\n\t\t\t<\/div>\n\t\t<\/form>\n\t\t\t\t\t\t<\/div>\n\t\t\t\t<\/div>\n\t\t\t\t<\/div>\n\t\t\t\t\t<\/div>\n\t\t\t\t<\/div>\n\t\t\t\t<\/div>\n\t\t","protected":false},"excerpt":{"rendered":"<p>Optimizaci\u00f3n y Gesti\u00f3n Avanzada de Bases de Datos Soluciones Personalizadas para Mejorar el Rendimiento y la Seguridad de sus Datos Digitnow es su mejor aliado para Bases de Datos En Digitnow, nos especializamos en ofrecer servicios de consultor\u00eda en bases de datos que aseguran la eficiencia, seguridad y escalabilidad de sus sistemas de informaci\u00f3n. Nuestro [&hellip;]<\/p>\n","protected":false},"author":4,"featured_media":0,"parent":2160,"menu_order":0,"comment_status":"closed","ping_status":"closed","template":"","meta":{"inline_featured_image":false,"footnotes":""},"class_list":["post-1962","page","type-page","status-publish","hentry"],"yoast_head":"<!-- This site is optimized with the Yoast SEO plugin v27.6 - https:\/\/yoast.com\/product\/yoast-seo-wordpress\/ -->\n<title>Bases de Datos - DigitNow<\/title>\n<meta name=\"description\" content=\"Proteja y optimice sus Bases de Datos con nuesta consultor\u00eda especializada. Digitnow le ofrece lo \u00faltimo en soluciones de Bases de datos.\" \/>\n<meta name=\"robots\" content=\"index, follow, max-snippet:-1, max-image-preview:large, max-video-preview:-1\" \/>\n<link rel=\"canonical\" href=\"https:\/\/digitnow.com.mx\/en\/servicios-2\/consultoria\/bases-de-datos\/\" \/>\n<meta property=\"og:locale\" content=\"en_US\" \/>\n<meta property=\"og:type\" content=\"article\" \/>\n<meta property=\"og:title\" content=\"Bases de Datos - DigitNow\" \/>\n<meta property=\"og:description\" content=\"Proteja y optimice sus Bases de Datos con nuesta consultor\u00eda especializada. Digitnow le ofrece lo \u00faltimo en soluciones de Bases de datos.\" \/>\n<meta property=\"og:url\" content=\"https:\/\/digitnow.com.mx\/en\/servicios-2\/consultoria\/bases-de-datos\/\" \/>\n<meta property=\"og:site_name\" content=\"DigitNow\" \/>\n<meta property=\"article:publisher\" content=\"https:\/\/www.facebook.com\/DigitNowMexico\" \/>\n<meta property=\"article:modified_time\" content=\"2025-04-23T19:21:03+00:00\" \/>\n<meta property=\"og:image\" content=\"https:\/\/ayudaleyprotecciondatos.es\/wp-content\/uploads\/2020\/09\/base-de-datos-en-la-nube.jpg\" \/>\n<meta name=\"twitter:card\" content=\"summary_large_image\" \/>\n<meta name=\"twitter:site\" content=\"@DigitNowMexico\" \/>\n<meta name=\"twitter:label1\" content=\"Est. reading time\" \/>\n\t<meta name=\"twitter:data1\" content=\"2 minutes\" \/>\n<script type=\"application\/ld+json\" class=\"yoast-schema-graph\">{\"@context\":\"https:\\\/\\\/schema.org\",\"@graph\":[{\"@type\":\"WebPage\",\"@id\":\"https:\\\/\\\/digitnow.com.mx\\\/es_mx\\\/servicios-2\\\/consultoria\\\/bases-de-datos\\\/\",\"url\":\"https:\\\/\\\/digitnow.com.mx\\\/es_mx\\\/servicios-2\\\/consultoria\\\/bases-de-datos\\\/\",\"name\":\"Bases de Datos - DigitNow\",\"isPartOf\":{\"@id\":\"https:\\\/\\\/digitnow.com.mx\\\/#website\"},\"primaryImageOfPage\":{\"@id\":\"https:\\\/\\\/digitnow.com.mx\\\/es_mx\\\/servicios-2\\\/consultoria\\\/bases-de-datos\\\/#primaryimage\"},\"image\":{\"@id\":\"https:\\\/\\\/digitnow.com.mx\\\/es_mx\\\/servicios-2\\\/consultoria\\\/bases-de-datos\\\/#primaryimage\"},\"thumbnailUrl\":\"https:\\\/\\\/ayudaleyprotecciondatos.es\\\/wp-content\\\/uploads\\\/2020\\\/09\\\/base-de-datos-en-la-nube.jpg\",\"datePublished\":\"2024-07-25T18:49:41+00:00\",\"dateModified\":\"2025-04-23T19:21:03+00:00\",\"description\":\"Proteja y optimice sus Bases de Datos con nuesta consultor\u00eda especializada. Digitnow le ofrece lo \u00faltimo en soluciones de Bases de datos.\",\"breadcrumb\":{\"@id\":\"https:\\\/\\\/digitnow.com.mx\\\/es_mx\\\/servicios-2\\\/consultoria\\\/bases-de-datos\\\/#breadcrumb\"},\"inLanguage\":\"en-US\",\"potentialAction\":[{\"@type\":\"ReadAction\",\"target\":[\"https:\\\/\\\/digitnow.com.mx\\\/es_mx\\\/servicios-2\\\/consultoria\\\/bases-de-datos\\\/\"]}]},{\"@type\":\"ImageObject\",\"inLanguage\":\"en-US\",\"@id\":\"https:\\\/\\\/digitnow.com.mx\\\/es_mx\\\/servicios-2\\\/consultoria\\\/bases-de-datos\\\/#primaryimage\",\"url\":\"https:\\\/\\\/ayudaleyprotecciondatos.es\\\/wp-content\\\/uploads\\\/2020\\\/09\\\/base-de-datos-en-la-nube.jpg\",\"contentUrl\":\"https:\\\/\\\/ayudaleyprotecciondatos.es\\\/wp-content\\\/uploads\\\/2020\\\/09\\\/base-de-datos-en-la-nube.jpg\"},{\"@type\":\"BreadcrumbList\",\"@id\":\"https:\\\/\\\/digitnow.com.mx\\\/es_mx\\\/servicios-2\\\/consultoria\\\/bases-de-datos\\\/#breadcrumb\",\"itemListElement\":[{\"@type\":\"ListItem\",\"position\":1,\"name\":\"Portada\",\"item\":\"https:\\\/\\\/digitnow.com.mx\\\/es_mx\\\/\"},{\"@type\":\"ListItem\",\"position\":2,\"name\":\"Conoce nuestros servicios\",\"item\":\"https:\\\/\\\/digitnow.com.mx\\\/servicios-2\\\/\"},{\"@type\":\"ListItem\",\"position\":3,\"name\":\"Consultor\u00eda\",\"item\":\"https:\\\/\\\/digitnow.com.mx\\\/es_mx\\\/servicios-2\\\/consultoria\\\/\"},{\"@type\":\"ListItem\",\"position\":4,\"name\":\"Bases de Datos\"}]},{\"@type\":\"WebSite\",\"@id\":\"https:\\\/\\\/digitnow.com.mx\\\/#website\",\"url\":\"https:\\\/\\\/digitnow.com.mx\\\/\",\"name\":\"Digitnow\",\"description\":\"Soluciones en la nube para empresas\",\"publisher\":{\"@id\":\"https:\\\/\\\/digitnow.com.mx\\\/#organization\"},\"potentialAction\":[{\"@type\":\"SearchAction\",\"target\":{\"@type\":\"EntryPoint\",\"urlTemplate\":\"https:\\\/\\\/digitnow.com.mx\\\/?s={search_term_string}\"},\"query-input\":{\"@type\":\"PropertyValueSpecification\",\"valueRequired\":true,\"valueName\":\"search_term_string\"}}],\"inLanguage\":\"en-US\"},{\"@type\":\"Organization\",\"@id\":\"https:\\\/\\\/digitnow.com.mx\\\/#organization\",\"name\":\"Digitnow\",\"url\":\"https:\\\/\\\/digitnow.com.mx\\\/\",\"logo\":{\"@type\":\"ImageObject\",\"inLanguage\":\"en-US\",\"@id\":\"https:\\\/\\\/digitnow.com.mx\\\/#\\\/schema\\\/logo\\\/image\\\/\",\"url\":\"https:\\\/\\\/digitnow.com.mx\\\/wp-content\\\/uploads\\\/logo-digitnow-323w.webp\",\"contentUrl\":\"https:\\\/\\\/digitnow.com.mx\\\/wp-content\\\/uploads\\\/logo-digitnow-323w.webp\",\"width\":320,\"height\":68,\"caption\":\"Digitnow\"},\"image\":{\"@id\":\"https:\\\/\\\/digitnow.com.mx\\\/#\\\/schema\\\/logo\\\/image\\\/\"},\"sameAs\":[\"https:\\\/\\\/www.facebook.com\\\/DigitNowMexico\",\"https:\\\/\\\/x.com\\\/DigitNowMexico\",\"https:\\\/\\\/www.linkedin.com\\\/company\\\/digitnow\\\/\",\"https:\\\/\\\/www.instagram.com\\\/digitnow_oficial\\\/\",\"https:\\\/\\\/www.youtube.com\\\/channel\\\/UCojoUfDnSdhxh6_VWO1OMGQ\"]}]}<\/script>\n<!-- \/ Yoast SEO plugin. -->","yoast_head_json":{"title":"Bases de Datos - DigitNow","description":"Proteja y optimice sus Bases de Datos con nuesta consultor\u00eda especializada. Digitnow le ofrece lo \u00faltimo en soluciones de Bases de datos.","robots":{"index":"index","follow":"follow","max-snippet":"max-snippet:-1","max-image-preview":"max-image-preview:large","max-video-preview":"max-video-preview:-1"},"canonical":"https:\/\/digitnow.com.mx\/en\/servicios-2\/consultoria\/bases-de-datos\/","og_locale":"en_US","og_type":"article","og_title":"Bases de Datos - DigitNow","og_description":"Proteja y optimice sus Bases de Datos con nuesta consultor\u00eda especializada. Digitnow le ofrece lo \u00faltimo en soluciones de Bases de datos.","og_url":"https:\/\/digitnow.com.mx\/en\/servicios-2\/consultoria\/bases-de-datos\/","og_site_name":"DigitNow","article_publisher":"https:\/\/www.facebook.com\/DigitNowMexico","article_modified_time":"2025-04-23T19:21:03+00:00","og_image":[{"url":"https:\/\/ayudaleyprotecciondatos.es\/wp-content\/uploads\/2020\/09\/base-de-datos-en-la-nube.jpg","type":"","width":"","height":""}],"twitter_card":"summary_large_image","twitter_site":"@DigitNowMexico","twitter_misc":{"Est. reading time":"2 minutes"},"schema":{"@context":"https:\/\/schema.org","@graph":[{"@type":"WebPage","@id":"https:\/\/digitnow.com.mx\/es_mx\/servicios-2\/consultoria\/bases-de-datos\/","url":"https:\/\/digitnow.com.mx\/es_mx\/servicios-2\/consultoria\/bases-de-datos\/","name":"Bases de Datos - DigitNow","isPartOf":{"@id":"https:\/\/digitnow.com.mx\/#website"},"primaryImageOfPage":{"@id":"https:\/\/digitnow.com.mx\/es_mx\/servicios-2\/consultoria\/bases-de-datos\/#primaryimage"},"image":{"@id":"https:\/\/digitnow.com.mx\/es_mx\/servicios-2\/consultoria\/bases-de-datos\/#primaryimage"},"thumbnailUrl":"https:\/\/ayudaleyprotecciondatos.es\/wp-content\/uploads\/2020\/09\/base-de-datos-en-la-nube.jpg","datePublished":"2024-07-25T18:49:41+00:00","dateModified":"2025-04-23T19:21:03+00:00","description":"Proteja y optimice sus Bases de Datos con nuesta consultor\u00eda especializada. Digitnow le ofrece lo \u00faltimo en soluciones de Bases de datos.","breadcrumb":{"@id":"https:\/\/digitnow.com.mx\/es_mx\/servicios-2\/consultoria\/bases-de-datos\/#breadcrumb"},"inLanguage":"en-US","potentialAction":[{"@type":"ReadAction","target":["https:\/\/digitnow.com.mx\/es_mx\/servicios-2\/consultoria\/bases-de-datos\/"]}]},{"@type":"ImageObject","inLanguage":"en-US","@id":"https:\/\/digitnow.com.mx\/es_mx\/servicios-2\/consultoria\/bases-de-datos\/#primaryimage","url":"https:\/\/ayudaleyprotecciondatos.es\/wp-content\/uploads\/2020\/09\/base-de-datos-en-la-nube.jpg","contentUrl":"https:\/\/ayudaleyprotecciondatos.es\/wp-content\/uploads\/2020\/09\/base-de-datos-en-la-nube.jpg"},{"@type":"BreadcrumbList","@id":"https:\/\/digitnow.com.mx\/es_mx\/servicios-2\/consultoria\/bases-de-datos\/#breadcrumb","itemListElement":[{"@type":"ListItem","position":1,"name":"Portada","item":"https:\/\/digitnow.com.mx\/es_mx\/"},{"@type":"ListItem","position":2,"name":"Conoce nuestros servicios","item":"https:\/\/digitnow.com.mx\/servicios-2\/"},{"@type":"ListItem","position":3,"name":"Consultor\u00eda","item":"https:\/\/digitnow.com.mx\/es_mx\/servicios-2\/consultoria\/"},{"@type":"ListItem","position":4,"name":"Bases de Datos"}]},{"@type":"WebSite","@id":"https:\/\/digitnow.com.mx\/#website","url":"https:\/\/digitnow.com.mx\/","name":"Digitnow","description":"Soluciones en la nube para empresas","publisher":{"@id":"https:\/\/digitnow.com.mx\/#organization"},"potentialAction":[{"@type":"SearchAction","target":{"@type":"EntryPoint","urlTemplate":"https:\/\/digitnow.com.mx\/?s={search_term_string}"},"query-input":{"@type":"PropertyValueSpecification","valueRequired":true,"valueName":"search_term_string"}}],"inLanguage":"en-US"},{"@type":"Organization","@id":"https:\/\/digitnow.com.mx\/#organization","name":"Digitnow","url":"https:\/\/digitnow.com.mx\/","logo":{"@type":"ImageObject","inLanguage":"en-US","@id":"https:\/\/digitnow.com.mx\/#\/schema\/logo\/image\/","url":"https:\/\/digitnow.com.mx\/wp-content\/uploads\/logo-digitnow-323w.webp","contentUrl":"https:\/\/digitnow.com.mx\/wp-content\/uploads\/logo-digitnow-323w.webp","width":320,"height":68,"caption":"Digitnow"},"image":{"@id":"https:\/\/digitnow.com.mx\/#\/schema\/logo\/image\/"},"sameAs":["https:\/\/www.facebook.com\/DigitNowMexico","https:\/\/x.com\/DigitNowMexico","https:\/\/www.linkedin.com\/company\/digitnow\/","https:\/\/www.instagram.com\/digitnow_oficial\/","https:\/\/www.youtube.com\/channel\/UCojoUfDnSdhxh6_VWO1OMGQ"]}]}},"_hostinger_reach_plugin_has_subscription_block":false,"_hostinger_reach_plugin_is_elementor":false,"_links":{"self":[{"href":"https:\/\/digitnow.com.mx\/en\/wp-json\/wp\/v2\/pages\/1962","targetHints":{"allow":["GET"]}}],"collection":[{"href":"https:\/\/digitnow.com.mx\/en\/wp-json\/wp\/v2\/pages"}],"about":[{"href":"https:\/\/digitnow.com.mx\/en\/wp-json\/wp\/v2\/types\/page"}],"author":[{"embeddable":true,"href":"https:\/\/digitnow.com.mx\/en\/wp-json\/wp\/v2\/users\/4"}],"replies":[{"embeddable":true,"href":"https:\/\/digitnow.com.mx\/en\/wp-json\/wp\/v2\/comments?post=1962"}],"version-history":[{"count":34,"href":"https:\/\/digitnow.com.mx\/en\/wp-json\/wp\/v2\/pages\/1962\/revisions"}],"predecessor-version":[{"id":5154,"href":"https:\/\/digitnow.com.mx\/en\/wp-json\/wp\/v2\/pages\/1962\/revisions\/5154"}],"up":[{"embeddable":true,"href":"https:\/\/digitnow.com.mx\/en\/wp-json\/wp\/v2\/pages\/2160"}],"wp:attachment":[{"href":"https:\/\/digitnow.com.mx\/en\/wp-json\/wp\/v2\/media?parent=1962"}],"curies":[{"name":"wp","href":"https:\/\/api.w.org\/{rel}","templated":true}]}}