{"id":1970,"date":"2024-07-25T13:56:52","date_gmt":"2024-07-25T19:56:52","guid":{"rendered":"https:\/\/digitnow.com.mx\/?page_id=1970"},"modified":"2026-03-05T17:49:19","modified_gmt":"2026-03-05T23:49:19","slug":"oficina-remota-para-pymes","status":"publish","type":"page","link":"https:\/\/digitnow.com.mx\/en\/nuestros-paquetes\/oficina-movil-2\/oficina-remota-para-pymes\/","title":{"rendered":"Remote Office For SMEs"},"content":{"rendered":"\t\t<div data-elementor-type=\"wp-page\" data-elementor-id=\"1970\" class=\"elementor elementor-1970\" data-elementor-post-type=\"page\">\n\t\t\t\t<div class=\"elementor-element elementor-element-3c29ed2e e-flex e-con-boxed e-con e-parent\" data-id=\"3c29ed2e\" data-element_type=\"container\" data-e-type=\"container\" data-settings=\"{&quot;background_background&quot;:&quot;classic&quot;,&quot;background_motion_fx_motion_fx_scrolling&quot;:&quot;yes&quot;,&quot;background_motion_fx_translateY_effect&quot;:&quot;yes&quot;,&quot;background_motion_fx_translateY_speed&quot;:{&quot;unit&quot;:&quot;px&quot;,&quot;size&quot;:5,&quot;sizes&quot;:[]},&quot;background_motion_fx_translateY_affectedRange&quot;:{&quot;unit&quot;:&quot;%&quot;,&quot;size&quot;:&quot;&quot;,&quot;sizes&quot;:{&quot;start&quot;:0,&quot;end&quot;:100}},&quot;background_motion_fx_devices&quot;:[&quot;desktop&quot;,&quot;tablet&quot;,&quot;mobile&quot;]}\">\n\t\t\t\t\t<div class=\"e-con-inner\">\n\t\t\t\t<div class=\"elementor-element elementor-element-1810b4e4 elementor-widget elementor-widget-heading\" data-id=\"1810b4e4\" data-element_type=\"widget\" data-e-type=\"widget\" data-widget_type=\"heading.default\">\n\t\t\t\t<div class=\"elementor-widget-container\">\n\t\t\t\t\t<h2 class=\"elementor-heading-title elementor-size-default\">Tenemos las mejores soluciones para trabajar desde cualquier lugar<\/h2>\t\t\t\t<\/div>\n\t\t\t\t<\/div>\n\t\t\t\t<div class=\"elementor-element elementor-element-cbc7cd1 elementor-widget elementor-widget-text-editor\" data-id=\"cbc7cd1\" data-element_type=\"widget\" data-e-type=\"widget\" data-widget_type=\"text-editor.default\">\n\t\t\t\t<div class=\"elementor-widget-container\">\n\t\t\t\t\t\t\t\t\t<h3 style=\"text-align: center;\"><span style=\"color: #ffffff;\">Expanda sus posibilidades con las soluciones de Oficina Remota que Digitnow tiene para usted<\/span><\/h3>\t\t\t\t\t\t\t\t<\/div>\n\t\t\t\t<\/div>\n\t\t\t\t\t<\/div>\n\t\t\t\t<\/div>\n\t\t<div class=\"elementor-element elementor-element-7f7a8088 e-con-full e-flex e-con e-parent\" data-id=\"7f7a8088\" data-element_type=\"container\" data-e-type=\"container\">\n\t\t<div class=\"elementor-element elementor-element-3d7fa9b7 e-con-full e-flex e-con e-child\" data-id=\"3d7fa9b7\" data-element_type=\"container\" data-e-type=\"container\">\n\t\t\t\t<div class=\"elementor-element elementor-element-f41fb0f elementor-widget elementor-widget-heading\" data-id=\"f41fb0f\" data-element_type=\"widget\" data-e-type=\"widget\" data-widget_type=\"heading.default\">\n\t\t\t\t<div class=\"elementor-widget-container\">\n\t\t\t\t\t<h2 class=\"elementor-heading-title elementor-size-default\">\u00bfPor qu\u00e9 elegir una oficina remota?<\/h2>\t\t\t\t<\/div>\n\t\t\t\t<\/div>\n\t\t<div class=\"elementor-element elementor-element-68a76a7d e-grid e-con-boxed e-con e-child\" data-id=\"68a76a7d\" data-element_type=\"container\" data-e-type=\"container\">\n\t\t\t\t\t<div class=\"e-con-inner\">\n\t\t\t\t<div class=\"elementor-element elementor-element-1f79a272 elementor-position-top elementor-widget elementor-widget-image-box\" data-id=\"1f79a272\" data-element_type=\"widget\" data-e-type=\"widget\" data-widget_type=\"image-box.default\">\n\t\t\t\t<div class=\"elementor-widget-container\">\n\t\t\t\t\t<div class=\"elementor-image-box-wrapper\"><figure class=\"elementor-image-box-img\"><img fetchpriority=\"high\" decoding=\"async\" width=\"1080\" height=\"1080\" src=\"https:\/\/digitnow.com.mx\/wp-content\/uploads\/escalabilidad.png\" class=\"attachment-full size-full wp-image-3644\" alt=\"\" srcset=\"https:\/\/digitnow.com.mx\/wp-content\/uploads\/escalabilidad.png 1080w, https:\/\/digitnow.com.mx\/wp-content\/uploads\/escalabilidad-300x300.png 300w, https:\/\/digitnow.com.mx\/wp-content\/uploads\/escalabilidad-1024x1024.png 1024w, https:\/\/digitnow.com.mx\/wp-content\/uploads\/escalabilidad-150x150.png 150w, https:\/\/digitnow.com.mx\/wp-content\/uploads\/escalabilidad-768x768.png 768w, https:\/\/digitnow.com.mx\/wp-content\/uploads\/escalabilidad-12x12.png 12w\" sizes=\"(max-width: 1080px) 100vw, 1080px\" \/><\/figure><div class=\"elementor-image-box-content\"><h3 class=\"elementor-image-box-title\">Flexibilidad<\/h3><p class=\"elementor-image-box-description\">Con herramientas como Microsoft 365 y GOTO Connect trabaje desde cualquier lugar con conexi\u00f3n a internet. Ya sea desde casa, una cafeter\u00eda o en movimiento, siempre tendr\u00e1 sus herramientas a la mano.<\/p><\/div><\/div>\t\t\t\t<\/div>\n\t\t\t\t<\/div>\n\t\t\t\t<div class=\"elementor-element elementor-element-3d62ce5 elementor-position-top elementor-widget elementor-widget-image-box\" data-id=\"3d62ce5\" data-element_type=\"widget\" data-e-type=\"widget\" data-widget_type=\"image-box.default\">\n\t\t\t\t<div class=\"elementor-widget-container\">\n\t\t\t\t\t<div class=\"elementor-image-box-wrapper\"><figure class=\"elementor-image-box-img\"><img decoding=\"async\" width=\"1080\" height=\"1080\" src=\"https:\/\/digitnow.com.mx\/wp-content\/uploads\/servicio-clientes.png\" class=\"attachment-full size-full wp-image-3614\" alt=\"\" srcset=\"https:\/\/digitnow.com.mx\/wp-content\/uploads\/servicio-clientes.png 1080w, https:\/\/digitnow.com.mx\/wp-content\/uploads\/servicio-clientes-300x300.png 300w, https:\/\/digitnow.com.mx\/wp-content\/uploads\/servicio-clientes-1024x1024.png 1024w, https:\/\/digitnow.com.mx\/wp-content\/uploads\/servicio-clientes-150x150.png 150w, https:\/\/digitnow.com.mx\/wp-content\/uploads\/servicio-clientes-768x768.png 768w, https:\/\/digitnow.com.mx\/wp-content\/uploads\/servicio-clientes-12x12.png 12w\" sizes=\"(max-width: 1080px) 100vw, 1080px\" \/><\/figure><div class=\"elementor-image-box-content\"><h3 class=\"elementor-image-box-title\">Colaboraci\u00f3n en Tiempo Real<\/h3><p class=\"elementor-image-box-description\">Le facilita la colaboraci\u00f3n en equipo con herramientas de chat, videollamadas y documentos compartidos en tiempo real. Use herramientas como Microsoft Teams y Google Workspace para mantener la comunicaci\u00f3n fluida y la colaboraci\u00f3n efectiva.<\/p><\/div><\/div>\t\t\t\t<\/div>\n\t\t\t\t<\/div>\n\t\t\t\t<div class=\"elementor-element elementor-element-20f03219 elementor-position-top elementor-widget elementor-widget-image-box\" data-id=\"20f03219\" data-element_type=\"widget\" data-e-type=\"widget\" data-widget_type=\"image-box.default\">\n\t\t\t\t<div class=\"elementor-widget-container\">\n\t\t\t\t\t<div class=\"elementor-image-box-wrapper\"><figure class=\"elementor-image-box-img\"><img decoding=\"async\" width=\"1080\" height=\"1080\" src=\"https:\/\/digitnow.com.mx\/wp-content\/uploads\/candado.png\" class=\"attachment-full size-full wp-image-3605\" alt=\"\" srcset=\"https:\/\/digitnow.com.mx\/wp-content\/uploads\/candado.png 1080w, https:\/\/digitnow.com.mx\/wp-content\/uploads\/candado-300x300.png 300w, https:\/\/digitnow.com.mx\/wp-content\/uploads\/candado-1024x1024.png 1024w, https:\/\/digitnow.com.mx\/wp-content\/uploads\/candado-150x150.png 150w, https:\/\/digitnow.com.mx\/wp-content\/uploads\/candado-768x768.png 768w, https:\/\/digitnow.com.mx\/wp-content\/uploads\/candado-12x12.png 12w\" sizes=\"(max-width: 1080px) 100vw, 1080px\" \/><\/figure><div class=\"elementor-image-box-content\"><h3 class=\"elementor-image-box-title\">Seguridad<\/h3><p class=\"elementor-image-box-description\">Con Acronis y Fortinet protega sus datos con medidas avanzadas de seguridad y acceso seguro a sus herramientas y archivos.<\/p><\/div><\/div>\t\t\t\t<\/div>\n\t\t\t\t<\/div>\n\t\t\t\t<div class=\"elementor-element elementor-element-141900e elementor-position-top elementor-widget elementor-widget-image-box\" data-id=\"141900e\" data-element_type=\"widget\" data-e-type=\"widget\" data-widget_type=\"image-box.default\">\n\t\t\t\t<div class=\"elementor-widget-container\">\n\t\t\t\t\t<div class=\"elementor-image-box-wrapper\"><figure class=\"elementor-image-box-img\"><img loading=\"lazy\" decoding=\"async\" width=\"1080\" height=\"1080\" src=\"https:\/\/digitnow.com.mx\/wp-content\/uploads\/stonks.png\" class=\"attachment-full size-full wp-image-3604\" alt=\"\" srcset=\"https:\/\/digitnow.com.mx\/wp-content\/uploads\/stonks.png 1080w, https:\/\/digitnow.com.mx\/wp-content\/uploads\/stonks-300x300.png 300w, https:\/\/digitnow.com.mx\/wp-content\/uploads\/stonks-1024x1024.png 1024w, https:\/\/digitnow.com.mx\/wp-content\/uploads\/stonks-150x150.png 150w, https:\/\/digitnow.com.mx\/wp-content\/uploads\/stonks-768x768.png 768w, https:\/\/digitnow.com.mx\/wp-content\/uploads\/stonks-12x12.png 12w\" sizes=\"(max-width: 1080px) 100vw, 1080px\" \/><\/figure><div class=\"elementor-image-box-content\"><h3 class=\"elementor-image-box-title\">Productividad Mejorada<\/h3><p class=\"elementor-image-box-description\">Aumente la productividad de su equipo con herramientas que simplifican la gesti\u00f3n de proyectos y tareas. Freshwork y Asana proporcionan plataformas para la gesti\u00f3n eficiente de proyectos.<\/p><\/div><\/div>\t\t\t\t<\/div>\n\t\t\t\t<\/div>\n\t\t\t\t\t<\/div>\n\t\t\t\t<\/div>\n\t\t\t\t<\/div>\n\t\t\t\t<\/div>\n\t\t<div class=\"elementor-element elementor-element-6088b661 e-flex e-con-boxed e-con e-parent\" data-id=\"6088b661\" data-element_type=\"container\" data-e-type=\"container\" data-settings=\"{&quot;background_background&quot;:&quot;classic&quot;}\">\n\t\t\t\t\t<div class=\"e-con-inner\">\n\t\t<div class=\"elementor-element elementor-element-73c86a47 e-con-full e-flex e-con e-child\" data-id=\"73c86a47\" data-element_type=\"container\" data-e-type=\"container\">\n\t\t\t\t<div class=\"elementor-element elementor-element-22fc40b9 elementor-widget elementor-widget-heading\" data-id=\"22fc40b9\" data-element_type=\"widget\" data-e-type=\"widget\" data-widget_type=\"heading.default\">\n\t\t\t\t<div class=\"elementor-widget-container\">\n\t\t\t\t\t<h2 class=\"elementor-heading-title elementor-size-default\">Obtenga nuestro servicio de Inteligencia Artificial<\/h2>\t\t\t\t<\/div>\n\t\t\t\t<\/div>\n\t\t\t\t<div class=\"elementor-element elementor-element-27038ea4 elementor-widget elementor-widget-text-editor\" data-id=\"27038ea4\" data-element_type=\"widget\" data-e-type=\"widget\" data-widget_type=\"text-editor.default\">\n\t\t\t\t<div class=\"elementor-widget-container\">\n\t\t\t\t\t\t\t\t\t<p class=\"size-18 m-size-14\"><span class=\"font-size-18 m-font-size-14\">De esta forma, puede aprovechar la experiencia de Digitnow M\u00e9xico para desarrollar su operaci\u00f3n digital, organizaci\u00f3n y capacidades t\u00e9cnicas, para\u00a0 que obtenga beneficios comerciales de forma eficaz, r\u00e1pida y \u00e1gil.<\/span><\/p>\t\t\t\t\t\t\t\t<\/div>\n\t\t\t\t<\/div>\n\t\t\t\t<\/div>\n\t\t<div class=\"elementor-element elementor-element-4d9a6d86 e-con-full e-flex e-con e-child\" data-id=\"4d9a6d86\" data-element_type=\"container\" data-e-type=\"container\">\n\t\t\t\t<div class=\"elementor-element elementor-element-7d6d76e2 elementor-widget elementor-widget-heading\" data-id=\"7d6d76e2\" data-element_type=\"widget\" data-e-type=\"widget\" data-widget_type=\"heading.default\">\n\t\t\t\t<div class=\"elementor-widget-container\">\n\t\t\t\t\t<h2 class=\"elementor-heading-title elementor-size-default\">\u00bfLe interesa?<\/h2>\t\t\t\t<\/div>\n\t\t\t\t<\/div>\n\t\t\t\t<div class=\"elementor-element elementor-element-496b79e8 elementor-widget elementor-widget-text-editor\" data-id=\"496b79e8\" data-element_type=\"widget\" data-e-type=\"widget\" data-widget_type=\"text-editor.default\">\n\t\t\t\t<div class=\"elementor-widget-container\">\n\t\t\t\t\t\t\t\t\t<p>\u00a1Escr\u00edbanos y nos comunicaremos con usted!<\/p>\t\t\t\t\t\t\t\t<\/div>\n\t\t\t\t<\/div>\n\t\t\t\t<div class=\"elementor-element elementor-element-cc3a951 elementor-button-align-center elementor-widget elementor-widget-form\" data-id=\"cc3a951\" data-element_type=\"widget\" data-e-type=\"widget\" data-settings=\"{&quot;step_next_label&quot;:&quot;Next&quot;,&quot;step_previous_label&quot;:&quot;Previous&quot;,&quot;button_width&quot;:&quot;100&quot;,&quot;step_type&quot;:&quot;number_text&quot;,&quot;step_icon_shape&quot;:&quot;circle&quot;}\" data-widget_type=\"form.default\">\n\t\t\t\t<div class=\"elementor-widget-container\">\n\t\t\t\t\t\t\t<form class=\"elementor-form\" method=\"post\" name=\"New Form\" aria-label=\"New Form\">\n\t\t\t<input type=\"hidden\" name=\"post_id\" value=\"1970\"\/>\n\t\t\t<input type=\"hidden\" name=\"form_id\" value=\"cc3a951\"\/>\n\t\t\t<input type=\"hidden\" name=\"referer_title\" value=\"DigitNow\" \/>\n\n\t\t\t\n\t\t\t<div class=\"elementor-form-fields-wrapper elementor-labels-above\">\n\t\t\t\t\t\t\t\t<div class=\"elementor-field-type-text elementor-field-group elementor-column elementor-field-group-name elementor-col-100\">\n\t\t\t\t\t\t\t\t\t\t\t\t\t<input size=\"1\" type=\"text\" name=\"form_fields[name]\" id=\"form-field-name\" class=\"elementor-field elementor-size-sm  elementor-field-textual\" placeholder=\"Nombre\">\n\t\t\t\t\t\t\t\t\t\t\t<\/div>\n\t\t\t\t\t\t\t\t<div class=\"elementor-field-type-email elementor-field-group elementor-column elementor-field-group-email elementor-col-100 elementor-field-required\">\n\t\t\t\t\t\t\t\t\t\t\t\t\t<input size=\"1\" type=\"email\" name=\"form_fields[email]\" id=\"form-field-email\" class=\"elementor-field elementor-size-sm  elementor-field-textual\" placeholder=\"Email\" required=\"required\">\n\t\t\t\t\t\t\t\t\t\t\t<\/div>\n\t\t\t\t\t\t\t\t<div class=\"elementor-field-type-tel elementor-field-group elementor-column elementor-field-group-message elementor-col-100\">\n\t\t\t\t\t\t\t<input size=\"1\" type=\"tel\" name=\"form_fields[message]\" id=\"form-field-message\" class=\"elementor-field elementor-size-sm  elementor-field-textual\" placeholder=\"Tel\u00e9fono\" pattern=\"[0-9()#&amp;+*-=.]+\" title=\"Only numbers and phone characters (#, -, *, etc) are accepted.\">\n\n\t\t\t\t\t\t<\/div>\n\t\t\t\t\t\t\t\t<div class=\"elementor-field-type-text elementor-field-group elementor-column elementor-field-group-field_876674d elementor-col-100\">\n\t\t\t\t\t\t\t\t\t\t\t\t\t<input size=\"1\" type=\"text\" name=\"form_fields[field_876674d]\" id=\"form-field-field_876674d\" class=\"elementor-field elementor-size-sm  elementor-field-textual\" placeholder=\"Comentarios o dudas\">\n\t\t\t\t\t\t\t\t\t\t\t<\/div>\n\t\t\t\t\t\t\t\t<div class=\"elementor-field-group elementor-column elementor-field-type-submit elementor-col-100 e-form__buttons\">\n\t\t\t\t\t<button class=\"elementor-button elementor-size-sm elementor-animation-grow\" type=\"submit\">\n\t\t\t\t\t\t<span class=\"elementor-button-content-wrapper\">\n\t\t\t\t\t\t\t\t\t\t\t\t\t\t\t\t\t\t\t\t\t\t<span class=\"elementor-button-text\">\u00a1Cont\u00e1ctenme!<\/span>\n\t\t\t\t\t\t\t\t\t\t\t\t\t<\/span>\n\t\t\t\t\t<\/button>\n\t\t\t\t<\/div>\n\t\t\t<\/div>\n\t\t<\/form>\n\t\t\t\t\t\t<\/div>\n\t\t\t\t<\/div>\n\t\t\t\t<\/div>\n\t\t\t\t\t<\/div>\n\t\t\t\t<\/div>\n\t\t\t\t<\/div>\n\t\t","protected":false},"excerpt":{"rendered":"<p>Tenemos las mejores soluciones para trabajar desde cualquier lugar Expanda sus posibilidades con las soluciones de Oficina Remota que Digitnow tiene para usted \u00bfPor qu\u00e9 elegir una oficina remota? Flexibilidad Con herramientas como Microsoft 365 y GOTO Connect trabaje desde cualquier lugar con conexi\u00f3n a internet. Ya sea desde casa, una cafeter\u00eda o en movimiento, [&hellip;]<\/p>\n","protected":false},"author":4,"featured_media":0,"parent":99,"menu_order":0,"comment_status":"closed","ping_status":"closed","template":"","meta":{"inline_featured_image":false,"footnotes":""},"class_list":["post-1970","page","type-page","status-publish","hentry"],"yoast_head":"<!-- This site is optimized with the Yoast SEO plugin v27.6 - https:\/\/yoast.com\/product\/yoast-seo-wordpress\/ -->\n<title>Oficina Remota para PyMEs - DigitNow<\/title>\n<meta name=\"robots\" content=\"index, follow, max-snippet:-1, max-image-preview:large, max-video-preview:-1\" \/>\n<link rel=\"canonical\" href=\"https:\/\/digitnow.com.mx\/en\/nuestros-paquetes\/oficina-movil-2\/oficina-remota-para-pymes\/\" \/>\n<meta property=\"og:locale\" content=\"en_US\" \/>\n<meta property=\"og:type\" content=\"article\" \/>\n<meta property=\"og:title\" content=\"Oficina Remota para PyMEs - DigitNow\" \/>\n<meta property=\"og:description\" content=\"Tenemos las mejores soluciones para trabajar desde cualquier lugar Expanda sus posibilidades con las soluciones de Oficina Remota que Digitnow tiene para usted \u00bfPor qu\u00e9 elegir una oficina remota? Flexibilidad Con herramientas como Microsoft 365 y GOTO Connect trabaje desde cualquier lugar con conexi\u00f3n a internet. Ya sea desde casa, una cafeter\u00eda o en movimiento, [&hellip;]\" \/>\n<meta property=\"og:url\" content=\"https:\/\/digitnow.com.mx\/en\/nuestros-paquetes\/oficina-movil-2\/oficina-remota-para-pymes\/\" \/>\n<meta property=\"og:site_name\" content=\"DigitNow\" \/>\n<meta property=\"article:publisher\" content=\"https:\/\/www.facebook.com\/DigitNowMexico\" \/>\n<meta property=\"article:modified_time\" content=\"2026-03-05T23:49:19+00:00\" \/>\n<meta property=\"og:image\" content=\"https:\/\/digitnow.com.mx\/wp-content\/uploads\/escalabilidad.png\" \/>\n\t<meta property=\"og:image:width\" content=\"1080\" \/>\n\t<meta property=\"og:image:height\" content=\"1080\" \/>\n\t<meta property=\"og:image:type\" content=\"image\/png\" \/>\n<meta name=\"twitter:card\" content=\"summary_large_image\" \/>\n<meta name=\"twitter:site\" content=\"@DigitNowMexico\" \/>\n<meta name=\"twitter:label1\" content=\"Est. reading time\" \/>\n\t<meta name=\"twitter:data1\" content=\"2 minutes\" \/>\n<script type=\"application\/ld+json\" class=\"yoast-schema-graph\">{\"@context\":\"https:\\\/\\\/schema.org\",\"@graph\":[{\"@type\":\"WebPage\",\"@id\":\"https:\\\/\\\/digitnow.com.mx\\\/nuestros-paquetes\\\/oficina-movil-2\\\/oficina-remota-para-pymes\\\/\",\"url\":\"https:\\\/\\\/digitnow.com.mx\\\/nuestros-paquetes\\\/oficina-movil-2\\\/oficina-remota-para-pymes\\\/\",\"name\":\"Oficina Remota para PyMEs - DigitNow\",\"isPartOf\":{\"@id\":\"https:\\\/\\\/digitnow.com.mx\\\/#website\"},\"primaryImageOfPage\":{\"@id\":\"https:\\\/\\\/digitnow.com.mx\\\/nuestros-paquetes\\\/oficina-movil-2\\\/oficina-remota-para-pymes\\\/#primaryimage\"},\"image\":{\"@id\":\"https:\\\/\\\/digitnow.com.mx\\\/nuestros-paquetes\\\/oficina-movil-2\\\/oficina-remota-para-pymes\\\/#primaryimage\"},\"thumbnailUrl\":\"https:\\\/\\\/digitnow.com.mx\\\/wp-content\\\/uploads\\\/escalabilidad.png\",\"datePublished\":\"2024-07-25T19:56:52+00:00\",\"dateModified\":\"2026-03-05T23:49:19+00:00\",\"breadcrumb\":{\"@id\":\"https:\\\/\\\/digitnow.com.mx\\\/nuestros-paquetes\\\/oficina-movil-2\\\/oficina-remota-para-pymes\\\/#breadcrumb\"},\"inLanguage\":\"en-US\",\"potentialAction\":[{\"@type\":\"ReadAction\",\"target\":[\"https:\\\/\\\/digitnow.com.mx\\\/nuestros-paquetes\\\/oficina-movil-2\\\/oficina-remota-para-pymes\\\/\"]}]},{\"@type\":\"ImageObject\",\"inLanguage\":\"en-US\",\"@id\":\"https:\\\/\\\/digitnow.com.mx\\\/nuestros-paquetes\\\/oficina-movil-2\\\/oficina-remota-para-pymes\\\/#primaryimage\",\"url\":\"https:\\\/\\\/digitnow.com.mx\\\/wp-content\\\/uploads\\\/escalabilidad.png\",\"contentUrl\":\"https:\\\/\\\/digitnow.com.mx\\\/wp-content\\\/uploads\\\/escalabilidad.png\"},{\"@type\":\"BreadcrumbList\",\"@id\":\"https:\\\/\\\/digitnow.com.mx\\\/nuestros-paquetes\\\/oficina-movil-2\\\/oficina-remota-para-pymes\\\/#breadcrumb\",\"itemListElement\":[{\"@type\":\"ListItem\",\"position\":1,\"name\":\"Portada\",\"item\":\"https:\\\/\\\/digitnow.com.mx\\\/es_mx\\\/\"},{\"@type\":\"ListItem\",\"position\":2,\"name\":\"Conoce nuestros paquetes\",\"item\":\"https:\\\/\\\/digitnow.com.mx\\\/nuestros-paquetes\\\/\"},{\"@type\":\"ListItem\",\"position\":3,\"name\":\"Soluciones para Trabajo Remoto\",\"item\":\"https:\\\/\\\/digitnow.com.mx\\\/es_mx\\\/nuestros-paquetes\\\/oficina-movil-2\\\/\"},{\"@type\":\"ListItem\",\"position\":4,\"name\":\"Oficina Remota para PyMEs\"}]},{\"@type\":\"WebSite\",\"@id\":\"https:\\\/\\\/digitnow.com.mx\\\/#website\",\"url\":\"https:\\\/\\\/digitnow.com.mx\\\/\",\"name\":\"Digitnow\",\"description\":\"Soluciones en la nube para empresas\",\"publisher\":{\"@id\":\"https:\\\/\\\/digitnow.com.mx\\\/#organization\"},\"potentialAction\":[{\"@type\":\"SearchAction\",\"target\":{\"@type\":\"EntryPoint\",\"urlTemplate\":\"https:\\\/\\\/digitnow.com.mx\\\/?s={search_term_string}\"},\"query-input\":{\"@type\":\"PropertyValueSpecification\",\"valueRequired\":true,\"valueName\":\"search_term_string\"}}],\"inLanguage\":\"en-US\"},{\"@type\":\"Organization\",\"@id\":\"https:\\\/\\\/digitnow.com.mx\\\/#organization\",\"name\":\"Digitnow\",\"url\":\"https:\\\/\\\/digitnow.com.mx\\\/\",\"logo\":{\"@type\":\"ImageObject\",\"inLanguage\":\"en-US\",\"@id\":\"https:\\\/\\\/digitnow.com.mx\\\/#\\\/schema\\\/logo\\\/image\\\/\",\"url\":\"https:\\\/\\\/digitnow.com.mx\\\/wp-content\\\/uploads\\\/logo-digitnow-323w.webp\",\"contentUrl\":\"https:\\\/\\\/digitnow.com.mx\\\/wp-content\\\/uploads\\\/logo-digitnow-323w.webp\",\"width\":320,\"height\":68,\"caption\":\"Digitnow\"},\"image\":{\"@id\":\"https:\\\/\\\/digitnow.com.mx\\\/#\\\/schema\\\/logo\\\/image\\\/\"},\"sameAs\":[\"https:\\\/\\\/www.facebook.com\\\/DigitNowMexico\",\"https:\\\/\\\/x.com\\\/DigitNowMexico\",\"https:\\\/\\\/www.linkedin.com\\\/company\\\/digitnow\\\/\",\"https:\\\/\\\/www.instagram.com\\\/digitnow_oficial\\\/\",\"https:\\\/\\\/www.youtube.com\\\/channel\\\/UCojoUfDnSdhxh6_VWO1OMGQ\"]}]}<\/script>\n<!-- \/ Yoast SEO plugin. -->","yoast_head_json":{"title":"Oficina Remota para PyMEs - DigitNow","robots":{"index":"index","follow":"follow","max-snippet":"max-snippet:-1","max-image-preview":"max-image-preview:large","max-video-preview":"max-video-preview:-1"},"canonical":"https:\/\/digitnow.com.mx\/en\/nuestros-paquetes\/oficina-movil-2\/oficina-remota-para-pymes\/","og_locale":"en_US","og_type":"article","og_title":"Oficina Remota para PyMEs - DigitNow","og_description":"Tenemos las mejores soluciones para trabajar desde cualquier lugar Expanda sus posibilidades con las soluciones de Oficina Remota que Digitnow tiene para usted \u00bfPor qu\u00e9 elegir una oficina remota? Flexibilidad Con herramientas como Microsoft 365 y GOTO Connect trabaje desde cualquier lugar con conexi\u00f3n a internet. Ya sea desde casa, una cafeter\u00eda o en movimiento, [&hellip;]","og_url":"https:\/\/digitnow.com.mx\/en\/nuestros-paquetes\/oficina-movil-2\/oficina-remota-para-pymes\/","og_site_name":"DigitNow","article_publisher":"https:\/\/www.facebook.com\/DigitNowMexico","article_modified_time":"2026-03-05T23:49:19+00:00","og_image":[{"width":1080,"height":1080,"url":"https:\/\/digitnow.com.mx\/wp-content\/uploads\/escalabilidad.png","type":"image\/png"}],"twitter_card":"summary_large_image","twitter_site":"@DigitNowMexico","twitter_misc":{"Est. reading time":"2 minutes"},"schema":{"@context":"https:\/\/schema.org","@graph":[{"@type":"WebPage","@id":"https:\/\/digitnow.com.mx\/nuestros-paquetes\/oficina-movil-2\/oficina-remota-para-pymes\/","url":"https:\/\/digitnow.com.mx\/nuestros-paquetes\/oficina-movil-2\/oficina-remota-para-pymes\/","name":"Oficina Remota para PyMEs - DigitNow","isPartOf":{"@id":"https:\/\/digitnow.com.mx\/#website"},"primaryImageOfPage":{"@id":"https:\/\/digitnow.com.mx\/nuestros-paquetes\/oficina-movil-2\/oficina-remota-para-pymes\/#primaryimage"},"image":{"@id":"https:\/\/digitnow.com.mx\/nuestros-paquetes\/oficina-movil-2\/oficina-remota-para-pymes\/#primaryimage"},"thumbnailUrl":"https:\/\/digitnow.com.mx\/wp-content\/uploads\/escalabilidad.png","datePublished":"2024-07-25T19:56:52+00:00","dateModified":"2026-03-05T23:49:19+00:00","breadcrumb":{"@id":"https:\/\/digitnow.com.mx\/nuestros-paquetes\/oficina-movil-2\/oficina-remota-para-pymes\/#breadcrumb"},"inLanguage":"en-US","potentialAction":[{"@type":"ReadAction","target":["https:\/\/digitnow.com.mx\/nuestros-paquetes\/oficina-movil-2\/oficina-remota-para-pymes\/"]}]},{"@type":"ImageObject","inLanguage":"en-US","@id":"https:\/\/digitnow.com.mx\/nuestros-paquetes\/oficina-movil-2\/oficina-remota-para-pymes\/#primaryimage","url":"https:\/\/digitnow.com.mx\/wp-content\/uploads\/escalabilidad.png","contentUrl":"https:\/\/digitnow.com.mx\/wp-content\/uploads\/escalabilidad.png"},{"@type":"BreadcrumbList","@id":"https:\/\/digitnow.com.mx\/nuestros-paquetes\/oficina-movil-2\/oficina-remota-para-pymes\/#breadcrumb","itemListElement":[{"@type":"ListItem","position":1,"name":"Portada","item":"https:\/\/digitnow.com.mx\/es_mx\/"},{"@type":"ListItem","position":2,"name":"Conoce nuestros paquetes","item":"https:\/\/digitnow.com.mx\/nuestros-paquetes\/"},{"@type":"ListItem","position":3,"name":"Soluciones para Trabajo Remoto","item":"https:\/\/digitnow.com.mx\/es_mx\/nuestros-paquetes\/oficina-movil-2\/"},{"@type":"ListItem","position":4,"name":"Oficina Remota para PyMEs"}]},{"@type":"WebSite","@id":"https:\/\/digitnow.com.mx\/#website","url":"https:\/\/digitnow.com.mx\/","name":"Digitnow","description":"Soluciones en la nube para empresas","publisher":{"@id":"https:\/\/digitnow.com.mx\/#organization"},"potentialAction":[{"@type":"SearchAction","target":{"@type":"EntryPoint","urlTemplate":"https:\/\/digitnow.com.mx\/?s={search_term_string}"},"query-input":{"@type":"PropertyValueSpecification","valueRequired":true,"valueName":"search_term_string"}}],"inLanguage":"en-US"},{"@type":"Organization","@id":"https:\/\/digitnow.com.mx\/#organization","name":"Digitnow","url":"https:\/\/digitnow.com.mx\/","logo":{"@type":"ImageObject","inLanguage":"en-US","@id":"https:\/\/digitnow.com.mx\/#\/schema\/logo\/image\/","url":"https:\/\/digitnow.com.mx\/wp-content\/uploads\/logo-digitnow-323w.webp","contentUrl":"https:\/\/digitnow.com.mx\/wp-content\/uploads\/logo-digitnow-323w.webp","width":320,"height":68,"caption":"Digitnow"},"image":{"@id":"https:\/\/digitnow.com.mx\/#\/schema\/logo\/image\/"},"sameAs":["https:\/\/www.facebook.com\/DigitNowMexico","https:\/\/x.com\/DigitNowMexico","https:\/\/www.linkedin.com\/company\/digitnow\/","https:\/\/www.instagram.com\/digitnow_oficial\/","https:\/\/www.youtube.com\/channel\/UCojoUfDnSdhxh6_VWO1OMGQ"]}]}},"_hostinger_reach_plugin_has_subscription_block":false,"_hostinger_reach_plugin_is_elementor":false,"_links":{"self":[{"href":"https:\/\/digitnow.com.mx\/en\/wp-json\/wp\/v2\/pages\/1970","targetHints":{"allow":["GET"]}}],"collection":[{"href":"https:\/\/digitnow.com.mx\/en\/wp-json\/wp\/v2\/pages"}],"about":[{"href":"https:\/\/digitnow.com.mx\/en\/wp-json\/wp\/v2\/types\/page"}],"author":[{"embeddable":true,"href":"https:\/\/digitnow.com.mx\/en\/wp-json\/wp\/v2\/users\/4"}],"replies":[{"embeddable":true,"href":"https:\/\/digitnow.com.mx\/en\/wp-json\/wp\/v2\/comments?post=1970"}],"version-history":[{"count":22,"href":"https:\/\/digitnow.com.mx\/en\/wp-json\/wp\/v2\/pages\/1970\/revisions"}],"predecessor-version":[{"id":5669,"href":"https:\/\/digitnow.com.mx\/en\/wp-json\/wp\/v2\/pages\/1970\/revisions\/5669"}],"up":[{"embeddable":true,"href":"https:\/\/digitnow.com.mx\/en\/wp-json\/wp\/v2\/pages\/99"}],"wp:attachment":[{"href":"https:\/\/digitnow.com.mx\/en\/wp-json\/wp\/v2\/media?parent=1970"}],"curies":[{"name":"wp","href":"https:\/\/api.w.org\/{rel}","templated":true}]}}