{"id":4922,"date":"2025-02-07T17:09:33","date_gmt":"2025-02-07T23:09:33","guid":{"rendered":"https:\/\/digitnow.com.mx\/?page_id=4922"},"modified":"2025-02-17T11:25:53","modified_gmt":"2025-02-17T17:25:53","slug":"terminos-condiciones-referidos","status":"publish","type":"page","link":"https:\/\/digitnow.com.mx\/en\/terminos-condiciones-referidos\/","title":{"rendered":"T\u00e9rminos y Condiciones del Programa de Referidos"},"content":{"rendered":"<div data-elementor-type=\"wp-page\" data-elementor-id=\"4922\" class=\"elementor elementor-4922\" data-elementor-post-type=\"page\">\n\t\t\t\t<div class=\"elementor-element elementor-element-bd8a801 e-flex e-con-boxed e-con e-parent\" data-id=\"bd8a801\" data-element_type=\"container\" data-e-type=\"container\">\n\t\t\t\t\t<div class=\"e-con-inner\">\n\t\t\t\t<div class=\"elementor-element elementor-element-478dc55 elementor-widget elementor-widget-text-editor\" data-id=\"478dc55\" data-element_type=\"widget\" data-e-type=\"widget\" data-widget_type=\"text-editor.default\">\n\t\t\t\t<div class=\"elementor-widget-container\">\n\t\t\t\t\t\t\t\t\t<h1><strong>T\u00e9rminos y Condiciones del Programa de Referidos DigitNow<\/strong><\/h1><p><span class=\"lh-1 font-size-15\">DIGITNOW MEXICO, mejor conocido como DigitNow, con domicilio Blvd. Anillo Perif\u00e9rico Adolfo L\u00f3pez Mateos 4293, P3. Jardines en la monta\u00f1a, Tlalpan, CDMX 14210, pa\u00eds MEXICO, y portal de internet WWW.DIGITNOW.COM.MX, es el responsable del uso y protecci\u00f3n de sus datos personales. Detalles en:\u00a0https:\/\/digitnow.com.mx\/es_mx\/privacidad\/<\/span><\/p><p>El programa de referidos tendr\u00e1 un per\u00edodo de vigencia que comenzar\u00e1 el 17 de febrero de 2025 y finalizar\u00e1 el 30 de marzo de 2025. Transcurrido dicho per\u00edodo, la promoci\u00f3n perder\u00e1 validez y no podr\u00e1 ser utilizada bajo ninguna circunstancia<\/p><p>Bienvenido al Programa de Referidos de Digitnow. Al participar, aceptas los siguientes t\u00e9rminos y condiciones. Te recomendamos leerlos detenidamente antes de realizar cualquier referencia.<\/p><p><span class=\"lh-1 font-size-15\">\u00a0<\/span><span class=\"lh-1 font-size-15\">\u00a0<\/span><\/p><h4>1. Definiciones<\/h4><div><ul><li>Digitnow: Empresa responsable de la operaci\u00f3n del programa de referidos.<\/li><li>Referente: Cliente actual de Digitnow que recomienda nuestros servicios a un tercero.<\/li><li>Referido: Nueva empresa o emprendedor que contrata un servicio de Digitnow por recomendaci\u00f3n de un Referente.<\/li><li>Incentivo: Recompensa econ\u00f3mica otorgada al Referente por una referencia exitosa.<\/li><\/ul><h4>2. Requisitos para Participar<\/h4><ul><li>Para ser elegible en el programa de referidos, debes cumplir con los siguientes requisitos:<\/li><li>El Referido debe ser una empresa o emprendedor que no haya trabajado previamente con Digitnow.<\/li><li>La referencia debe realizarse a trav\u00e9s del formulario de referidos en nuestro sitio web o mediante contacto directo con un asesor de Digitnow compartiendo la misma informaci\u00f3n solicitada en el formulario de referidos.<\/li><li>El Referido debe completar su compra mediante el pago de su primera factura para que el Referente reciba su comisi\u00f3n.<\/li><\/ul><h4>3. Mecanismo del Programa<\/h4><ul><li>El Referente comparte Digitnow con empresas o emprendedores nuevos.<\/li><li>El Referido se registra a trav\u00e9s del formulario de referidos o con un asesor de Digitnow.<\/li><li>El Referido debe contratar y completar el pago del servicio.<\/li><li>Una vez confirmado el pago, el Referente recibe su comisi\u00f3n conforme a las tarifas vigentes mediante un monedero electr\u00f3nico.<\/li><\/ul><\/div><h4>4. Pago de Comisiones<\/h4><ul><li>La comisi\u00f3n se otorgar\u00e1 una vez que el pago del nuevo cliente sea verificado y confirmado.<\/li><li>Digitnow realizar\u00e1 el pago en un plazo de 5 d\u00edas h\u00e1biles tras el pago de la factura.<\/li><li>La forma de pago ser\u00e1 mediante monedero electr\u00f3nico para los referentes de Ciudad de M\u00e9xico y \u00e1rea Metropolitana. Para los referentes fuera del resto del pa\u00eds, el pago ser\u00e1 efectuado mediante transferencia electr\u00f3nica.<\/li><li>Digitnow se reserva el derecho de modificar el monto de las comisiones sin previo aviso.<\/li><\/ul><h4>5. Restricciones y Exclusiones<\/h4><ul><li>No se permitir\u00e1 referir clientes existentes de Digitnow.<\/li><li>No se otorgar\u00e1n comisiones si el pago del nuevo cliente es cancelado, reembolsado o no completado.<\/li><li>No se permite participaci\u00f3n con datos falsos o fraudulentos.<\/li><li>Digitnow se reserva el derecho de suspender o cancelar la participaci\u00f3n de cualquier usuario en caso de incumplimiento.<\/li><\/ul><h4>6. Modificaciones y Terminaci\u00f3n<\/h4><p>Digitnow podr\u00e1 modificar estos t\u00e9rminos y condiciones en cualquier momento sin previo aviso. Cualquier cambio ser\u00e1 publicado en nuestro sitio web. Asimismo, nos reservamos el derecho de suspender o finalizar el programa sin obligaci\u00f3n de compensaci\u00f3n alguna.<\/p><h4>7. Aceptaci\u00f3n de los T\u00e9rminos<\/h4><p>Al participar en el Programa de Referidos, confirmas que has le\u00eddo, comprendido y aceptado estos t\u00e9rminos y condiciones.<\/p><p>Para cualquier duda o consulta, cont\u00e1ctanos a contacto@digitnow.com.mx o visita nuestro sitio web en https:\/\/digitnow.com.mx\/es_mx\/contacto\/<\/p>\t\t\t\t\t\t\t\t<\/div>\n\t\t\t\t<\/div>\n\t\t\t\t\t<\/div>\n\t\t\t\t<\/div>\n\t\t\t\t<\/div>","protected":false},"excerpt":{"rendered":"<p>T\u00e9rminos y Condiciones del Programa de Referidos DigitNow DIGITNOW MEXICO, mejor conocido como DigitNow, con domicilio Blvd. Anillo Perif\u00e9rico Adolfo L\u00f3pez Mateos 4293, P3. Jardines en la monta\u00f1a, Tlalpan, CDMX 14210, pa\u00eds MEXICO, y portal de internet WWW.DIGITNOW.COM.MX, es el responsable del uso y protecci\u00f3n de sus datos personales. Detalles en:\u00a0https:\/\/digitnow.com.mx\/es_mx\/privacidad\/ El programa de referidos [&hellip;]<\/p>\n","protected":false},"author":3,"featured_media":0,"parent":0,"menu_order":0,"comment_status":"closed","ping_status":"closed","template":"","meta":{"inline_featured_image":false,"footnotes":""},"class_list":["post-4922","page","type-page","status-publish","hentry"],"yoast_head":"<!-- This site is optimized with the Yoast SEO plugin v27.3 - https:\/\/yoast.com\/product\/yoast-seo-wordpress\/ -->\n<title>T\u00e9rminos y Condiciones del Programa de Referidos - DigitNow<\/title>\n<meta name=\"robots\" content=\"index, follow, max-snippet:-1, max-image-preview:large, max-video-preview:-1\" \/>\n<link rel=\"canonical\" href=\"https:\/\/digitnow.com.mx\/en\/terminos-condiciones-referidos\/\" \/>\n<meta property=\"og:locale\" content=\"en_US\" \/>\n<meta property=\"og:type\" content=\"article\" \/>\n<meta property=\"og:title\" content=\"T\u00e9rminos y Condiciones del Programa de Referidos - DigitNow\" \/>\n<meta property=\"og:description\" content=\"T\u00e9rminos y Condiciones del Programa de Referidos DigitNow DIGITNOW MEXICO, mejor conocido como DigitNow, con domicilio Blvd. Anillo Perif\u00e9rico Adolfo L\u00f3pez Mateos 4293, P3. Jardines en la monta\u00f1a, Tlalpan, CDMX 14210, pa\u00eds MEXICO, y portal de internet WWW.DIGITNOW.COM.MX, es el responsable del uso y protecci\u00f3n de sus datos personales. Detalles en:\u00a0https:\/\/digitnow.com.mx\/es_mx\/privacidad\/ El programa de referidos [&hellip;]\" \/>\n<meta property=\"og:url\" content=\"https:\/\/digitnow.com.mx\/en\/terminos-condiciones-referidos\/\" \/>\n<meta property=\"og:site_name\" content=\"DigitNow\" \/>\n<meta property=\"article:publisher\" content=\"https:\/\/www.facebook.com\/DigitNowMexico\" \/>\n<meta property=\"article:modified_time\" content=\"2025-02-17T17:25:53+00:00\" \/>\n<meta property=\"og:image\" content=\"https:\/\/digitnow.com.mx\/wp-content\/uploads\/logocuadrado-e1736906358481.jpg\" \/>\n\t<meta property=\"og:image:width\" content=\"796\" \/>\n\t<meta property=\"og:image:height\" content=\"162\" \/>\n\t<meta property=\"og:image:type\" content=\"image\/jpeg\" \/>\n<meta name=\"twitter:card\" content=\"summary_large_image\" \/>\n<meta name=\"twitter:site\" content=\"@DigitNowMexico\" \/>\n<meta name=\"twitter:label1\" content=\"Est. reading time\" \/>\n\t<meta name=\"twitter:data1\" content=\"3 minutes\" \/>\n<script type=\"application\/ld+json\" class=\"yoast-schema-graph\">{\"@context\":\"https:\\\/\\\/schema.org\",\"@graph\":[{\"@type\":\"WebPage\",\"@id\":\"https:\\\/\\\/digitnow.com.mx\\\/terminos-condiciones-referidos\\\/\",\"url\":\"https:\\\/\\\/digitnow.com.mx\\\/terminos-condiciones-referidos\\\/\",\"name\":\"T\u00e9rminos y Condiciones del Programa de Referidos - DigitNow\",\"isPartOf\":{\"@id\":\"https:\\\/\\\/digitnow.com.mx\\\/#website\"},\"datePublished\":\"2025-02-07T23:09:33+00:00\",\"dateModified\":\"2025-02-17T17:25:53+00:00\",\"breadcrumb\":{\"@id\":\"https:\\\/\\\/digitnow.com.mx\\\/terminos-condiciones-referidos\\\/#breadcrumb\"},\"inLanguage\":\"en-US\",\"potentialAction\":[{\"@type\":\"ReadAction\",\"target\":[\"https:\\\/\\\/digitnow.com.mx\\\/terminos-condiciones-referidos\\\/\"]}]},{\"@type\":\"BreadcrumbList\",\"@id\":\"https:\\\/\\\/digitnow.com.mx\\\/terminos-condiciones-referidos\\\/#breadcrumb\",\"itemListElement\":[{\"@type\":\"ListItem\",\"position\":1,\"name\":\"Portada\",\"item\":\"https:\\\/\\\/digitnow.com.mx\\\/es_mx\\\/\"},{\"@type\":\"ListItem\",\"position\":2,\"name\":\"T\u00e9rminos y Condiciones del Programa de Referidos\"}]},{\"@type\":\"WebSite\",\"@id\":\"https:\\\/\\\/digitnow.com.mx\\\/#website\",\"url\":\"https:\\\/\\\/digitnow.com.mx\\\/\",\"name\":\"Digitnow\",\"description\":\"Soluciones en la nube para empresas\",\"publisher\":{\"@id\":\"https:\\\/\\\/digitnow.com.mx\\\/#organization\"},\"potentialAction\":[{\"@type\":\"SearchAction\",\"target\":{\"@type\":\"EntryPoint\",\"urlTemplate\":\"https:\\\/\\\/digitnow.com.mx\\\/?s={search_term_string}\"},\"query-input\":{\"@type\":\"PropertyValueSpecification\",\"valueRequired\":true,\"valueName\":\"search_term_string\"}}],\"inLanguage\":\"en-US\"},{\"@type\":\"Organization\",\"@id\":\"https:\\\/\\\/digitnow.com.mx\\\/#organization\",\"name\":\"Digitnow\",\"url\":\"https:\\\/\\\/digitnow.com.mx\\\/\",\"logo\":{\"@type\":\"ImageObject\",\"inLanguage\":\"en-US\",\"@id\":\"https:\\\/\\\/digitnow.com.mx\\\/#\\\/schema\\\/logo\\\/image\\\/\",\"url\":\"https:\\\/\\\/digitnow.com.mx\\\/wp-content\\\/uploads\\\/logo-digitnow-323w.webp\",\"contentUrl\":\"https:\\\/\\\/digitnow.com.mx\\\/wp-content\\\/uploads\\\/logo-digitnow-323w.webp\",\"width\":320,\"height\":68,\"caption\":\"Digitnow\"},\"image\":{\"@id\":\"https:\\\/\\\/digitnow.com.mx\\\/#\\\/schema\\\/logo\\\/image\\\/\"},\"sameAs\":[\"https:\\\/\\\/www.facebook.com\\\/DigitNowMexico\",\"https:\\\/\\\/x.com\\\/DigitNowMexico\",\"https:\\\/\\\/www.linkedin.com\\\/company\\\/digitnow\\\/\",\"https:\\\/\\\/www.instagram.com\\\/digitnow_oficial\\\/\",\"https:\\\/\\\/www.youtube.com\\\/channel\\\/UCojoUfDnSdhxh6_VWO1OMGQ\"]}]}<\/script>\n<!-- \/ Yoast SEO plugin. -->","yoast_head_json":{"title":"T\u00e9rminos y Condiciones del Programa de Referidos - DigitNow","robots":{"index":"index","follow":"follow","max-snippet":"max-snippet:-1","max-image-preview":"max-image-preview:large","max-video-preview":"max-video-preview:-1"},"canonical":"https:\/\/digitnow.com.mx\/en\/terminos-condiciones-referidos\/","og_locale":"en_US","og_type":"article","og_title":"T\u00e9rminos y Condiciones del Programa de Referidos - DigitNow","og_description":"T\u00e9rminos y Condiciones del Programa de Referidos DigitNow DIGITNOW MEXICO, mejor conocido como DigitNow, con domicilio Blvd. Anillo Perif\u00e9rico Adolfo L\u00f3pez Mateos 4293, P3. Jardines en la monta\u00f1a, Tlalpan, CDMX 14210, pa\u00eds MEXICO, y portal de internet WWW.DIGITNOW.COM.MX, es el responsable del uso y protecci\u00f3n de sus datos personales. Detalles en:\u00a0https:\/\/digitnow.com.mx\/es_mx\/privacidad\/ El programa de referidos [&hellip;]","og_url":"https:\/\/digitnow.com.mx\/en\/terminos-condiciones-referidos\/","og_site_name":"DigitNow","article_publisher":"https:\/\/www.facebook.com\/DigitNowMexico","article_modified_time":"2025-02-17T17:25:53+00:00","og_image":[{"width":796,"height":162,"url":"https:\/\/digitnow.com.mx\/wp-content\/uploads\/logocuadrado-e1736906358481.jpg","type":"image\/jpeg"}],"twitter_card":"summary_large_image","twitter_site":"@DigitNowMexico","twitter_misc":{"Est. reading time":"3 minutes"},"schema":{"@context":"https:\/\/schema.org","@graph":[{"@type":"WebPage","@id":"https:\/\/digitnow.com.mx\/terminos-condiciones-referidos\/","url":"https:\/\/digitnow.com.mx\/terminos-condiciones-referidos\/","name":"T\u00e9rminos y Condiciones del Programa de Referidos - DigitNow","isPartOf":{"@id":"https:\/\/digitnow.com.mx\/#website"},"datePublished":"2025-02-07T23:09:33+00:00","dateModified":"2025-02-17T17:25:53+00:00","breadcrumb":{"@id":"https:\/\/digitnow.com.mx\/terminos-condiciones-referidos\/#breadcrumb"},"inLanguage":"en-US","potentialAction":[{"@type":"ReadAction","target":["https:\/\/digitnow.com.mx\/terminos-condiciones-referidos\/"]}]},{"@type":"BreadcrumbList","@id":"https:\/\/digitnow.com.mx\/terminos-condiciones-referidos\/#breadcrumb","itemListElement":[{"@type":"ListItem","position":1,"name":"Portada","item":"https:\/\/digitnow.com.mx\/es_mx\/"},{"@type":"ListItem","position":2,"name":"T\u00e9rminos y Condiciones del Programa de Referidos"}]},{"@type":"WebSite","@id":"https:\/\/digitnow.com.mx\/#website","url":"https:\/\/digitnow.com.mx\/","name":"Digitnow","description":"Soluciones en la nube para empresas","publisher":{"@id":"https:\/\/digitnow.com.mx\/#organization"},"potentialAction":[{"@type":"SearchAction","target":{"@type":"EntryPoint","urlTemplate":"https:\/\/digitnow.com.mx\/?s={search_term_string}"},"query-input":{"@type":"PropertyValueSpecification","valueRequired":true,"valueName":"search_term_string"}}],"inLanguage":"en-US"},{"@type":"Organization","@id":"https:\/\/digitnow.com.mx\/#organization","name":"Digitnow","url":"https:\/\/digitnow.com.mx\/","logo":{"@type":"ImageObject","inLanguage":"en-US","@id":"https:\/\/digitnow.com.mx\/#\/schema\/logo\/image\/","url":"https:\/\/digitnow.com.mx\/wp-content\/uploads\/logo-digitnow-323w.webp","contentUrl":"https:\/\/digitnow.com.mx\/wp-content\/uploads\/logo-digitnow-323w.webp","width":320,"height":68,"caption":"Digitnow"},"image":{"@id":"https:\/\/digitnow.com.mx\/#\/schema\/logo\/image\/"},"sameAs":["https:\/\/www.facebook.com\/DigitNowMexico","https:\/\/x.com\/DigitNowMexico","https:\/\/www.linkedin.com\/company\/digitnow\/","https:\/\/www.instagram.com\/digitnow_oficial\/","https:\/\/www.youtube.com\/channel\/UCojoUfDnSdhxh6_VWO1OMGQ"]}]}},"_hostinger_reach_plugin_has_subscription_block":false,"_hostinger_reach_plugin_is_elementor":false,"_links":{"self":[{"href":"https:\/\/digitnow.com.mx\/en\/wp-json\/wp\/v2\/pages\/4922","targetHints":{"allow":["GET"]}}],"collection":[{"href":"https:\/\/digitnow.com.mx\/en\/wp-json\/wp\/v2\/pages"}],"about":[{"href":"https:\/\/digitnow.com.mx\/en\/wp-json\/wp\/v2\/types\/page"}],"author":[{"embeddable":true,"href":"https:\/\/digitnow.com.mx\/en\/wp-json\/wp\/v2\/users\/3"}],"replies":[{"embeddable":true,"href":"https:\/\/digitnow.com.mx\/en\/wp-json\/wp\/v2\/comments?post=4922"}],"version-history":[{"count":58,"href":"https:\/\/digitnow.com.mx\/en\/wp-json\/wp\/v2\/pages\/4922\/revisions"}],"predecessor-version":[{"id":5045,"href":"https:\/\/digitnow.com.mx\/en\/wp-json\/wp\/v2\/pages\/4922\/revisions\/5045"}],"wp:attachment":[{"href":"https:\/\/digitnow.com.mx\/en\/wp-json\/wp\/v2\/media?parent=4922"}],"curies":[{"name":"wp","href":"https:\/\/api.w.org\/{rel}","templated":true}]}}