{"id":86,"date":"2024-06-19T05:40:08","date_gmt":"2024-06-19T03:40:08","guid":{"rendered":"https:\/\/digitnow.com.mx\/?page_id=86"},"modified":"2024-08-19T15:23:41","modified_gmt":"2024-08-19T21:23:41","slug":"correo-empresarial","status":"publish","type":"page","link":"https:\/\/digitnow.com.mx\/en\/nuestros-paquetes\/correo-empresarial\/","title":{"rendered":"Business Email Services"},"content":{"rendered":"<div data-elementor-type=\"wp-page\" data-elementor-id=\"86\" class=\"elementor elementor-86\" data-elementor-post-type=\"page\">\n\t\t\t\t<div class=\"elementor-element elementor-element-4a2a31d2 e-flex e-con-boxed e-con e-parent\" data-id=\"4a2a31d2\" data-element_type=\"container\" data-e-type=\"container\">\n\t\t\t\t\t<div class=\"e-con-inner\">\n\t\t<div class=\"elementor-element elementor-element-19dd050f e-con-full e-flex e-con e-child\" data-id=\"19dd050f\" data-element_type=\"container\" data-e-type=\"container\">\n\t\t\t\t<div class=\"elementor-element elementor-element-52e6ef24 elementor-widget elementor-widget-heading\" data-id=\"52e6ef24\" data-element_type=\"widget\" data-e-type=\"widget\" data-widget_type=\"heading.default\">\n\t\t\t\t<div class=\"elementor-widget-container\">\n\t\t\t\t\t<h2 class=\"elementor-heading-title elementor-size-default\">Business Email<\/h2>\t\t\t\t<\/div>\n\t\t\t\t<\/div>\n\t\t\t\t<div class=\"elementor-element elementor-element-308da0a1 elementor-widget elementor-widget-image\" data-id=\"308da0a1\" data-element_type=\"widget\" data-e-type=\"widget\" data-widget_type=\"image.default\">\n\t\t\t\t<div class=\"elementor-widget-container\">\n\t\t\t\t\t\t\t\t\t\t\t\t\t\t\t<img fetchpriority=\"high\" decoding=\"async\" width=\"550\" height=\"251\" src=\"https:\/\/digitnow.com.mx\/wp-content\/uploads\/2024\/06\/silverpartner-6d2069f6-6982af26-1920w.png\" class=\"attachment-large size-large wp-image-431\" alt=\"\" srcset=\"https:\/\/digitnow.com.mx\/wp-content\/uploads\/2024\/06\/silverpartner-6d2069f6-6982af26-1920w.png 550w, https:\/\/digitnow.com.mx\/wp-content\/uploads\/2024\/06\/silverpartner-6d2069f6-6982af26-1920w-300x137.png 300w\" sizes=\"(max-width: 550px) 100vw, 550px\" \/>\t\t\t\t\t\t\t\t\t\t\t\t\t\t\t<\/div>\n\t\t\t\t<\/div>\n\t\t\t\t<\/div>\n\t\t<div class=\"elementor-element elementor-element-65a7d4e3 e-con-full e-flex e-con e-child\" data-id=\"65a7d4e3\" data-element_type=\"container\" data-e-type=\"container\">\n\t\t\t\t<div class=\"elementor-element elementor-element-570b81e elementor-align-center elementor-widget elementor-widget-lottie\" data-id=\"570b81e\" data-element_type=\"widget\" data-e-type=\"widget\" data-settings=\"{&quot;source_json&quot;:{&quot;url&quot;:&quot;https:\\\/\\\/digitnow.com.mx\\\/wp-content\\\/uploads\\\/2024\\\/06\\\/lf20_NtuZKU.json&quot;,&quot;id&quot;:1032,&quot;size&quot;:&quot;&quot;,&quot;alt&quot;:&quot;&quot;,&quot;source&quot;:&quot;library&quot;},&quot;source&quot;:&quot;media_file&quot;,&quot;caption_source&quot;:&quot;none&quot;,&quot;link_to&quot;:&quot;none&quot;,&quot;trigger&quot;:&quot;arriving_to_viewport&quot;,&quot;viewport&quot;:{&quot;unit&quot;:&quot;%&quot;,&quot;size&quot;:&quot;&quot;,&quot;sizes&quot;:{&quot;start&quot;:0,&quot;end&quot;:100}},&quot;play_speed&quot;:{&quot;unit&quot;:&quot;px&quot;,&quot;size&quot;:1,&quot;sizes&quot;:[]},&quot;start_point&quot;:{&quot;unit&quot;:&quot;%&quot;,&quot;size&quot;:0,&quot;sizes&quot;:[]},&quot;end_point&quot;:{&quot;unit&quot;:&quot;%&quot;,&quot;size&quot;:100,&quot;sizes&quot;:[]},&quot;renderer&quot;:&quot;svg&quot;}\" data-widget_type=\"lottie.default\">\n\t\t\t\t<div class=\"elementor-widget-container\">\n\t\t\t\t\t<div class=\"e-lottie__container\"><div class=\"e-lottie__animation\"><\/div><\/div>\t\t\t\t<\/div>\n\t\t\t\t<\/div>\n\t\t\t\t<\/div>\n\t\t\t\t\t<\/div>\n\t\t\t\t<\/div>\n\t\t<div class=\"elementor-element elementor-element-12901ab6 e-flex e-con-boxed e-con e-parent\" data-id=\"12901ab6\" data-element_type=\"container\" data-e-type=\"container\" data-settings=\"{&quot;background_background&quot;:&quot;classic&quot;}\">\n\t\t\t\t\t<div class=\"e-con-inner\">\n\t\t<div class=\"elementor-element elementor-element-12c8199a e-grid e-con-boxed e-con e-child\" data-id=\"12c8199a\" data-element_type=\"container\" data-e-type=\"container\">\n\t\t\t\t\t<div class=\"e-con-inner\">\n\t\t<div class=\"elementor-element elementor-element-570d2c2b e-flex e-con-boxed e-con e-child\" data-id=\"570d2c2b\" data-element_type=\"container\" data-e-type=\"container\" data-settings=\"{&quot;background_background&quot;:&quot;classic&quot;}\">\n\t\t\t\t\t<div class=\"e-con-inner\">\n\t\t\t\t<div class=\"elementor-element elementor-element-8637945 elementor-widget elementor-widget-image\" data-id=\"8637945\" data-element_type=\"widget\" data-e-type=\"widget\" data-widget_type=\"image.default\">\n\t\t\t\t<div class=\"elementor-widget-container\">\n\t\t\t\t\t\t\t\t\t\t\t\t\t\t\t<img decoding=\"async\" width=\"800\" height=\"800\" src=\"https:\/\/digitnow.com.mx\/wp-content\/uploads\/emprendedor-1-1024x1024.png\" class=\"attachment-large size-large wp-image-3700\" alt=\"\" srcset=\"https:\/\/digitnow.com.mx\/wp-content\/uploads\/emprendedor-1-1024x1024.png 1024w, https:\/\/digitnow.com.mx\/wp-content\/uploads\/emprendedor-1-300x300.png 300w, https:\/\/digitnow.com.mx\/wp-content\/uploads\/emprendedor-1-150x150.png 150w, https:\/\/digitnow.com.mx\/wp-content\/uploads\/emprendedor-1-768x768.png 768w, https:\/\/digitnow.com.mx\/wp-content\/uploads\/emprendedor-1-12x12.png 12w, https:\/\/digitnow.com.mx\/wp-content\/uploads\/emprendedor-1.png 1080w\" sizes=\"(max-width: 800px) 100vw, 800px\" \/>\t\t\t\t\t\t\t\t\t\t\t\t\t\t\t<\/div>\n\t\t\t\t<\/div>\n\t\t\t\t<div class=\"elementor-element elementor-element-3057fb4f elementor-widget elementor-widget-heading\" data-id=\"3057fb4f\" data-element_type=\"widget\" data-e-type=\"widget\" data-widget_type=\"heading.default\">\n\t\t\t\t<div class=\"elementor-widget-container\">\n\t\t\t\t\t<h2 class=\"elementor-heading-title elementor-size-default\">Entrepreneur<\/h2>\t\t\t\t<\/div>\n\t\t\t\t<\/div>\n\t\t\t\t<div class=\"elementor-element elementor-element-1ddeee42 elementor-widget elementor-widget-text-editor\" data-id=\"1ddeee42\" data-element_type=\"widget\" data-e-type=\"widget\" data-widget_type=\"text-editor.default\">\n\t\t\t\t<div class=\"elementor-widget-container\">\n\t\t\t\t\t\t\t\t\t<ul class=\"defaultList\"><li>2 GB mailbox.<\/li><li>Send messages up to 150 MB in Outlook.<\/li><\/ul><ul class=\"defaultList\"><li>Flexible, easy and secure web access.<\/li><\/ul><ul class=\"defaultList\"><li>IMAP\/POP Settings<\/li><\/ul>\t\t\t\t\t\t\t\t<\/div>\n\t\t\t\t<\/div>\n\t\t\t\t\t<\/div>\n\t\t\t\t<\/div>\n\t\t<div class=\"elementor-element elementor-element-cbd11de e-flex e-con-boxed e-con e-child\" data-id=\"cbd11de\" data-element_type=\"container\" data-e-type=\"container\" data-settings=\"{&quot;background_background&quot;:&quot;classic&quot;}\">\n\t\t\t\t\t<div class=\"e-con-inner\">\n\t\t\t\t<div class=\"elementor-element elementor-element-38c5ac3 elementor-widget elementor-widget-image\" data-id=\"38c5ac3\" data-element_type=\"widget\" data-e-type=\"widget\" data-widget_type=\"image.default\">\n\t\t\t\t<div class=\"elementor-widget-container\">\n\t\t\t\t\t\t\t\t\t\t\t\t\t\t\t<img decoding=\"async\" width=\"800\" height=\"800\" src=\"https:\/\/digitnow.com.mx\/wp-content\/uploads\/negocio-1024x1024.png\" class=\"attachment-large size-large wp-image-3701\" alt=\"\" srcset=\"https:\/\/digitnow.com.mx\/wp-content\/uploads\/negocio-1024x1024.png 1024w, https:\/\/digitnow.com.mx\/wp-content\/uploads\/negocio-300x300.png 300w, https:\/\/digitnow.com.mx\/wp-content\/uploads\/negocio-150x150.png 150w, https:\/\/digitnow.com.mx\/wp-content\/uploads\/negocio-768x768.png 768w, https:\/\/digitnow.com.mx\/wp-content\/uploads\/negocio-12x12.png 12w, https:\/\/digitnow.com.mx\/wp-content\/uploads\/negocio.png 1080w\" sizes=\"(max-width: 800px) 100vw, 800px\" \/>\t\t\t\t\t\t\t\t\t\t\t\t\t\t\t<\/div>\n\t\t\t\t<\/div>\n\t\t\t\t<div class=\"elementor-element elementor-element-3651f92 elementor-widget elementor-widget-heading\" data-id=\"3651f92\" data-element_type=\"widget\" data-e-type=\"widget\" data-widget_type=\"heading.default\">\n\t\t\t\t<div class=\"elementor-widget-container\">\n\t\t\t\t\t<h2 class=\"elementor-heading-title elementor-size-default\">Business<\/h2>\t\t\t\t<\/div>\n\t\t\t\t<\/div>\n\t\t\t\t<div class=\"elementor-element elementor-element-b9527dc elementor-widget elementor-widget-text-editor\" data-id=\"b9527dc\" data-element_type=\"widget\" data-e-type=\"widget\" data-widget_type=\"text-editor.default\">\n\t\t\t\t<div class=\"elementor-widget-container\">\n\t\t\t\t\t\t\t\t\t<ul class=\"defaultList\"><li>50 GB mailbox.<\/li><\/ul><ul class=\"defaultList\"><li>Messages up to 150 MB in Outlook.<\/li><\/ul><ul class=\"defaultList\"><li>Cloud calendar with easy and secure access compatible with any email application.<\/li><\/ul><ul class=\"defaultList\"><li>Effective and scheduled synchronization for devices.<\/li><\/ul><ul class=\"defaultList\"><li>Flexible, easy and secure web access.<\/li><\/ul><ul class=\"defaultList\"><li>Intuitive and accessible secure configuration.<\/li><\/ul><ul class=\"defaultList\"><li>Compatible with Outlook.<\/li><\/ul><ul class=\"defaultList\"><li>Shared mailboxes in cloud resources at no cost.<\/li><\/ul><ul class=\"defaultList\"><li>Antimalware and SPAM protection.<\/li><\/ul><ul class=\"defaultList\"><li>Unlimited email backup.<\/li><\/ul>\t\t\t\t\t\t\t\t<\/div>\n\t\t\t\t<\/div>\n\t\t\t\t\t<\/div>\n\t\t\t\t<\/div>\n\t\t<div class=\"elementor-element elementor-element-22ceedf0 e-flex e-con-boxed e-con e-child\" data-id=\"22ceedf0\" data-element_type=\"container\" data-e-type=\"container\" data-settings=\"{&quot;background_background&quot;:&quot;classic&quot;}\">\n\t\t\t\t\t<div class=\"e-con-inner\">\n\t\t\t\t<div class=\"elementor-element elementor-element-abf2811 elementor-widget elementor-widget-image\" data-id=\"abf2811\" data-element_type=\"widget\" data-e-type=\"widget\" data-widget_type=\"image.default\">\n\t\t\t\t<div class=\"elementor-widget-container\">\n\t\t\t\t\t\t\t\t\t\t\t\t\t\t\t<img loading=\"lazy\" decoding=\"async\" width=\"800\" height=\"800\" src=\"https:\/\/digitnow.com.mx\/wp-content\/uploads\/empresa-1024x1024.png\" class=\"attachment-large size-large wp-image-3702\" alt=\"\" srcset=\"https:\/\/digitnow.com.mx\/wp-content\/uploads\/empresa-1024x1024.png 1024w, https:\/\/digitnow.com.mx\/wp-content\/uploads\/empresa-300x300.png 300w, https:\/\/digitnow.com.mx\/wp-content\/uploads\/empresa-150x150.png 150w, https:\/\/digitnow.com.mx\/wp-content\/uploads\/empresa-768x768.png 768w, https:\/\/digitnow.com.mx\/wp-content\/uploads\/empresa-12x12.png 12w, https:\/\/digitnow.com.mx\/wp-content\/uploads\/empresa.png 1080w\" sizes=\"(max-width: 800px) 100vw, 800px\" \/>\t\t\t\t\t\t\t\t\t\t\t\t\t\t\t<\/div>\n\t\t\t\t<\/div>\n\t\t\t\t<div class=\"elementor-element elementor-element-1c8c2ff6 elementor-widget elementor-widget-heading\" data-id=\"1c8c2ff6\" data-element_type=\"widget\" data-e-type=\"widget\" data-widget_type=\"heading.default\">\n\t\t\t\t<div class=\"elementor-widget-container\">\n\t\t\t\t\t<h2 class=\"elementor-heading-title elementor-size-default\">Enterprise<\/h2>\t\t\t\t<\/div>\n\t\t\t\t<\/div>\n\t\t\t\t<div class=\"elementor-element elementor-element-e4f361b elementor-widget elementor-widget-text-editor\" data-id=\"e4f361b\" data-element_type=\"widget\" data-e-type=\"widget\" data-widget_type=\"text-editor.default\">\n\t\t\t\t<div class=\"elementor-widget-container\">\n\t\t\t\t\t\t\t\t\t<p><\/p>\n<ul>\n<li>100 GB mailbox.<\/li>\n<li>Unlimited cloud archiving.<\/li>\n<\/ul>\n<ul>\n<li>Messages up to 150 MB in Outlook.<\/li>\n<\/ul>\n<ul>\n<li style=\"font-size: 15px;\">Cloud calendar with easy and secure access compatible with any email application.<\/li>\n<\/ul>\n<ul>\n<li style=\"font-size: 15px;\">Effective and scheduled synchronization for devices.<\/li>\n<li style=\"font-size: 15px;\">Flexible, easy and secure web access.<\/li>\n<li style=\"font-size: 15px;\">Intuitive and accessible secure configuration.<\/li>\n<li>Compatible with Outlook.<\/li>\n<li>Free shared and resource mailboxes in the cloud.<\/li>\n<li>Anti-malware and SPAM protection. Data loss prevention (DLP) policies.<\/li>\n<li>Unlimited email backup.<\/li>\n<\/ul>\t\t\t\t\t\t\t\t<\/div>\n\t\t\t\t<\/div>\n\t\t\t\t\t<\/div>\n\t\t\t\t<\/div>\n\t\t\t\t\t<\/div>\n\t\t\t\t<\/div>\n\t\t\t\t\t<\/div>\n\t\t\t\t<\/div>\n\t\t<div class=\"elementor-element elementor-element-cc22d63 e-flex e-con-boxed e-con e-parent\" data-id=\"cc22d63\" data-element_type=\"container\" data-e-type=\"container\">\n\t\t\t\t\t<div class=\"e-con-inner\">\n\t\t\t\t<div class=\"elementor-element elementor-element-b36eded elementor-align-center elementor-widget elementor-widget-button\" data-id=\"b36eded\" data-element_type=\"widget\" data-e-type=\"widget\" data-widget_type=\"button.default\">\n\t\t\t\t<div class=\"elementor-widget-container\">\n\t\t\t\t\t\t\t\t\t<div class=\"elementor-button-wrapper\">\n\t\t\t\t\t<a class=\"elementor-button elementor-button-link elementor-size-sm\" href=\"https:\/\/digitnow.com.mx\/en\/contacto\/\">\n\t\t\t\t\t\t<span class=\"elementor-button-content-wrapper\">\n\t\t\t\t\t\t\t\t\t<span class=\"elementor-button-text\">Ask Now!<\/span>\n\t\t\t\t\t<\/span>\n\t\t\t\t\t<\/a>\n\t\t\t\t<\/div>\n\t\t\t\t\t\t\t\t<\/div>\n\t\t\t\t<\/div>\n\t\t\t\t\t<\/div>\n\t\t\t\t<\/div>\n\t\t\t\t<\/div>","protected":false},"excerpt":{"rendered":"<p>Correo Empresarial Emprendedor Buz\u00f3n de 2 GB. Env\u00eda mensajes de hasta 150 MB en Outlook. Acceso flexible, f\u00e1cil y seguro v\u00eda web. Configuraci\u00f3n IMAP\/POP Negocios Buz\u00f3n de 50 GB. Mensajes de hasta 150 MB en Outlook. Calendario en la nube con acceso f\u00e1cil y seguro compatible con cualquier aplicaci\u00f3n de correo electr\u00f3nico. Sincronizaci\u00f3n efectiva y [&hellip;]<\/p>\n","protected":false},"author":4,"featured_media":0,"parent":1645,"menu_order":0,"comment_status":"closed","ping_status":"closed","template":"","meta":{"inline_featured_image":false,"footnotes":""},"class_list":["post-86","page","type-page","status-publish","hentry"],"yoast_head":"<!-- This site is optimized with the Yoast SEO plugin v27.6 - https:\/\/yoast.com\/product\/yoast-seo-wordpress\/ -->\n<title>Servicios de Email Empresarial - DigitNow<\/title>\n<meta name=\"description\" content=\"Cotiza con nosotros un correo empresarial para tu organizaci\u00f3n somos socios Silver de Microsoft.\" \/>\n<meta name=\"robots\" content=\"index, follow, max-snippet:-1, max-image-preview:large, max-video-preview:-1\" \/>\n<link rel=\"canonical\" href=\"https:\/\/digitnow.com.mx\/en\/nuestros-paquetes\/correo-empresarial\/\" \/>\n<meta property=\"og:locale\" content=\"en_US\" \/>\n<meta property=\"og:type\" content=\"article\" \/>\n<meta property=\"og:title\" content=\"Servicios de Email Empresarial - DigitNow\" \/>\n<meta property=\"og:description\" content=\"Cotiza con nosotros un correo empresarial para tu organizaci\u00f3n somos socios Silver de Microsoft.\" \/>\n<meta property=\"og:url\" content=\"https:\/\/digitnow.com.mx\/en\/nuestros-paquetes\/correo-empresarial\/\" \/>\n<meta property=\"og:site_name\" content=\"DigitNow\" \/>\n<meta property=\"article:publisher\" content=\"https:\/\/www.facebook.com\/DigitNowMexico\" \/>\n<meta property=\"article:modified_time\" content=\"2024-08-19T21:23:41+00:00\" \/>\n<meta property=\"og:image\" content=\"https:\/\/digitnow.com.mx\/wp-content\/uploads\/2024\/06\/silverpartner-6d2069f6-6982af26-1920w.png\" \/>\n<meta name=\"twitter:card\" content=\"summary_large_image\" \/>\n<meta name=\"twitter:site\" content=\"@DigitNowMexico\" \/>\n<meta name=\"twitter:label1\" content=\"Est. reading time\" \/>\n\t<meta name=\"twitter:data1\" content=\"2 minutes\" \/>\n<script type=\"application\/ld+json\" class=\"yoast-schema-graph\">{\"@context\":\"https:\\\/\\\/schema.org\",\"@graph\":[{\"@type\":\"WebPage\",\"@id\":\"https:\\\/\\\/digitnow.com.mx\\\/nuestros-paquetes\\\/correo-empresarial\\\/\",\"url\":\"https:\\\/\\\/digitnow.com.mx\\\/nuestros-paquetes\\\/correo-empresarial\\\/\",\"name\":\"Servicios de Email Empresarial - DigitNow\",\"isPartOf\":{\"@id\":\"https:\\\/\\\/digitnow.com.mx\\\/#website\"},\"primaryImageOfPage\":{\"@id\":\"https:\\\/\\\/digitnow.com.mx\\\/nuestros-paquetes\\\/correo-empresarial\\\/#primaryimage\"},\"image\":{\"@id\":\"https:\\\/\\\/digitnow.com.mx\\\/nuestros-paquetes\\\/correo-empresarial\\\/#primaryimage\"},\"thumbnailUrl\":\"https:\\\/\\\/digitnow.com.mx\\\/wp-content\\\/uploads\\\/2024\\\/06\\\/silverpartner-6d2069f6-6982af26-1920w.png\",\"datePublished\":\"2024-06-19T03:40:08+00:00\",\"dateModified\":\"2024-08-19T21:23:41+00:00\",\"description\":\"Cotiza con nosotros un correo empresarial para tu organizaci\u00f3n somos socios Silver de Microsoft.\",\"breadcrumb\":{\"@id\":\"https:\\\/\\\/digitnow.com.mx\\\/nuestros-paquetes\\\/correo-empresarial\\\/#breadcrumb\"},\"inLanguage\":\"en-US\",\"potentialAction\":[{\"@type\":\"ReadAction\",\"target\":[\"https:\\\/\\\/digitnow.com.mx\\\/nuestros-paquetes\\\/correo-empresarial\\\/\"]}]},{\"@type\":\"ImageObject\",\"inLanguage\":\"en-US\",\"@id\":\"https:\\\/\\\/digitnow.com.mx\\\/nuestros-paquetes\\\/correo-empresarial\\\/#primaryimage\",\"url\":\"https:\\\/\\\/digitnow.com.mx\\\/wp-content\\\/uploads\\\/2024\\\/06\\\/silverpartner-6d2069f6-6982af26-1920w.png\",\"contentUrl\":\"https:\\\/\\\/digitnow.com.mx\\\/wp-content\\\/uploads\\\/2024\\\/06\\\/silverpartner-6d2069f6-6982af26-1920w.png\"},{\"@type\":\"BreadcrumbList\",\"@id\":\"https:\\\/\\\/digitnow.com.mx\\\/nuestros-paquetes\\\/correo-empresarial\\\/#breadcrumb\",\"itemListElement\":[{\"@type\":\"ListItem\",\"position\":1,\"name\":\"Portada\",\"item\":\"https:\\\/\\\/digitnow.com.mx\\\/es_mx\\\/\"},{\"@type\":\"ListItem\",\"position\":2,\"name\":\"Conoce nuestros paquetes\",\"item\":\"https:\\\/\\\/digitnow.com.mx\\\/nuestros-paquetes\\\/\"},{\"@type\":\"ListItem\",\"position\":3,\"name\":\"Servicios de Email Empresarial\"}]},{\"@type\":\"WebSite\",\"@id\":\"https:\\\/\\\/digitnow.com.mx\\\/#website\",\"url\":\"https:\\\/\\\/digitnow.com.mx\\\/\",\"name\":\"Digitnow\",\"description\":\"Soluciones en la nube para empresas\",\"publisher\":{\"@id\":\"https:\\\/\\\/digitnow.com.mx\\\/#organization\"},\"potentialAction\":[{\"@type\":\"SearchAction\",\"target\":{\"@type\":\"EntryPoint\",\"urlTemplate\":\"https:\\\/\\\/digitnow.com.mx\\\/?s={search_term_string}\"},\"query-input\":{\"@type\":\"PropertyValueSpecification\",\"valueRequired\":true,\"valueName\":\"search_term_string\"}}],\"inLanguage\":\"en-US\"},{\"@type\":\"Organization\",\"@id\":\"https:\\\/\\\/digitnow.com.mx\\\/#organization\",\"name\":\"Digitnow\",\"url\":\"https:\\\/\\\/digitnow.com.mx\\\/\",\"logo\":{\"@type\":\"ImageObject\",\"inLanguage\":\"en-US\",\"@id\":\"https:\\\/\\\/digitnow.com.mx\\\/#\\\/schema\\\/logo\\\/image\\\/\",\"url\":\"https:\\\/\\\/digitnow.com.mx\\\/wp-content\\\/uploads\\\/logo-digitnow-323w.webp\",\"contentUrl\":\"https:\\\/\\\/digitnow.com.mx\\\/wp-content\\\/uploads\\\/logo-digitnow-323w.webp\",\"width\":320,\"height\":68,\"caption\":\"Digitnow\"},\"image\":{\"@id\":\"https:\\\/\\\/digitnow.com.mx\\\/#\\\/schema\\\/logo\\\/image\\\/\"},\"sameAs\":[\"https:\\\/\\\/www.facebook.com\\\/DigitNowMexico\",\"https:\\\/\\\/x.com\\\/DigitNowMexico\",\"https:\\\/\\\/www.linkedin.com\\\/company\\\/digitnow\\\/\",\"https:\\\/\\\/www.instagram.com\\\/digitnow_oficial\\\/\",\"https:\\\/\\\/www.youtube.com\\\/channel\\\/UCojoUfDnSdhxh6_VWO1OMGQ\"]}]}<\/script>\n<!-- \/ Yoast SEO plugin. -->","yoast_head_json":{"title":"Servicios de Email Empresarial - DigitNow","description":"Cotiza con nosotros un correo empresarial para tu organizaci\u00f3n somos socios Silver de Microsoft.","robots":{"index":"index","follow":"follow","max-snippet":"max-snippet:-1","max-image-preview":"max-image-preview:large","max-video-preview":"max-video-preview:-1"},"canonical":"https:\/\/digitnow.com.mx\/en\/nuestros-paquetes\/correo-empresarial\/","og_locale":"en_US","og_type":"article","og_title":"Servicios de Email Empresarial - DigitNow","og_description":"Cotiza con nosotros un correo empresarial para tu organizaci\u00f3n somos socios Silver de Microsoft.","og_url":"https:\/\/digitnow.com.mx\/en\/nuestros-paquetes\/correo-empresarial\/","og_site_name":"DigitNow","article_publisher":"https:\/\/www.facebook.com\/DigitNowMexico","article_modified_time":"2024-08-19T21:23:41+00:00","og_image":[{"url":"https:\/\/digitnow.com.mx\/wp-content\/uploads\/2024\/06\/silverpartner-6d2069f6-6982af26-1920w.png","type":"","width":"","height":""}],"twitter_card":"summary_large_image","twitter_site":"@DigitNowMexico","twitter_misc":{"Est. reading time":"2 minutes"},"schema":{"@context":"https:\/\/schema.org","@graph":[{"@type":"WebPage","@id":"https:\/\/digitnow.com.mx\/nuestros-paquetes\/correo-empresarial\/","url":"https:\/\/digitnow.com.mx\/nuestros-paquetes\/correo-empresarial\/","name":"Servicios de Email Empresarial - DigitNow","isPartOf":{"@id":"https:\/\/digitnow.com.mx\/#website"},"primaryImageOfPage":{"@id":"https:\/\/digitnow.com.mx\/nuestros-paquetes\/correo-empresarial\/#primaryimage"},"image":{"@id":"https:\/\/digitnow.com.mx\/nuestros-paquetes\/correo-empresarial\/#primaryimage"},"thumbnailUrl":"https:\/\/digitnow.com.mx\/wp-content\/uploads\/2024\/06\/silverpartner-6d2069f6-6982af26-1920w.png","datePublished":"2024-06-19T03:40:08+00:00","dateModified":"2024-08-19T21:23:41+00:00","description":"Cotiza con nosotros un correo empresarial para tu organizaci\u00f3n somos socios Silver de Microsoft.","breadcrumb":{"@id":"https:\/\/digitnow.com.mx\/nuestros-paquetes\/correo-empresarial\/#breadcrumb"},"inLanguage":"en-US","potentialAction":[{"@type":"ReadAction","target":["https:\/\/digitnow.com.mx\/nuestros-paquetes\/correo-empresarial\/"]}]},{"@type":"ImageObject","inLanguage":"en-US","@id":"https:\/\/digitnow.com.mx\/nuestros-paquetes\/correo-empresarial\/#primaryimage","url":"https:\/\/digitnow.com.mx\/wp-content\/uploads\/2024\/06\/silverpartner-6d2069f6-6982af26-1920w.png","contentUrl":"https:\/\/digitnow.com.mx\/wp-content\/uploads\/2024\/06\/silverpartner-6d2069f6-6982af26-1920w.png"},{"@type":"BreadcrumbList","@id":"https:\/\/digitnow.com.mx\/nuestros-paquetes\/correo-empresarial\/#breadcrumb","itemListElement":[{"@type":"ListItem","position":1,"name":"Portada","item":"https:\/\/digitnow.com.mx\/es_mx\/"},{"@type":"ListItem","position":2,"name":"Conoce nuestros paquetes","item":"https:\/\/digitnow.com.mx\/nuestros-paquetes\/"},{"@type":"ListItem","position":3,"name":"Servicios de Email Empresarial"}]},{"@type":"WebSite","@id":"https:\/\/digitnow.com.mx\/#website","url":"https:\/\/digitnow.com.mx\/","name":"Digitnow","description":"Soluciones en la nube para empresas","publisher":{"@id":"https:\/\/digitnow.com.mx\/#organization"},"potentialAction":[{"@type":"SearchAction","target":{"@type":"EntryPoint","urlTemplate":"https:\/\/digitnow.com.mx\/?s={search_term_string}"},"query-input":{"@type":"PropertyValueSpecification","valueRequired":true,"valueName":"search_term_string"}}],"inLanguage":"en-US"},{"@type":"Organization","@id":"https:\/\/digitnow.com.mx\/#organization","name":"Digitnow","url":"https:\/\/digitnow.com.mx\/","logo":{"@type":"ImageObject","inLanguage":"en-US","@id":"https:\/\/digitnow.com.mx\/#\/schema\/logo\/image\/","url":"https:\/\/digitnow.com.mx\/wp-content\/uploads\/logo-digitnow-323w.webp","contentUrl":"https:\/\/digitnow.com.mx\/wp-content\/uploads\/logo-digitnow-323w.webp","width":320,"height":68,"caption":"Digitnow"},"image":{"@id":"https:\/\/digitnow.com.mx\/#\/schema\/logo\/image\/"},"sameAs":["https:\/\/www.facebook.com\/DigitNowMexico","https:\/\/x.com\/DigitNowMexico","https:\/\/www.linkedin.com\/company\/digitnow\/","https:\/\/www.instagram.com\/digitnow_oficial\/","https:\/\/www.youtube.com\/channel\/UCojoUfDnSdhxh6_VWO1OMGQ"]}]}},"_hostinger_reach_plugin_has_subscription_block":false,"_hostinger_reach_plugin_is_elementor":false,"_links":{"self":[{"href":"https:\/\/digitnow.com.mx\/en\/wp-json\/wp\/v2\/pages\/86","targetHints":{"allow":["GET"]}}],"collection":[{"href":"https:\/\/digitnow.com.mx\/en\/wp-json\/wp\/v2\/pages"}],"about":[{"href":"https:\/\/digitnow.com.mx\/en\/wp-json\/wp\/v2\/types\/page"}],"author":[{"embeddable":true,"href":"https:\/\/digitnow.com.mx\/en\/wp-json\/wp\/v2\/users\/4"}],"replies":[{"embeddable":true,"href":"https:\/\/digitnow.com.mx\/en\/wp-json\/wp\/v2\/comments?post=86"}],"version-history":[{"count":51,"href":"https:\/\/digitnow.com.mx\/en\/wp-json\/wp\/v2\/pages\/86\/revisions"}],"predecessor-version":[{"id":4127,"href":"https:\/\/digitnow.com.mx\/en\/wp-json\/wp\/v2\/pages\/86\/revisions\/4127"}],"up":[{"embeddable":true,"href":"https:\/\/digitnow.com.mx\/en\/wp-json\/wp\/v2\/pages\/1645"}],"wp:attachment":[{"href":"https:\/\/digitnow.com.mx\/en\/wp-json\/wp\/v2\/media?parent=86"}],"curies":[{"name":"wp","href":"https:\/\/api.w.org\/{rel}","templated":true}]}}