{"id":113,"date":"2024-06-19T05:54:10","date_gmt":"2024-06-19T03:54:10","guid":{"rendered":"https:\/\/digitnow.com.mx\/?page_id=113"},"modified":"2024-08-19T15:32:36","modified_gmt":"2024-08-19T21:32:36","slug":"respaldo-online","status":"publish","type":"page","link":"https:\/\/digitnow.com.mx\/es_mx\/nuestros-paquetes\/respaldo-online\/","title":{"rendered":"Respaldo Seguro en la Nube"},"content":{"rendered":"\t\t<div data-elementor-type=\"wp-page\" data-elementor-id=\"113\" class=\"elementor elementor-113\" data-elementor-post-type=\"page\">\n\t\t\t\t<div class=\"elementor-element elementor-element-6a1fcea e-flex e-con-boxed e-con e-parent\" data-id=\"6a1fcea\" data-element_type=\"container\" data-e-type=\"container\">\n\t\t\t\t\t<div class=\"e-con-inner\">\n\t\t<div class=\"elementor-element elementor-element-7c650c9f e-con-full e-flex e-con e-child\" data-id=\"7c650c9f\" data-element_type=\"container\" data-e-type=\"container\">\n\t\t\t\t<div class=\"elementor-element elementor-element-2aafff97 elementor-widget elementor-widget-heading\" data-id=\"2aafff97\" data-element_type=\"widget\" data-e-type=\"widget\" data-widget_type=\"heading.default\">\n\t\t\t\t<div class=\"elementor-widget-container\">\n\t\t\t\t\t<h2 class=\"elementor-heading-title elementor-size-default\">Respaldo Online<\/h2>\t\t\t\t<\/div>\n\t\t\t\t<\/div>\n\t\t\t\t<\/div>\n\t\t<div class=\"elementor-element elementor-element-140d95b0 e-con-full e-flex e-con e-child\" data-id=\"140d95b0\" data-element_type=\"container\" data-e-type=\"container\">\n\t\t\t\t<div class=\"elementor-element elementor-element-02daa12 elementor-align-center elementor-widget elementor-widget-lottie\" data-id=\"02daa12\" data-element_type=\"widget\" data-e-type=\"widget\" data-settings=\"{&quot;source_json&quot;:{&quot;url&quot;:&quot;https:\\\/\\\/digitnow.com.mx\\\/wp-content\\\/uploads\\\/2024\\\/06\\\/lf20_qv9hdeyy.json&quot;,&quot;id&quot;:1036,&quot;size&quot;:&quot;&quot;,&quot;alt&quot;:&quot;&quot;,&quot;source&quot;:&quot;library&quot;},&quot;source&quot;:&quot;media_file&quot;,&quot;caption_source&quot;:&quot;none&quot;,&quot;link_to&quot;:&quot;none&quot;,&quot;trigger&quot;:&quot;arriving_to_viewport&quot;,&quot;viewport&quot;:{&quot;unit&quot;:&quot;%&quot;,&quot;size&quot;:&quot;&quot;,&quot;sizes&quot;:{&quot;start&quot;:0,&quot;end&quot;:100}},&quot;play_speed&quot;:{&quot;unit&quot;:&quot;px&quot;,&quot;size&quot;:1,&quot;sizes&quot;:[]},&quot;start_point&quot;:{&quot;unit&quot;:&quot;%&quot;,&quot;size&quot;:0,&quot;sizes&quot;:[]},&quot;end_point&quot;:{&quot;unit&quot;:&quot;%&quot;,&quot;size&quot;:100,&quot;sizes&quot;:[]},&quot;renderer&quot;:&quot;svg&quot;}\" data-widget_type=\"lottie.default\">\n\t\t\t\t<div class=\"elementor-widget-container\">\n\t\t\t\t\t<div class=\"e-lottie__container\"><div class=\"e-lottie__animation\"><\/div><\/div>\t\t\t\t<\/div>\n\t\t\t\t<\/div>\n\t\t\t\t<\/div>\n\t\t\t\t\t<\/div>\n\t\t\t\t<\/div>\n\t\t<div class=\"elementor-element elementor-element-1ec0eba0 e-flex e-con-boxed e-con e-parent\" data-id=\"1ec0eba0\" data-element_type=\"container\" data-e-type=\"container\" data-settings=\"{&quot;background_background&quot;:&quot;classic&quot;}\">\n\t\t\t\t\t<div class=\"e-con-inner\">\n\t\t<div class=\"elementor-element elementor-element-558cecd6 e-grid e-con-boxed e-con e-child\" data-id=\"558cecd6\" data-element_type=\"container\" data-e-type=\"container\">\n\t\t\t\t\t<div class=\"e-con-inner\">\n\t\t<div class=\"elementor-element elementor-element-7466ef00 e-flex e-con-boxed e-con e-child\" data-id=\"7466ef00\" data-element_type=\"container\" data-e-type=\"container\" data-settings=\"{&quot;background_background&quot;:&quot;classic&quot;}\">\n\t\t\t\t\t<div class=\"e-con-inner\">\n\t\t\t\t<div class=\"elementor-element elementor-element-10dc0f1 elementor-widget elementor-widget-image\" data-id=\"10dc0f1\" data-element_type=\"widget\" data-e-type=\"widget\" data-widget_type=\"image.default\">\n\t\t\t\t<div class=\"elementor-widget-container\">\n\t\t\t\t\t\t\t\t\t\t\t\t\t\t\t<img fetchpriority=\"high\" decoding=\"async\" width=\"800\" height=\"800\" src=\"https:\/\/digitnow.com.mx\/wp-content\/uploads\/emprendedor-1-1024x1024.png\" class=\"attachment-large size-large wp-image-3700\" alt=\"\" srcset=\"https:\/\/digitnow.com.mx\/wp-content\/uploads\/emprendedor-1-1024x1024.png 1024w, https:\/\/digitnow.com.mx\/wp-content\/uploads\/emprendedor-1-300x300.png 300w, https:\/\/digitnow.com.mx\/wp-content\/uploads\/emprendedor-1-150x150.png 150w, https:\/\/digitnow.com.mx\/wp-content\/uploads\/emprendedor-1-768x768.png 768w, https:\/\/digitnow.com.mx\/wp-content\/uploads\/emprendedor-1-12x12.png 12w, https:\/\/digitnow.com.mx\/wp-content\/uploads\/emprendedor-1.png 1080w\" sizes=\"(max-width: 800px) 100vw, 800px\" \/>\t\t\t\t\t\t\t\t\t\t\t\t\t\t\t<\/div>\n\t\t\t\t<\/div>\n\t\t\t\t<div class=\"elementor-element elementor-element-4c596555 elementor-widget elementor-widget-heading\" data-id=\"4c596555\" data-element_type=\"widget\" data-e-type=\"widget\" data-widget_type=\"heading.default\">\n\t\t\t\t<div class=\"elementor-widget-container\">\n\t\t\t\t\t<h2 class=\"elementor-heading-title elementor-size-default\">Emprendedor<\/h2>\t\t\t\t<\/div>\n\t\t\t\t<\/div>\n\t\t\t\t<div class=\"elementor-element elementor-element-16b0cf97 elementor-widget elementor-widget-text-editor\" data-id=\"16b0cf97\" data-element_type=\"widget\" data-e-type=\"widget\" data-widget_type=\"text-editor.default\">\n\t\t\t\t<div class=\"elementor-widget-container\">\n\t\t\t\t\t\t\t\t\t<ul class=\"defaultList\"><li>Respaldo mensual de 1 TB.<\/li><li>Protecci\u00f3n Reactiva contra Ransomware.<\/li><\/ul><ul class=\"defaultList\"><li>Recupere f\u00e1cil y r\u00e1pido sus datos en segundos.<\/li><\/ul><ul class=\"defaultList\"><li>Respaldo en la nube.<\/li><\/ul><ul class=\"defaultList\"><li>Respaldo multiplataforma.<\/li><\/ul><ul class=\"defaultList\"><li>Respaldo en Servidores Windows, base de datos, computadoras y tel\u00e9fonos m\u00f3viles.<\/li><\/ul><ul class=\"defaultList\"><li>Plataforma en ingl\u00e9s y espa\u00f1ol.<\/li><\/ul>\t\t\t\t\t\t\t\t<\/div>\n\t\t\t\t<\/div>\n\t\t\t\t\t<\/div>\n\t\t\t\t<\/div>\n\t\t<div class=\"elementor-element elementor-element-1acb5ece e-flex e-con-boxed e-con e-child\" data-id=\"1acb5ece\" data-element_type=\"container\" data-e-type=\"container\" data-settings=\"{&quot;background_background&quot;:&quot;classic&quot;}\">\n\t\t\t\t\t<div class=\"e-con-inner\">\n\t\t\t\t<div class=\"elementor-element elementor-element-cf540cb elementor-widget elementor-widget-image\" data-id=\"cf540cb\" data-element_type=\"widget\" data-e-type=\"widget\" data-widget_type=\"image.default\">\n\t\t\t\t<div class=\"elementor-widget-container\">\n\t\t\t\t\t\t\t\t\t\t\t\t\t\t\t<img decoding=\"async\" width=\"800\" height=\"800\" src=\"https:\/\/digitnow.com.mx\/wp-content\/uploads\/negocio-1024x1024.png\" class=\"attachment-large size-large wp-image-3701\" alt=\"\" srcset=\"https:\/\/digitnow.com.mx\/wp-content\/uploads\/negocio-1024x1024.png 1024w, https:\/\/digitnow.com.mx\/wp-content\/uploads\/negocio-300x300.png 300w, https:\/\/digitnow.com.mx\/wp-content\/uploads\/negocio-150x150.png 150w, https:\/\/digitnow.com.mx\/wp-content\/uploads\/negocio-768x768.png 768w, https:\/\/digitnow.com.mx\/wp-content\/uploads\/negocio-12x12.png 12w, https:\/\/digitnow.com.mx\/wp-content\/uploads\/negocio.png 1080w\" sizes=\"(max-width: 800px) 100vw, 800px\" \/>\t\t\t\t\t\t\t\t\t\t\t\t\t\t\t<\/div>\n\t\t\t\t<\/div>\n\t\t\t\t<div class=\"elementor-element elementor-element-59747ce3 elementor-widget elementor-widget-heading\" data-id=\"59747ce3\" data-element_type=\"widget\" data-e-type=\"widget\" data-widget_type=\"heading.default\">\n\t\t\t\t<div class=\"elementor-widget-container\">\n\t\t\t\t\t<h2 class=\"elementor-heading-title elementor-size-default\">Negocios<\/h2>\t\t\t\t<\/div>\n\t\t\t\t<\/div>\n\t\t\t\t<div class=\"elementor-element elementor-element-2c069ee elementor-widget elementor-widget-text-editor\" data-id=\"2c069ee\" data-element_type=\"widget\" data-e-type=\"widget\" data-widget_type=\"text-editor.default\">\n\t\t\t\t<div class=\"elementor-widget-container\">\n\t\t\t\t\t\t\t\t\t<ul class=\"defaultList\"><li>Respaldo mensual de 3 TB.<\/li><li>Protecci\u00f3n Reactiva contra Ransomware.<\/li><\/ul><ul class=\"defaultList\"><li>Recupere f\u00e1cil y r\u00e1pido sus datos en segundos.<\/li><\/ul><ul class=\"defaultList\"><li>Respaldo en la nube.<\/li><\/ul><ul class=\"defaultList\"><li>Respaldo multiplataforma.<\/li><\/ul><ul class=\"defaultList\"><li>Respaldo en Servidores Windows, base de datos, computadoras y tel\u00e9fonos m\u00f3viles.<\/li><\/ul><ul class=\"defaultList\"><li>Plataforma en ingl\u00e9s y espa\u00f1ol.<\/li><\/ul>\t\t\t\t\t\t\t\t<\/div>\n\t\t\t\t<\/div>\n\t\t\t\t\t<\/div>\n\t\t\t\t<\/div>\n\t\t<div class=\"elementor-element elementor-element-3576e24c e-flex e-con-boxed e-con e-child\" data-id=\"3576e24c\" data-element_type=\"container\" data-e-type=\"container\" data-settings=\"{&quot;background_background&quot;:&quot;classic&quot;}\">\n\t\t\t\t\t<div class=\"e-con-inner\">\n\t\t\t\t<div class=\"elementor-element elementor-element-e3f51fd elementor-widget elementor-widget-image\" data-id=\"e3f51fd\" data-element_type=\"widget\" data-e-type=\"widget\" data-widget_type=\"image.default\">\n\t\t\t\t<div class=\"elementor-widget-container\">\n\t\t\t\t\t\t\t\t\t\t\t\t\t\t\t<img decoding=\"async\" width=\"800\" height=\"800\" src=\"https:\/\/digitnow.com.mx\/wp-content\/uploads\/empresa-1024x1024.png\" class=\"attachment-large size-large wp-image-3702\" alt=\"\" srcset=\"https:\/\/digitnow.com.mx\/wp-content\/uploads\/empresa-1024x1024.png 1024w, https:\/\/digitnow.com.mx\/wp-content\/uploads\/empresa-300x300.png 300w, https:\/\/digitnow.com.mx\/wp-content\/uploads\/empresa-150x150.png 150w, https:\/\/digitnow.com.mx\/wp-content\/uploads\/empresa-768x768.png 768w, https:\/\/digitnow.com.mx\/wp-content\/uploads\/empresa-12x12.png 12w, https:\/\/digitnow.com.mx\/wp-content\/uploads\/empresa.png 1080w\" sizes=\"(max-width: 800px) 100vw, 800px\" \/>\t\t\t\t\t\t\t\t\t\t\t\t\t\t\t<\/div>\n\t\t\t\t<\/div>\n\t\t\t\t<div class=\"elementor-element elementor-element-7329e716 elementor-widget elementor-widget-heading\" data-id=\"7329e716\" data-element_type=\"widget\" data-e-type=\"widget\" data-widget_type=\"heading.default\">\n\t\t\t\t<div class=\"elementor-widget-container\">\n\t\t\t\t\t<h2 class=\"elementor-heading-title elementor-size-default\">Empresas<\/h2>\t\t\t\t<\/div>\n\t\t\t\t<\/div>\n\t\t\t\t<div class=\"elementor-element elementor-element-0773fa9 elementor-widget elementor-widget-text-editor\" data-id=\"0773fa9\" data-element_type=\"widget\" data-e-type=\"widget\" data-widget_type=\"text-editor.default\">\n\t\t\t\t<div class=\"elementor-widget-container\">\n\t\t\t\t\t\t\t\t\t<ul class=\"defaultList\">\n<li>Respaldo mensual de 7 TB.\n<\/li>\n<li>Protecci\u00f3n Reactiva contra Ransomware.<\/li>\n<\/ul>\n<ul class=\"defaultList\">\n<li>Recupere f\u00e1cil y r\u00e1pido sus datos en segundos.\n<\/li>\n<\/ul>\n<ul class=\"defaultList\">\n<li>Respaldo en la nube.\n<\/li>\n<\/ul>\n<ul class=\"defaultList\">\n<li>Respaldo multiplataforma.\n<\/li>\n<\/ul>\n<ul class=\"defaultList\">\n<li>Respaldo en Servidores Windows, base de datos, computadoras y tel\u00e9fonos m\u00f3viles.\n<\/li>\n<\/ul>\n<ul class=\"defaultList\">\n<li>Plataforma en ingl\u00e9s y espa\u00f1ol.<\/li>\n<\/ul>\t\t\t\t\t\t\t\t<\/div>\n\t\t\t\t<\/div>\n\t\t\t\t\t<\/div>\n\t\t\t\t<\/div>\n\t\t\t\t\t<\/div>\n\t\t\t\t<\/div>\n\t\t\t\t\t<\/div>\n\t\t\t\t<\/div>\n\t\t<div class=\"elementor-element elementor-element-4cac193 e-flex e-con-boxed e-con e-parent\" data-id=\"4cac193\" data-element_type=\"container\" data-e-type=\"container\">\n\t\t\t\t\t<div class=\"e-con-inner\">\n\t\t\t\t<div class=\"elementor-element elementor-element-920323f elementor-align-center elementor-widget elementor-widget-button\" data-id=\"920323f\" data-element_type=\"widget\" data-e-type=\"widget\" data-widget_type=\"button.default\">\n\t\t\t\t<div class=\"elementor-widget-container\">\n\t\t\t\t\t\t\t\t\t<div class=\"elementor-button-wrapper\">\n\t\t\t\t\t<a class=\"elementor-button elementor-button-link elementor-size-sm\" href=\"https:\/\/digitnow.com.mx\/es_mx\/contacto\/\">\n\t\t\t\t\t\t<span class=\"elementor-button-content-wrapper\">\n\t\t\t\t\t\t\t\t\t<span class=\"elementor-button-text\">Preguntar Ahora<\/span>\n\t\t\t\t\t<\/span>\n\t\t\t\t\t<\/a>\n\t\t\t\t<\/div>\n\t\t\t\t\t\t\t\t<\/div>\n\t\t\t\t<\/div>\n\t\t\t\t\t<\/div>\n\t\t\t\t<\/div>\n\t\t\t\t<\/div>\n\t\t","protected":false},"excerpt":{"rendered":"<p>Respaldo Online Emprendedor Respaldo mensual de 1 TB. Protecci\u00f3n Reactiva contra Ransomware. Recupere f\u00e1cil y r\u00e1pido sus datos en segundos. Respaldo en la nube. Respaldo multiplataforma. Respaldo en Servidores Windows, base de datos, computadoras y tel\u00e9fonos m\u00f3viles. Plataforma en ingl\u00e9s y espa\u00f1ol. Negocios Respaldo mensual de 3 TB. Protecci\u00f3n Reactiva contra Ransomware. Recupere f\u00e1cil y [&hellip;]<\/p>\n","protected":false},"author":4,"featured_media":0,"parent":1645,"menu_order":0,"comment_status":"closed","ping_status":"closed","template":"","meta":{"inline_featured_image":false,"footnotes":""},"class_list":["post-113","page","type-page","status-publish","hentry"],"yoast_head":"<!-- This site is optimized with the Yoast SEO plugin v27.5 - https:\/\/yoast.com\/product\/yoast-seo-wordpress\/ -->\n<title>Respaldo Seguro en la Nube - DigitNow<\/title>\n<meta name=\"description\" content=\"Protege tus datos con respaldo en la nube: seguridad y acceso instant\u00e1neo a tus archivos desde cualquier dispositivo, en cualquier momento.\" \/>\n<meta name=\"robots\" content=\"index, follow, max-snippet:-1, max-image-preview:large, max-video-preview:-1\" \/>\n<link rel=\"canonical\" href=\"https:\/\/digitnow.com.mx\/es_mx\/nuestros-paquetes\/respaldo-online\/\" \/>\n<meta property=\"og:locale\" content=\"es_MX\" \/>\n<meta property=\"og:type\" content=\"article\" \/>\n<meta property=\"og:title\" content=\"Respaldo Seguro en la Nube - DigitNow\" \/>\n<meta property=\"og:description\" content=\"Protege tus datos con respaldo en la nube: seguridad y acceso instant\u00e1neo a tus archivos desde cualquier dispositivo, en cualquier momento.\" \/>\n<meta property=\"og:url\" content=\"https:\/\/digitnow.com.mx\/es_mx\/nuestros-paquetes\/respaldo-online\/\" \/>\n<meta property=\"og:site_name\" content=\"DigitNow\" \/>\n<meta property=\"article:publisher\" content=\"https:\/\/www.facebook.com\/DigitNowMexico\" \/>\n<meta property=\"article:modified_time\" content=\"2024-08-19T21:32:36+00:00\" \/>\n<meta property=\"og:image\" content=\"https:\/\/digitnow.com.mx\/wp-content\/uploads\/emprendedor-1-1024x1024.png\" \/>\n<meta name=\"twitter:card\" content=\"summary_large_image\" \/>\n<meta name=\"twitter:site\" content=\"@DigitNowMexico\" \/>\n<meta name=\"twitter:label1\" content=\"Tiempo de lectura\" \/>\n\t<meta name=\"twitter:data1\" content=\"2 minutos\" \/>\n<script type=\"application\/ld+json\" class=\"yoast-schema-graph\">{\"@context\":\"https:\\\/\\\/schema.org\",\"@graph\":[{\"@type\":\"WebPage\",\"@id\":\"https:\\\/\\\/digitnow.com.mx\\\/es_mx\\\/nuestros-paquetes\\\/respaldo-online\\\/\",\"url\":\"https:\\\/\\\/digitnow.com.mx\\\/es_mx\\\/nuestros-paquetes\\\/respaldo-online\\\/\",\"name\":\"Respaldo Seguro en la Nube - DigitNow\",\"isPartOf\":{\"@id\":\"https:\\\/\\\/digitnow.com.mx\\\/#website\"},\"primaryImageOfPage\":{\"@id\":\"https:\\\/\\\/digitnow.com.mx\\\/es_mx\\\/nuestros-paquetes\\\/respaldo-online\\\/#primaryimage\"},\"image\":{\"@id\":\"https:\\\/\\\/digitnow.com.mx\\\/es_mx\\\/nuestros-paquetes\\\/respaldo-online\\\/#primaryimage\"},\"thumbnailUrl\":\"https:\\\/\\\/digitnow.com.mx\\\/wp-content\\\/uploads\\\/emprendedor-1-1024x1024.png\",\"datePublished\":\"2024-06-19T03:54:10+00:00\",\"dateModified\":\"2024-08-19T21:32:36+00:00\",\"description\":\"Protege tus datos con respaldo en la nube: seguridad y acceso instant\u00e1neo a tus archivos desde cualquier dispositivo, en cualquier momento.\",\"breadcrumb\":{\"@id\":\"https:\\\/\\\/digitnow.com.mx\\\/es_mx\\\/nuestros-paquetes\\\/respaldo-online\\\/#breadcrumb\"},\"inLanguage\":\"es\",\"potentialAction\":[{\"@type\":\"ReadAction\",\"target\":[\"https:\\\/\\\/digitnow.com.mx\\\/es_mx\\\/nuestros-paquetes\\\/respaldo-online\\\/\"]}]},{\"@type\":\"ImageObject\",\"inLanguage\":\"es\",\"@id\":\"https:\\\/\\\/digitnow.com.mx\\\/es_mx\\\/nuestros-paquetes\\\/respaldo-online\\\/#primaryimage\",\"url\":\"https:\\\/\\\/digitnow.com.mx\\\/wp-content\\\/uploads\\\/emprendedor-1-1024x1024.png\",\"contentUrl\":\"https:\\\/\\\/digitnow.com.mx\\\/wp-content\\\/uploads\\\/emprendedor-1-1024x1024.png\"},{\"@type\":\"BreadcrumbList\",\"@id\":\"https:\\\/\\\/digitnow.com.mx\\\/es_mx\\\/nuestros-paquetes\\\/respaldo-online\\\/#breadcrumb\",\"itemListElement\":[{\"@type\":\"ListItem\",\"position\":1,\"name\":\"Portada\",\"item\":\"https:\\\/\\\/digitnow.com.mx\\\/es_mx\\\/\"},{\"@type\":\"ListItem\",\"position\":2,\"name\":\"Conoce nuestros paquetes\",\"item\":\"https:\\\/\\\/digitnow.com.mx\\\/nuestros-paquetes\\\/\"},{\"@type\":\"ListItem\",\"position\":3,\"name\":\"Respaldo Seguro en la Nube\"}]},{\"@type\":\"WebSite\",\"@id\":\"https:\\\/\\\/digitnow.com.mx\\\/#website\",\"url\":\"https:\\\/\\\/digitnow.com.mx\\\/\",\"name\":\"Digitnow\",\"description\":\"Soluciones en la nube para empresas\",\"publisher\":{\"@id\":\"https:\\\/\\\/digitnow.com.mx\\\/#organization\"},\"potentialAction\":[{\"@type\":\"SearchAction\",\"target\":{\"@type\":\"EntryPoint\",\"urlTemplate\":\"https:\\\/\\\/digitnow.com.mx\\\/?s={search_term_string}\"},\"query-input\":{\"@type\":\"PropertyValueSpecification\",\"valueRequired\":true,\"valueName\":\"search_term_string\"}}],\"inLanguage\":\"es\"},{\"@type\":\"Organization\",\"@id\":\"https:\\\/\\\/digitnow.com.mx\\\/#organization\",\"name\":\"Digitnow\",\"url\":\"https:\\\/\\\/digitnow.com.mx\\\/\",\"logo\":{\"@type\":\"ImageObject\",\"inLanguage\":\"es\",\"@id\":\"https:\\\/\\\/digitnow.com.mx\\\/#\\\/schema\\\/logo\\\/image\\\/\",\"url\":\"https:\\\/\\\/digitnow.com.mx\\\/wp-content\\\/uploads\\\/logo-digitnow-323w.webp\",\"contentUrl\":\"https:\\\/\\\/digitnow.com.mx\\\/wp-content\\\/uploads\\\/logo-digitnow-323w.webp\",\"width\":320,\"height\":68,\"caption\":\"Digitnow\"},\"image\":{\"@id\":\"https:\\\/\\\/digitnow.com.mx\\\/#\\\/schema\\\/logo\\\/image\\\/\"},\"sameAs\":[\"https:\\\/\\\/www.facebook.com\\\/DigitNowMexico\",\"https:\\\/\\\/x.com\\\/DigitNowMexico\",\"https:\\\/\\\/www.linkedin.com\\\/company\\\/digitnow\\\/\",\"https:\\\/\\\/www.instagram.com\\\/digitnow_oficial\\\/\",\"https:\\\/\\\/www.youtube.com\\\/channel\\\/UCojoUfDnSdhxh6_VWO1OMGQ\"]}]}<\/script>\n<!-- \/ Yoast SEO plugin. -->","yoast_head_json":{"title":"Respaldo Seguro en la Nube - DigitNow","description":"Protege tus datos con respaldo en la nube: seguridad y acceso instant\u00e1neo a tus archivos desde cualquier dispositivo, en cualquier momento.","robots":{"index":"index","follow":"follow","max-snippet":"max-snippet:-1","max-image-preview":"max-image-preview:large","max-video-preview":"max-video-preview:-1"},"canonical":"https:\/\/digitnow.com.mx\/es_mx\/nuestros-paquetes\/respaldo-online\/","og_locale":"es_MX","og_type":"article","og_title":"Respaldo Seguro en la Nube - DigitNow","og_description":"Protege tus datos con respaldo en la nube: seguridad y acceso instant\u00e1neo a tus archivos desde cualquier dispositivo, en cualquier momento.","og_url":"https:\/\/digitnow.com.mx\/es_mx\/nuestros-paquetes\/respaldo-online\/","og_site_name":"DigitNow","article_publisher":"https:\/\/www.facebook.com\/DigitNowMexico","article_modified_time":"2024-08-19T21:32:36+00:00","og_image":[{"url":"https:\/\/digitnow.com.mx\/wp-content\/uploads\/emprendedor-1-1024x1024.png","type":"","width":"","height":""}],"twitter_card":"summary_large_image","twitter_site":"@DigitNowMexico","twitter_misc":{"Tiempo de lectura":"2 minutos"},"schema":{"@context":"https:\/\/schema.org","@graph":[{"@type":"WebPage","@id":"https:\/\/digitnow.com.mx\/es_mx\/nuestros-paquetes\/respaldo-online\/","url":"https:\/\/digitnow.com.mx\/es_mx\/nuestros-paquetes\/respaldo-online\/","name":"Respaldo Seguro en la Nube - DigitNow","isPartOf":{"@id":"https:\/\/digitnow.com.mx\/#website"},"primaryImageOfPage":{"@id":"https:\/\/digitnow.com.mx\/es_mx\/nuestros-paquetes\/respaldo-online\/#primaryimage"},"image":{"@id":"https:\/\/digitnow.com.mx\/es_mx\/nuestros-paquetes\/respaldo-online\/#primaryimage"},"thumbnailUrl":"https:\/\/digitnow.com.mx\/wp-content\/uploads\/emprendedor-1-1024x1024.png","datePublished":"2024-06-19T03:54:10+00:00","dateModified":"2024-08-19T21:32:36+00:00","description":"Protege tus datos con respaldo en la nube: seguridad y acceso instant\u00e1neo a tus archivos desde cualquier dispositivo, en cualquier momento.","breadcrumb":{"@id":"https:\/\/digitnow.com.mx\/es_mx\/nuestros-paquetes\/respaldo-online\/#breadcrumb"},"inLanguage":"es","potentialAction":[{"@type":"ReadAction","target":["https:\/\/digitnow.com.mx\/es_mx\/nuestros-paquetes\/respaldo-online\/"]}]},{"@type":"ImageObject","inLanguage":"es","@id":"https:\/\/digitnow.com.mx\/es_mx\/nuestros-paquetes\/respaldo-online\/#primaryimage","url":"https:\/\/digitnow.com.mx\/wp-content\/uploads\/emprendedor-1-1024x1024.png","contentUrl":"https:\/\/digitnow.com.mx\/wp-content\/uploads\/emprendedor-1-1024x1024.png"},{"@type":"BreadcrumbList","@id":"https:\/\/digitnow.com.mx\/es_mx\/nuestros-paquetes\/respaldo-online\/#breadcrumb","itemListElement":[{"@type":"ListItem","position":1,"name":"Portada","item":"https:\/\/digitnow.com.mx\/es_mx\/"},{"@type":"ListItem","position":2,"name":"Conoce nuestros paquetes","item":"https:\/\/digitnow.com.mx\/nuestros-paquetes\/"},{"@type":"ListItem","position":3,"name":"Respaldo Seguro en la Nube"}]},{"@type":"WebSite","@id":"https:\/\/digitnow.com.mx\/#website","url":"https:\/\/digitnow.com.mx\/","name":"Digitnow","description":"Soluciones en la nube para empresas","publisher":{"@id":"https:\/\/digitnow.com.mx\/#organization"},"potentialAction":[{"@type":"SearchAction","target":{"@type":"EntryPoint","urlTemplate":"https:\/\/digitnow.com.mx\/?s={search_term_string}"},"query-input":{"@type":"PropertyValueSpecification","valueRequired":true,"valueName":"search_term_string"}}],"inLanguage":"es"},{"@type":"Organization","@id":"https:\/\/digitnow.com.mx\/#organization","name":"Digitnow","url":"https:\/\/digitnow.com.mx\/","logo":{"@type":"ImageObject","inLanguage":"es","@id":"https:\/\/digitnow.com.mx\/#\/schema\/logo\/image\/","url":"https:\/\/digitnow.com.mx\/wp-content\/uploads\/logo-digitnow-323w.webp","contentUrl":"https:\/\/digitnow.com.mx\/wp-content\/uploads\/logo-digitnow-323w.webp","width":320,"height":68,"caption":"Digitnow"},"image":{"@id":"https:\/\/digitnow.com.mx\/#\/schema\/logo\/image\/"},"sameAs":["https:\/\/www.facebook.com\/DigitNowMexico","https:\/\/x.com\/DigitNowMexico","https:\/\/www.linkedin.com\/company\/digitnow\/","https:\/\/www.instagram.com\/digitnow_oficial\/","https:\/\/www.youtube.com\/channel\/UCojoUfDnSdhxh6_VWO1OMGQ"]}]}},"_hostinger_reach_plugin_has_subscription_block":false,"_hostinger_reach_plugin_is_elementor":false,"_links":{"self":[{"href":"https:\/\/digitnow.com.mx\/es_mx\/wp-json\/wp\/v2\/pages\/113","targetHints":{"allow":["GET"]}}],"collection":[{"href":"https:\/\/digitnow.com.mx\/es_mx\/wp-json\/wp\/v2\/pages"}],"about":[{"href":"https:\/\/digitnow.com.mx\/es_mx\/wp-json\/wp\/v2\/types\/page"}],"author":[{"embeddable":true,"href":"https:\/\/digitnow.com.mx\/es_mx\/wp-json\/wp\/v2\/users\/4"}],"replies":[{"embeddable":true,"href":"https:\/\/digitnow.com.mx\/es_mx\/wp-json\/wp\/v2\/comments?post=113"}],"version-history":[{"count":38,"href":"https:\/\/digitnow.com.mx\/es_mx\/wp-json\/wp\/v2\/pages\/113\/revisions"}],"predecessor-version":[{"id":4136,"href":"https:\/\/digitnow.com.mx\/es_mx\/wp-json\/wp\/v2\/pages\/113\/revisions\/4136"}],"up":[{"embeddable":true,"href":"https:\/\/digitnow.com.mx\/es_mx\/wp-json\/wp\/v2\/pages\/1645"}],"wp:attachment":[{"href":"https:\/\/digitnow.com.mx\/es_mx\/wp-json\/wp\/v2\/media?parent=113"}],"curies":[{"name":"wp","href":"https:\/\/api.w.org\/{rel}","templated":true}]}}