{"id":152,"date":"2024-06-19T06:23:55","date_gmt":"2024-06-19T04:23:55","guid":{"rendered":"https:\/\/digitnow.com.mx\/?page_id=152"},"modified":"2026-03-05T21:50:22","modified_gmt":"2026-03-06T03:50:22","slug":"conectividad-y-dispositivos","status":"publish","type":"page","link":"https:\/\/digitnow.com.mx\/es_mx\/servicios-2\/conectividad-y-dispositivos\/","title":{"rendered":"Conectividad y Dispositivos"},"content":{"rendered":"\t\t<div data-elementor-type=\"wp-page\" data-elementor-id=\"152\" class=\"elementor elementor-152\" data-elementor-post-type=\"page\">\n\t\t\t\t<div class=\"elementor-element elementor-element-7627bd89 e-flex e-con-boxed e-con e-parent\" data-id=\"7627bd89\" data-element_type=\"container\" data-e-type=\"container\" data-settings=\"{&quot;background_background&quot;:&quot;video&quot;,&quot;background_video_link&quot;:&quot;https:\\\/\\\/vid-cdn.multiscreensite.com\\\/b76b5c70\\\/videos\\\/mztwhw0NSBWNeKF81vma_2-v.mp4&quot;}\">\n\t\t\t\t\t<div class=\"e-con-inner\">\n\t\t<div class=\"elementor-background-video-container elementor-hidden-mobile\">\n\t\t\t\t\t\t\t<video class=\"elementor-background-video-hosted\" role=\"presentation\" autoplay muted playsinline loop><\/video>\n\t\t\t\t\t<\/div>\t\t<div class=\"elementor-element elementor-element-715c49bc elementor-widget__width-initial elementor-widget elementor-widget-heading\" data-id=\"715c49bc\" data-element_type=\"widget\" data-e-type=\"widget\" data-widget_type=\"heading.default\">\n\t\t\t\t<div class=\"elementor-widget-container\">\n\t\t\t\t\t<h2 class=\"elementor-heading-title elementor-size-default\">\nMejore su experiencia\n de conectividad y perifericos<\/h2>\t\t\t\t<\/div>\n\t\t\t\t<\/div>\n\t\t\t\t<div class=\"elementor-element elementor-element-8037241 elementor-widget elementor-widget-text-editor\" data-id=\"8037241\" data-element_type=\"widget\" data-e-type=\"widget\" data-widget_type=\"text-editor.default\">\n\t\t\t\t<div class=\"elementor-widget-container\">\n\t\t\t\t\t\t\t\t\t<p style=\"text-align: center;\">Soluciones en Video Conferencia, Servicios de Telefon\u00eda Unificada (VoIP) y Perif\u00e9ricos de audio<\/p>\t\t\t\t\t\t\t\t<\/div>\n\t\t\t\t<\/div>\n\t\t\t\t\t<\/div>\n\t\t\t\t<\/div>\n\t\t<div class=\"elementor-element elementor-element-d212668 e-flex e-con-boxed e-con e-parent\" data-id=\"d212668\" data-element_type=\"container\" data-e-type=\"container\">\n\t\t\t\t\t<div class=\"e-con-inner\">\n\t\t\t\t<div class=\"elementor-element elementor-element-025898c elementor-widget elementor-widget-text-editor\" data-id=\"025898c\" data-element_type=\"widget\" data-e-type=\"widget\" data-widget_type=\"text-editor.default\">\n\t\t\t\t<div class=\"elementor-widget-container\">\n\t\t\t\t\t\t\t\t\t<p><span style=\"color: #000000;\">En<\/span> <strong>Digitnow<\/strong><span style=\"color: #000000;\">, ofrecemos<\/span> <strong>Dispositivos de audio y Conectividad<\/strong> <span style=\"color: #000000;\">de alta calidad, incluyendo sistemas de videoconferencia y aud\u00edfonos dise\u00f1ados para<\/span> <strong>mejorar la comunicaci\u00f3n y colaboraci\u00f3n<\/strong> <span style=\"color: #000000;\">en su empresa, asegurando conexiones claras y fiables en cualquier entorno.<\/span><\/p>\t\t\t\t\t\t\t\t<\/div>\n\t\t\t\t<\/div>\n\t\t\t\t\t<\/div>\n\t\t\t\t<\/div>\n\t\t<div class=\"elementor-element elementor-element-60faf8db e-flex e-con-boxed e-con e-parent\" data-id=\"60faf8db\" data-element_type=\"container\" data-e-type=\"container\">\n\t\t\t\t\t<div class=\"e-con-inner\">\n\t\t<div class=\"elementor-element elementor-element-7d9bf796 e-grid e-con-boxed e-con e-child\" data-id=\"7d9bf796\" data-element_type=\"container\" data-e-type=\"container\">\n\t\t\t\t\t<div class=\"e-con-inner\">\n\t\t<div class=\"elementor-element elementor-element-751b3a3b e-flex e-con-boxed e-con e-child\" data-id=\"751b3a3b\" data-element_type=\"container\" data-e-type=\"container\">\n\t\t\t\t\t<div class=\"e-con-inner\">\n\t\t\t\t<div class=\"elementor-element elementor-element-68c2233a elementor-position-top elementor-widget elementor-widget-image-box\" data-id=\"68c2233a\" data-element_type=\"widget\" data-e-type=\"widget\" data-widget_type=\"image-box.default\">\n\t\t\t\t<div class=\"elementor-widget-container\">\n\t\t\t\t\t<div class=\"elementor-image-box-wrapper\"><figure class=\"elementor-image-box-img\"><img decoding=\"async\" width=\"150\" height=\"150\" src=\"https:\/\/digitnow.com.mx\/wp-content\/uploads\/videoconf-150x150.png\" class=\"attachment-thumbnail size-thumbnail wp-image-3618\" alt=\"\" srcset=\"https:\/\/digitnow.com.mx\/wp-content\/uploads\/videoconf-150x150.png 150w, https:\/\/digitnow.com.mx\/wp-content\/uploads\/videoconf-300x300.png 300w, https:\/\/digitnow.com.mx\/wp-content\/uploads\/videoconf-1024x1024.png 1024w, https:\/\/digitnow.com.mx\/wp-content\/uploads\/videoconf-768x768.png 768w, https:\/\/digitnow.com.mx\/wp-content\/uploads\/videoconf-12x12.png 12w, https:\/\/digitnow.com.mx\/wp-content\/uploads\/videoconf.png 1080w\" sizes=\"(max-width: 150px) 100vw, 150px\" \/><\/figure><div class=\"elementor-image-box-content\"><h3 class=\"elementor-image-box-title\">Soluciones de Video Conferencia<\/h3><p class=\"elementor-image-box-description\">Mejore la experiencia de productividad en sus salas de juntas o en su casa, utilizando soluciones de video conferencia a la medida, que le permitan tener una comunicaci\u00f3n eficiente con su equipo de trabajo o clientes.<\/p><\/div><\/div>\t\t\t\t<\/div>\n\t\t\t\t<\/div>\n\t\t\t\t\t<\/div>\n\t\t\t\t<\/div>\n\t\t<div class=\"elementor-element elementor-element-40999aa7 e-flex e-con-boxed e-con e-child\" data-id=\"40999aa7\" data-element_type=\"container\" data-e-type=\"container\">\n\t\t\t\t\t<div class=\"e-con-inner\">\n\t\t\t\t<div class=\"elementor-element elementor-element-cadfd97 elementor-position-top elementor-widget elementor-widget-image-box\" data-id=\"cadfd97\" data-element_type=\"widget\" data-e-type=\"widget\" data-widget_type=\"image-box.default\">\n\t\t\t\t<div class=\"elementor-widget-container\">\n\t\t\t\t\t<div class=\"elementor-image-box-wrapper\"><figure class=\"elementor-image-box-img\"><img fetchpriority=\"high\" decoding=\"async\" width=\"1080\" height=\"1080\" src=\"https:\/\/digitnow.com.mx\/wp-content\/uploads\/enlace.png\" class=\"attachment-full size-full wp-image-3619\" alt=\"\" srcset=\"https:\/\/digitnow.com.mx\/wp-content\/uploads\/enlace.png 1080w, https:\/\/digitnow.com.mx\/wp-content\/uploads\/enlace-300x300.png 300w, https:\/\/digitnow.com.mx\/wp-content\/uploads\/enlace-1024x1024.png 1024w, https:\/\/digitnow.com.mx\/wp-content\/uploads\/enlace-150x150.png 150w, https:\/\/digitnow.com.mx\/wp-content\/uploads\/enlace-768x768.png 768w, https:\/\/digitnow.com.mx\/wp-content\/uploads\/enlace-12x12.png 12w\" sizes=\"(max-width: 1080px) 100vw, 1080px\" \/><\/figure><div class=\"elementor-image-box-content\"><h3 class=\"elementor-image-box-title\">Servicios de enlaces dedicados<\/h3><p class=\"elementor-image-box-description\">Contamos con las mejores alianzas de proveedores en conectividad, que se adaptan a tus necesidades, ya sea que requiera soluciones de voz IP, Internet dedicado, MPLS y L2L entre otros.<\/p><\/div><\/div>\t\t\t\t<\/div>\n\t\t\t\t<\/div>\n\t\t\t\t\t<\/div>\n\t\t\t\t<\/div>\n\t\t\t\t<div class=\"elementor-element elementor-element-2b39b44 elementor-position-top elementor-widget elementor-widget-image-box\" data-id=\"2b39b44\" data-element_type=\"widget\" data-e-type=\"widget\" data-widget_type=\"image-box.default\">\n\t\t\t\t<div class=\"elementor-widget-container\">\n\t\t\t\t\t<div class=\"elementor-image-box-wrapper\"><figure class=\"elementor-image-box-img\"><img decoding=\"async\" width=\"150\" height=\"150\" src=\"https:\/\/digitnow.com.mx\/wp-content\/uploads\/audifonos-150x150.png\" class=\"attachment-thumbnail size-thumbnail wp-image-3621\" alt=\"\" srcset=\"https:\/\/digitnow.com.mx\/wp-content\/uploads\/audifonos-150x150.png 150w, https:\/\/digitnow.com.mx\/wp-content\/uploads\/audifonos-300x300.png 300w, https:\/\/digitnow.com.mx\/wp-content\/uploads\/audifonos-1024x1024.png 1024w, https:\/\/digitnow.com.mx\/wp-content\/uploads\/audifonos-768x768.png 768w, https:\/\/digitnow.com.mx\/wp-content\/uploads\/audifonos-12x12.png 12w, https:\/\/digitnow.com.mx\/wp-content\/uploads\/audifonos.png 1080w\" sizes=\"(max-width: 150px) 100vw, 150px\" \/><\/figure><div class=\"elementor-image-box-content\"><h3 class=\"elementor-image-box-title\">Perif\u00e9ricos de audio<\/h3><p class=\"elementor-image-box-description\">Optimice sus operaciones de Servicio al Cliente, llamadas y cualquier operaci\u00f3n que necesite de dispositivos de audio. Digitnow le ofrece un amplio cat\u00e1logo de perif\u00e9ricos profesionales.<\/p><\/div><\/div>\t\t\t\t<\/div>\n\t\t\t\t<\/div>\n\t\t\t\t\t<\/div>\n\t\t\t\t<\/div>\n\t\t\t\t\t<\/div>\n\t\t\t\t<\/div>\n\t\t<div class=\"elementor-element elementor-element-28635ac e-flex e-con-boxed e-con e-parent\" data-id=\"28635ac\" data-element_type=\"container\" data-e-type=\"container\" data-settings=\"{&quot;background_background&quot;:&quot;classic&quot;}\">\n\t\t\t\t\t<div class=\"e-con-inner\">\n\t\t<div class=\"elementor-element elementor-element-4447b089 e-con-full e-flex e-con e-child\" data-id=\"4447b089\" data-element_type=\"container\" data-e-type=\"container\">\n\t\t\t\t<div class=\"elementor-element elementor-element-5a8b5ff7 elementor-widget elementor-widget-heading\" data-id=\"5a8b5ff7\" data-element_type=\"widget\" data-e-type=\"widget\" data-widget_type=\"heading.default\">\n\t\t\t\t<div class=\"elementor-widget-container\">\n\t\t\t\t\t<h2 class=\"elementor-heading-title elementor-size-default\">Obtenga nuestro servicio de Inteligencia Artificial<\/h2>\t\t\t\t<\/div>\n\t\t\t\t<\/div>\n\t\t\t\t<div class=\"elementor-element elementor-element-44e9a607 elementor-widget elementor-widget-text-editor\" data-id=\"44e9a607\" data-element_type=\"widget\" data-e-type=\"widget\" data-widget_type=\"text-editor.default\">\n\t\t\t\t<div class=\"elementor-widget-container\">\n\t\t\t\t\t\t\t\t\t<p class=\"size-18 m-size-14\"><span class=\"font-size-18 m-font-size-14\">De esta forma, puede aprovechar la experiencia de Digitnow M\u00e9xico para desarrollar su operaci\u00f3n digital, organizaci\u00f3n y capacidades t\u00e9cnicas, para\u00a0 que obtenga beneficios comerciales de forma eficaz, r\u00e1pida y \u00e1gil.<\/span><\/p>\t\t\t\t\t\t\t\t<\/div>\n\t\t\t\t<\/div>\n\t\t\t\t<\/div>\n\t\t<div class=\"elementor-element elementor-element-475fec95 e-con-full e-flex e-con e-child\" data-id=\"475fec95\" data-element_type=\"container\" data-e-type=\"container\">\n\t\t\t\t<div class=\"elementor-element elementor-element-fcbfd8f elementor-widget elementor-widget-heading\" data-id=\"fcbfd8f\" data-element_type=\"widget\" data-e-type=\"widget\" data-widget_type=\"heading.default\">\n\t\t\t\t<div class=\"elementor-widget-container\">\n\t\t\t\t\t<h2 class=\"elementor-heading-title elementor-size-default\">\u00bfLe interesa?<\/h2>\t\t\t\t<\/div>\n\t\t\t\t<\/div>\n\t\t\t\t<div class=\"elementor-element elementor-element-40622a3a elementor-widget elementor-widget-text-editor\" data-id=\"40622a3a\" data-element_type=\"widget\" data-e-type=\"widget\" data-widget_type=\"text-editor.default\">\n\t\t\t\t<div class=\"elementor-widget-container\">\n\t\t\t\t\t\t\t\t\t<p>\u00a1Escr\u00edbanos y nos comunicaremos con usted!<\/p>\t\t\t\t\t\t\t\t<\/div>\n\t\t\t\t<\/div>\n\t\t\t\t<div class=\"elementor-element elementor-element-79dd28e2 elementor-button-align-center elementor-widget elementor-widget-form\" data-id=\"79dd28e2\" data-element_type=\"widget\" data-e-type=\"widget\" data-settings=\"{&quot;step_next_label&quot;:&quot;Next&quot;,&quot;step_previous_label&quot;:&quot;Previous&quot;,&quot;button_width&quot;:&quot;100&quot;,&quot;step_type&quot;:&quot;number_text&quot;,&quot;step_icon_shape&quot;:&quot;circle&quot;}\" data-widget_type=\"form.default\">\n\t\t\t\t<div class=\"elementor-widget-container\">\n\t\t\t\t\t\t\t<form class=\"elementor-form\" method=\"post\" name=\"New Form\" aria-label=\"New Form\">\n\t\t\t<input type=\"hidden\" name=\"post_id\" value=\"152\"\/>\n\t\t\t<input type=\"hidden\" name=\"form_id\" value=\"79dd28e2\"\/>\n\t\t\t<input type=\"hidden\" name=\"referer_title\" value=\"DigitNow\" \/>\n\n\t\t\t\n\t\t\t<div class=\"elementor-form-fields-wrapper elementor-labels-above\">\n\t\t\t\t\t\t\t\t<div class=\"elementor-field-type-text elementor-field-group elementor-column elementor-field-group-name elementor-col-100\">\n\t\t\t\t\t\t\t\t\t\t\t\t\t<input size=\"1\" type=\"text\" name=\"form_fields[name]\" id=\"form-field-name\" class=\"elementor-field elementor-size-sm  elementor-field-textual\" placeholder=\"Nombre\">\n\t\t\t\t\t\t\t\t\t\t\t<\/div>\n\t\t\t\t\t\t\t\t<div class=\"elementor-field-type-email elementor-field-group elementor-column elementor-field-group-email elementor-col-100 elementor-field-required\">\n\t\t\t\t\t\t\t\t\t\t\t\t\t<input size=\"1\" type=\"email\" name=\"form_fields[email]\" id=\"form-field-email\" class=\"elementor-field elementor-size-sm  elementor-field-textual\" placeholder=\"Email\" required=\"required\">\n\t\t\t\t\t\t\t\t\t\t\t<\/div>\n\t\t\t\t\t\t\t\t<div class=\"elementor-field-type-tel elementor-field-group elementor-column elementor-field-group-message elementor-col-100\">\n\t\t\t\t\t\t\t<input size=\"1\" type=\"tel\" name=\"form_fields[message]\" id=\"form-field-message\" class=\"elementor-field elementor-size-sm  elementor-field-textual\" placeholder=\"Tel\u00e9fono\" pattern=\"[0-9()#&amp;+*-=.]+\" title=\"Only numbers and phone characters (#, -, *, etc) are accepted.\">\n\n\t\t\t\t\t\t<\/div>\n\t\t\t\t\t\t\t\t<div class=\"elementor-field-type-text elementor-field-group elementor-column elementor-field-group-field_876674d elementor-col-100\">\n\t\t\t\t\t\t\t\t\t\t\t\t\t<input size=\"1\" type=\"text\" name=\"form_fields[field_876674d]\" id=\"form-field-field_876674d\" class=\"elementor-field elementor-size-sm  elementor-field-textual\" placeholder=\"Comentarios o dudas\">\n\t\t\t\t\t\t\t\t\t\t\t<\/div>\n\t\t\t\t\t\t\t\t<div class=\"elementor-field-group elementor-column elementor-field-type-submit elementor-col-100 e-form__buttons\">\n\t\t\t\t\t<button class=\"elementor-button elementor-size-sm elementor-animation-grow\" type=\"submit\">\n\t\t\t\t\t\t<span class=\"elementor-button-content-wrapper\">\n\t\t\t\t\t\t\t\t\t\t\t\t\t\t\t\t\t\t\t\t\t\t<span class=\"elementor-button-text\">\u00a1Cont\u00e1ctenme!<\/span>\n\t\t\t\t\t\t\t\t\t\t\t\t\t<\/span>\n\t\t\t\t\t<\/button>\n\t\t\t\t<\/div>\n\t\t\t<\/div>\n\t\t<\/form>\n\t\t\t\t\t\t<\/div>\n\t\t\t\t<\/div>\n\t\t\t\t<\/div>\n\t\t\t\t\t<\/div>\n\t\t\t\t<\/div>\n\t\t\t\t<\/div>\n\t\t","protected":false},"excerpt":{"rendered":"<p>Mejore su experiencia de conectividad y perifericos Soluciones en Video Conferencia, Servicios de Telefon\u00eda Unificada (VoIP) y Perif\u00e9ricos de audio En Digitnow, ofrecemos Dispositivos de audio y Conectividad de alta calidad, incluyendo sistemas de videoconferencia y aud\u00edfonos dise\u00f1ados para mejorar la comunicaci\u00f3n y colaboraci\u00f3n en su empresa, asegurando conexiones claras y fiables en cualquier entorno. [&hellip;]<\/p>\n","protected":false},"author":4,"featured_media":0,"parent":1520,"menu_order":0,"comment_status":"closed","ping_status":"closed","template":"","meta":{"inline_featured_image":false,"footnotes":""},"class_list":["post-152","page","type-page","status-publish","hentry"],"yoast_head":"<!-- This site is optimized with the Yoast SEO plugin v27.4 - https:\/\/yoast.com\/product\/yoast-seo-wordpress\/ -->\n<title>Conectividad y Dispositivos - DigitNow<\/title>\n<meta name=\"description\" content=\"Mejore su productividad con nuestras soluciones en Conectividad y Dispositivos de audio y video. Digitnow tiene lo que necesite.\" \/>\n<meta name=\"robots\" content=\"index, follow, max-snippet:-1, max-image-preview:large, max-video-preview:-1\" \/>\n<link rel=\"canonical\" href=\"https:\/\/digitnow.com.mx\/es_mx\/servicios-2\/conectividad-y-dispositivos\/\" \/>\n<meta property=\"og:locale\" content=\"es_MX\" \/>\n<meta property=\"og:type\" content=\"article\" \/>\n<meta property=\"og:title\" content=\"Conectividad y Dispositivos - DigitNow\" \/>\n<meta property=\"og:description\" content=\"Mejore su productividad con nuestras soluciones en Conectividad y Dispositivos de audio y video. Digitnow tiene lo que necesite.\" \/>\n<meta property=\"og:url\" content=\"https:\/\/digitnow.com.mx\/es_mx\/servicios-2\/conectividad-y-dispositivos\/\" \/>\n<meta property=\"og:site_name\" content=\"DigitNow\" \/>\n<meta property=\"article:publisher\" content=\"https:\/\/www.facebook.com\/DigitNowMexico\" \/>\n<meta property=\"article:modified_time\" content=\"2026-03-06T03:50:22+00:00\" \/>\n<meta property=\"og:image\" content=\"https:\/\/digitnow.com.mx\/wp-content\/uploads\/videoconf.png\" \/>\n\t<meta property=\"og:image:width\" content=\"1080\" \/>\n\t<meta property=\"og:image:height\" content=\"1080\" \/>\n\t<meta property=\"og:image:type\" content=\"image\/png\" \/>\n<meta name=\"twitter:card\" content=\"summary_large_image\" \/>\n<meta name=\"twitter:site\" content=\"@DigitNowMexico\" \/>\n<meta name=\"twitter:label1\" content=\"Tiempo de lectura\" \/>\n\t<meta name=\"twitter:data1\" content=\"2 minutos\" \/>\n<script type=\"application\/ld+json\" class=\"yoast-schema-graph\">{\"@context\":\"https:\\\/\\\/schema.org\",\"@graph\":[{\"@type\":\"WebPage\",\"@id\":\"https:\\\/\\\/digitnow.com.mx\\\/es_mx\\\/servicios-2\\\/conectividad-y-dispositivos\\\/\",\"url\":\"https:\\\/\\\/digitnow.com.mx\\\/es_mx\\\/servicios-2\\\/conectividad-y-dispositivos\\\/\",\"name\":\"Conectividad y Dispositivos - DigitNow\",\"isPartOf\":{\"@id\":\"https:\\\/\\\/digitnow.com.mx\\\/#website\"},\"primaryImageOfPage\":{\"@id\":\"https:\\\/\\\/digitnow.com.mx\\\/es_mx\\\/servicios-2\\\/conectividad-y-dispositivos\\\/#primaryimage\"},\"image\":{\"@id\":\"https:\\\/\\\/digitnow.com.mx\\\/es_mx\\\/servicios-2\\\/conectividad-y-dispositivos\\\/#primaryimage\"},\"thumbnailUrl\":\"https:\\\/\\\/digitnow.com.mx\\\/wp-content\\\/uploads\\\/videoconf-150x150.png\",\"datePublished\":\"2024-06-19T04:23:55+00:00\",\"dateModified\":\"2026-03-06T03:50:22+00:00\",\"description\":\"Mejore su productividad con nuestras soluciones en Conectividad y Dispositivos de audio y video. Digitnow tiene lo que necesite.\",\"breadcrumb\":{\"@id\":\"https:\\\/\\\/digitnow.com.mx\\\/es_mx\\\/servicios-2\\\/conectividad-y-dispositivos\\\/#breadcrumb\"},\"inLanguage\":\"es\",\"potentialAction\":[{\"@type\":\"ReadAction\",\"target\":[\"https:\\\/\\\/digitnow.com.mx\\\/es_mx\\\/servicios-2\\\/conectividad-y-dispositivos\\\/\"]}]},{\"@type\":\"ImageObject\",\"inLanguage\":\"es\",\"@id\":\"https:\\\/\\\/digitnow.com.mx\\\/es_mx\\\/servicios-2\\\/conectividad-y-dispositivos\\\/#primaryimage\",\"url\":\"https:\\\/\\\/digitnow.com.mx\\\/wp-content\\\/uploads\\\/videoconf-150x150.png\",\"contentUrl\":\"https:\\\/\\\/digitnow.com.mx\\\/wp-content\\\/uploads\\\/videoconf-150x150.png\"},{\"@type\":\"BreadcrumbList\",\"@id\":\"https:\\\/\\\/digitnow.com.mx\\\/es_mx\\\/servicios-2\\\/conectividad-y-dispositivos\\\/#breadcrumb\",\"itemListElement\":[{\"@type\":\"ListItem\",\"position\":1,\"name\":\"Portada\",\"item\":\"https:\\\/\\\/digitnow.com.mx\\\/es_mx\\\/\"},{\"@type\":\"ListItem\",\"position\":2,\"name\":\"Conoce nuestros servicios\",\"item\":\"https:\\\/\\\/digitnow.com.mx\\\/servicios-2\\\/\"},{\"@type\":\"ListItem\",\"position\":3,\"name\":\"Conectividad y Dispositivos\"}]},{\"@type\":\"WebSite\",\"@id\":\"https:\\\/\\\/digitnow.com.mx\\\/#website\",\"url\":\"https:\\\/\\\/digitnow.com.mx\\\/\",\"name\":\"Digitnow\",\"description\":\"Soluciones en la nube para empresas\",\"publisher\":{\"@id\":\"https:\\\/\\\/digitnow.com.mx\\\/#organization\"},\"potentialAction\":[{\"@type\":\"SearchAction\",\"target\":{\"@type\":\"EntryPoint\",\"urlTemplate\":\"https:\\\/\\\/digitnow.com.mx\\\/?s={search_term_string}\"},\"query-input\":{\"@type\":\"PropertyValueSpecification\",\"valueRequired\":true,\"valueName\":\"search_term_string\"}}],\"inLanguage\":\"es\"},{\"@type\":\"Organization\",\"@id\":\"https:\\\/\\\/digitnow.com.mx\\\/#organization\",\"name\":\"Digitnow\",\"url\":\"https:\\\/\\\/digitnow.com.mx\\\/\",\"logo\":{\"@type\":\"ImageObject\",\"inLanguage\":\"es\",\"@id\":\"https:\\\/\\\/digitnow.com.mx\\\/#\\\/schema\\\/logo\\\/image\\\/\",\"url\":\"https:\\\/\\\/digitnow.com.mx\\\/wp-content\\\/uploads\\\/logo-digitnow-323w.webp\",\"contentUrl\":\"https:\\\/\\\/digitnow.com.mx\\\/wp-content\\\/uploads\\\/logo-digitnow-323w.webp\",\"width\":320,\"height\":68,\"caption\":\"Digitnow\"},\"image\":{\"@id\":\"https:\\\/\\\/digitnow.com.mx\\\/#\\\/schema\\\/logo\\\/image\\\/\"},\"sameAs\":[\"https:\\\/\\\/www.facebook.com\\\/DigitNowMexico\",\"https:\\\/\\\/x.com\\\/DigitNowMexico\",\"https:\\\/\\\/www.linkedin.com\\\/company\\\/digitnow\\\/\",\"https:\\\/\\\/www.instagram.com\\\/digitnow_oficial\\\/\",\"https:\\\/\\\/www.youtube.com\\\/channel\\\/UCojoUfDnSdhxh6_VWO1OMGQ\"]}]}<\/script>\n<!-- \/ Yoast SEO plugin. -->","yoast_head_json":{"title":"Conectividad y Dispositivos - DigitNow","description":"Mejore su productividad con nuestras soluciones en Conectividad y Dispositivos de audio y video. Digitnow tiene lo que necesite.","robots":{"index":"index","follow":"follow","max-snippet":"max-snippet:-1","max-image-preview":"max-image-preview:large","max-video-preview":"max-video-preview:-1"},"canonical":"https:\/\/digitnow.com.mx\/es_mx\/servicios-2\/conectividad-y-dispositivos\/","og_locale":"es_MX","og_type":"article","og_title":"Conectividad y Dispositivos - DigitNow","og_description":"Mejore su productividad con nuestras soluciones en Conectividad y Dispositivos de audio y video. Digitnow tiene lo que necesite.","og_url":"https:\/\/digitnow.com.mx\/es_mx\/servicios-2\/conectividad-y-dispositivos\/","og_site_name":"DigitNow","article_publisher":"https:\/\/www.facebook.com\/DigitNowMexico","article_modified_time":"2026-03-06T03:50:22+00:00","og_image":[{"width":1080,"height":1080,"url":"https:\/\/digitnow.com.mx\/wp-content\/uploads\/videoconf.png","type":"image\/png"}],"twitter_card":"summary_large_image","twitter_site":"@DigitNowMexico","twitter_misc":{"Tiempo de lectura":"2 minutos"},"schema":{"@context":"https:\/\/schema.org","@graph":[{"@type":"WebPage","@id":"https:\/\/digitnow.com.mx\/es_mx\/servicios-2\/conectividad-y-dispositivos\/","url":"https:\/\/digitnow.com.mx\/es_mx\/servicios-2\/conectividad-y-dispositivos\/","name":"Conectividad y Dispositivos - DigitNow","isPartOf":{"@id":"https:\/\/digitnow.com.mx\/#website"},"primaryImageOfPage":{"@id":"https:\/\/digitnow.com.mx\/es_mx\/servicios-2\/conectividad-y-dispositivos\/#primaryimage"},"image":{"@id":"https:\/\/digitnow.com.mx\/es_mx\/servicios-2\/conectividad-y-dispositivos\/#primaryimage"},"thumbnailUrl":"https:\/\/digitnow.com.mx\/wp-content\/uploads\/videoconf-150x150.png","datePublished":"2024-06-19T04:23:55+00:00","dateModified":"2026-03-06T03:50:22+00:00","description":"Mejore su productividad con nuestras soluciones en Conectividad y Dispositivos de audio y video. Digitnow tiene lo que necesite.","breadcrumb":{"@id":"https:\/\/digitnow.com.mx\/es_mx\/servicios-2\/conectividad-y-dispositivos\/#breadcrumb"},"inLanguage":"es","potentialAction":[{"@type":"ReadAction","target":["https:\/\/digitnow.com.mx\/es_mx\/servicios-2\/conectividad-y-dispositivos\/"]}]},{"@type":"ImageObject","inLanguage":"es","@id":"https:\/\/digitnow.com.mx\/es_mx\/servicios-2\/conectividad-y-dispositivos\/#primaryimage","url":"https:\/\/digitnow.com.mx\/wp-content\/uploads\/videoconf-150x150.png","contentUrl":"https:\/\/digitnow.com.mx\/wp-content\/uploads\/videoconf-150x150.png"},{"@type":"BreadcrumbList","@id":"https:\/\/digitnow.com.mx\/es_mx\/servicios-2\/conectividad-y-dispositivos\/#breadcrumb","itemListElement":[{"@type":"ListItem","position":1,"name":"Portada","item":"https:\/\/digitnow.com.mx\/es_mx\/"},{"@type":"ListItem","position":2,"name":"Conoce nuestros servicios","item":"https:\/\/digitnow.com.mx\/servicios-2\/"},{"@type":"ListItem","position":3,"name":"Conectividad y Dispositivos"}]},{"@type":"WebSite","@id":"https:\/\/digitnow.com.mx\/#website","url":"https:\/\/digitnow.com.mx\/","name":"Digitnow","description":"Soluciones en la nube para empresas","publisher":{"@id":"https:\/\/digitnow.com.mx\/#organization"},"potentialAction":[{"@type":"SearchAction","target":{"@type":"EntryPoint","urlTemplate":"https:\/\/digitnow.com.mx\/?s={search_term_string}"},"query-input":{"@type":"PropertyValueSpecification","valueRequired":true,"valueName":"search_term_string"}}],"inLanguage":"es"},{"@type":"Organization","@id":"https:\/\/digitnow.com.mx\/#organization","name":"Digitnow","url":"https:\/\/digitnow.com.mx\/","logo":{"@type":"ImageObject","inLanguage":"es","@id":"https:\/\/digitnow.com.mx\/#\/schema\/logo\/image\/","url":"https:\/\/digitnow.com.mx\/wp-content\/uploads\/logo-digitnow-323w.webp","contentUrl":"https:\/\/digitnow.com.mx\/wp-content\/uploads\/logo-digitnow-323w.webp","width":320,"height":68,"caption":"Digitnow"},"image":{"@id":"https:\/\/digitnow.com.mx\/#\/schema\/logo\/image\/"},"sameAs":["https:\/\/www.facebook.com\/DigitNowMexico","https:\/\/x.com\/DigitNowMexico","https:\/\/www.linkedin.com\/company\/digitnow\/","https:\/\/www.instagram.com\/digitnow_oficial\/","https:\/\/www.youtube.com\/channel\/UCojoUfDnSdhxh6_VWO1OMGQ"]}]}},"_hostinger_reach_plugin_has_subscription_block":false,"_hostinger_reach_plugin_is_elementor":false,"_links":{"self":[{"href":"https:\/\/digitnow.com.mx\/es_mx\/wp-json\/wp\/v2\/pages\/152","targetHints":{"allow":["GET"]}}],"collection":[{"href":"https:\/\/digitnow.com.mx\/es_mx\/wp-json\/wp\/v2\/pages"}],"about":[{"href":"https:\/\/digitnow.com.mx\/es_mx\/wp-json\/wp\/v2\/types\/page"}],"author":[{"embeddable":true,"href":"https:\/\/digitnow.com.mx\/es_mx\/wp-json\/wp\/v2\/users\/4"}],"replies":[{"embeddable":true,"href":"https:\/\/digitnow.com.mx\/es_mx\/wp-json\/wp\/v2\/comments?post=152"}],"version-history":[{"count":53,"href":"https:\/\/digitnow.com.mx\/es_mx\/wp-json\/wp\/v2\/pages\/152\/revisions"}],"predecessor-version":[{"id":5717,"href":"https:\/\/digitnow.com.mx\/es_mx\/wp-json\/wp\/v2\/pages\/152\/revisions\/5717"}],"up":[{"embeddable":true,"href":"https:\/\/digitnow.com.mx\/es_mx\/wp-json\/wp\/v2\/pages\/1520"}],"wp:attachment":[{"href":"https:\/\/digitnow.com.mx\/es_mx\/wp-json\/wp\/v2\/media?parent=152"}],"curies":[{"name":"wp","href":"https:\/\/api.w.org\/{rel}","templated":true}]}}