{"id":1972,"date":"2024-07-25T13:57:40","date_gmt":"2024-07-25T19:57:40","guid":{"rendered":"https:\/\/digitnow.com.mx\/?page_id=1972"},"modified":"2026-03-05T17:51:34","modified_gmt":"2026-03-05T23:51:34","slug":"productividad-remota-empresarial","status":"publish","type":"page","link":"https:\/\/digitnow.com.mx\/es_mx\/nuestros-paquetes\/oficina-movil-2\/productividad-remota-empresarial\/","title":{"rendered":"Productividad Remota Empresarial"},"content":{"rendered":"\t\t<div data-elementor-type=\"wp-page\" data-elementor-id=\"1972\" class=\"elementor elementor-1972\" data-elementor-post-type=\"page\">\n\t\t\t\t<div class=\"elementor-element elementor-element-53bbff4e e-flex e-con-boxed e-con e-parent\" data-id=\"53bbff4e\" data-element_type=\"container\" data-e-type=\"container\" data-settings=\"{&quot;background_background&quot;:&quot;classic&quot;,&quot;background_motion_fx_motion_fx_scrolling&quot;:&quot;yes&quot;,&quot;background_motion_fx_translateY_effect&quot;:&quot;yes&quot;,&quot;background_motion_fx_translateY_speed&quot;:{&quot;unit&quot;:&quot;px&quot;,&quot;size&quot;:5,&quot;sizes&quot;:[]},&quot;background_motion_fx_translateY_affectedRange&quot;:{&quot;unit&quot;:&quot;%&quot;,&quot;size&quot;:&quot;&quot;,&quot;sizes&quot;:{&quot;start&quot;:0,&quot;end&quot;:100}},&quot;background_motion_fx_devices&quot;:[&quot;desktop&quot;,&quot;tablet&quot;,&quot;mobile&quot;]}\">\n\t\t\t\t\t<div class=\"e-con-inner\">\n\t\t\t\t<div class=\"elementor-element elementor-element-5f3cd129 elementor-widget elementor-widget-heading\" data-id=\"5f3cd129\" data-element_type=\"widget\" data-e-type=\"widget\" data-widget_type=\"heading.default\">\n\t\t\t\t<div class=\"elementor-widget-container\">\n\t\t\t\t\t<h2 class=\"elementor-heading-title elementor-size-default\">Contamos con las mejores\n soluciones de Productividad Remota<\/h2>\t\t\t\t<\/div>\n\t\t\t\t<\/div>\n\t\t\t\t<div class=\"elementor-element elementor-element-a5574ab elementor-widget elementor-widget-text-editor\" data-id=\"a5574ab\" data-element_type=\"widget\" data-e-type=\"widget\" data-widget_type=\"text-editor.default\">\n\t\t\t\t<div class=\"elementor-widget-container\">\n\t\t\t\t\t\t\t\t\t<h3 style=\"text-align: center;\"><span style=\"color: #ffffff;\">Lleve su productividad al siguiente nivel con nuestras soluciones para mantenerse conectado siempre que lo necesite, donde sea que est\u00e9<\/span><\/h3>\t\t\t\t\t\t\t\t<\/div>\n\t\t\t\t<\/div>\n\t\t\t\t\t<\/div>\n\t\t\t\t<\/div>\n\t\t<div class=\"elementor-element elementor-element-3461a0e9 e-con-full e-flex e-con e-parent\" data-id=\"3461a0e9\" data-element_type=\"container\" data-e-type=\"container\">\n\t\t<div class=\"elementor-element elementor-element-6cd290ae e-con-full e-flex e-con e-child\" data-id=\"6cd290ae\" data-element_type=\"container\" data-e-type=\"container\">\n\t\t<div class=\"elementor-element elementor-element-611ee8f0 e-grid e-con-boxed e-con e-child\" data-id=\"611ee8f0\" data-element_type=\"container\" data-e-type=\"container\">\n\t\t\t\t\t<div class=\"e-con-inner\">\n\t\t\t\t<div class=\"elementor-element elementor-element-2ef93429 elementor-position-top elementor-widget elementor-widget-image-box\" data-id=\"2ef93429\" data-element_type=\"widget\" data-e-type=\"widget\" data-widget_type=\"image-box.default\">\n\t\t\t\t<div class=\"elementor-widget-container\">\n\t\t\t\t\t<div class=\"elementor-image-box-wrapper\"><figure class=\"elementor-image-box-img\"><img fetchpriority=\"high\" decoding=\"async\" width=\"1080\" height=\"1080\" src=\"https:\/\/digitnow.com.mx\/wp-content\/uploads\/cloud-1.png\" class=\"attachment-full size-full wp-image-3580\" alt=\"\" srcset=\"https:\/\/digitnow.com.mx\/wp-content\/uploads\/cloud-1.png 1080w, https:\/\/digitnow.com.mx\/wp-content\/uploads\/cloud-1-300x300.png 300w, https:\/\/digitnow.com.mx\/wp-content\/uploads\/cloud-1-1024x1024.png 1024w, https:\/\/digitnow.com.mx\/wp-content\/uploads\/cloud-1-150x150.png 150w, https:\/\/digitnow.com.mx\/wp-content\/uploads\/cloud-1-768x768.png 768w, https:\/\/digitnow.com.mx\/wp-content\/uploads\/cloud-1-12x12.png 12w\" sizes=\"(max-width: 1080px) 100vw, 1080px\" \/><\/figure><div class=\"elementor-image-box-content\"><h3 class=\"elementor-image-box-title\">Servicios en la nube<\/h3><p class=\"elementor-image-box-description\">Maximice la productividad de sus colaboradores d\u00e1ndoles tecnolog\u00eda de punta, que les permita hacer sus tareas, expresar sus ideas y lograr sus objetivos f\u00e1cilmente,  trabajando desde cualquier lugar con ambientes seguros y actualizados.<\/p><\/div><\/div>\t\t\t\t<\/div>\n\t\t\t\t<\/div>\n\t\t\t\t<div class=\"elementor-element elementor-element-29489347 elementor-view-framed elementor-shape-circle elementor-position-block-start elementor-mobile-position-block-start elementor-widget elementor-widget-icon-box\" data-id=\"29489347\" data-element_type=\"widget\" data-e-type=\"widget\" data-widget_type=\"icon-box.default\">\n\t\t\t\t<div class=\"elementor-widget-container\">\n\t\t\t\t\t\t\t<div class=\"elementor-icon-box-wrapper\">\n\n\t\t\t\t\t\t<div class=\"elementor-icon-box-icon\">\n\t\t\t\t<span  class=\"elementor-icon\">\n\t\t\t\t<svg aria-hidden=\"true\" class=\"e-font-icon-svg e-fas-phone-alt\" viewBox=\"0 0 512 512\" xmlns=\"http:\/\/www.w3.org\/2000\/svg\"><path d=\"M497.39 361.8l-112-48a24 24 0 0 0-28 6.9l-49.6 60.6A370.66 370.66 0 0 1 130.6 204.11l60.6-49.6a23.94 23.94 0 0 0 6.9-28l-48-112A24.16 24.16 0 0 0 122.6.61l-104 24A24 24 0 0 0 0 48c0 256.5 207.9 464 464 464a24 24 0 0 0 23.4-18.6l24-104a24.29 24.29 0 0 0-14.01-27.6z\"><\/path><\/svg>\t\t\t\t<\/span>\n\t\t\t<\/div>\n\t\t\t\n\t\t\t\t\t\t<div class=\"elementor-icon-box-content\">\n\n\t\t\t\t\t\t\t\t\t<h3 class=\"elementor-icon-box-title\">\n\t\t\t\t\t\t<span  >\n\t\t\t\t\t\t\tTelefon\u00eda Cloud\t\t\t\t\t\t<\/span>\n\t\t\t\t\t<\/h3>\n\t\t\t\t\n\t\t\t\t\t\t\t\t\t<p class=\"elementor-icon-box-description\">\n\t\t\t\t\t\tSimplifique la gesti\u00f3n de su comunicaci\u00f3n empresarial, reduzca costos y mejore la productividad con funciones avanzadas como llamadas en alta definici\u00f3n, videoconferencias, y herramientas de colaboraci\u00f3n integradas. \n\t\t\t\t\t<\/p>\n\t\t\t\t\n\t\t\t<\/div>\n\t\t\t\n\t\t<\/div>\n\t\t\t\t\t\t<\/div>\n\t\t\t\t<\/div>\n\t\t\t\t<div class=\"elementor-element elementor-element-4af2fcd9 elementor-position-top elementor-widget elementor-widget-image-box\" data-id=\"4af2fcd9\" data-element_type=\"widget\" data-e-type=\"widget\" data-widget_type=\"image-box.default\">\n\t\t\t\t<div class=\"elementor-widget-container\">\n\t\t\t\t\t<div class=\"elementor-image-box-wrapper\"><figure class=\"elementor-image-box-img\"><img decoding=\"async\" width=\"1080\" height=\"1080\" src=\"https:\/\/digitnow.com.mx\/wp-content\/uploads\/atencion-cliente.png\" class=\"attachment-full size-full wp-image-3671\" alt=\"\" srcset=\"https:\/\/digitnow.com.mx\/wp-content\/uploads\/atencion-cliente.png 1080w, https:\/\/digitnow.com.mx\/wp-content\/uploads\/atencion-cliente-300x300.png 300w, https:\/\/digitnow.com.mx\/wp-content\/uploads\/atencion-cliente-1024x1024.png 1024w, https:\/\/digitnow.com.mx\/wp-content\/uploads\/atencion-cliente-150x150.png 150w, https:\/\/digitnow.com.mx\/wp-content\/uploads\/atencion-cliente-768x768.png 768w, https:\/\/digitnow.com.mx\/wp-content\/uploads\/atencion-cliente-12x12.png 12w\" sizes=\"(max-width: 1080px) 100vw, 1080px\" \/><\/figure><div class=\"elementor-image-box-content\"><h3 class=\"elementor-image-box-title\">El servicio indicado para usted<\/h3><p class=\"elementor-image-box-description\">Acceda a servicios profesionales de implementaci\u00f3n, consultor\u00eda de nube y migraciones a cualquiera de nuestros servicios de almacenamiento cloud.<\/p><\/div><\/div>\t\t\t\t<\/div>\n\t\t\t\t<\/div>\n\t\t\t\t<div class=\"elementor-element elementor-element-1ae67bc8 elementor-position-top elementor-widget elementor-widget-image-box\" data-id=\"1ae67bc8\" data-element_type=\"widget\" data-e-type=\"widget\" data-widget_type=\"image-box.default\">\n\t\t\t\t<div class=\"elementor-widget-container\">\n\t\t\t\t\t<div class=\"elementor-image-box-wrapper\"><figure class=\"elementor-image-box-img\"><img decoding=\"async\" width=\"1080\" height=\"1080\" src=\"https:\/\/digitnow.com.mx\/wp-content\/uploads\/asistencia-24-7.png\" class=\"attachment-full size-full wp-image-3679\" alt=\"\" srcset=\"https:\/\/digitnow.com.mx\/wp-content\/uploads\/asistencia-24-7.png 1080w, https:\/\/digitnow.com.mx\/wp-content\/uploads\/asistencia-24-7-300x300.png 300w, https:\/\/digitnow.com.mx\/wp-content\/uploads\/asistencia-24-7-1024x1024.png 1024w, https:\/\/digitnow.com.mx\/wp-content\/uploads\/asistencia-24-7-150x150.png 150w, https:\/\/digitnow.com.mx\/wp-content\/uploads\/asistencia-24-7-768x768.png 768w, https:\/\/digitnow.com.mx\/wp-content\/uploads\/asistencia-24-7-12x12.png 12w\" sizes=\"(max-width: 1080px) 100vw, 1080px\" \/><\/figure><div class=\"elementor-image-box-content\"><h3 class=\"elementor-image-box-title\">Soporte y Ayuda constante<\/h3><p class=\"elementor-image-box-description\">Contamos con un servicio continuo de soporte y ayuda, por lo que ante cualquier imprevisto siempre tendr\u00e1 un experto listo para asesorarlo.<\/p><\/div><\/div>\t\t\t\t<\/div>\n\t\t\t\t<\/div>\n\t\t\t\t\t<\/div>\n\t\t\t\t<\/div>\n\t\t\t\t<\/div>\n\t\t\t\t<\/div>\n\t\t<div class=\"elementor-element elementor-element-758516ca e-flex e-con-boxed e-con e-parent\" data-id=\"758516ca\" data-element_type=\"container\" data-e-type=\"container\" data-settings=\"{&quot;background_background&quot;:&quot;classic&quot;}\">\n\t\t\t\t\t<div class=\"e-con-inner\">\n\t\t<div class=\"elementor-element elementor-element-1166c6f6 e-con-full e-flex e-con e-child\" data-id=\"1166c6f6\" data-element_type=\"container\" data-e-type=\"container\">\n\t\t\t\t<div class=\"elementor-element elementor-element-fbaef40 elementor-widget elementor-widget-heading\" data-id=\"fbaef40\" data-element_type=\"widget\" data-e-type=\"widget\" data-widget_type=\"heading.default\">\n\t\t\t\t<div class=\"elementor-widget-container\">\n\t\t\t\t\t<h2 class=\"elementor-heading-title elementor-size-default\">Obtenga nuestro servicio de Productividad Remota Empresarial<\/h2>\t\t\t\t<\/div>\n\t\t\t\t<\/div>\n\t\t\t\t<div class=\"elementor-element elementor-element-71ccfbc7 elementor-widget elementor-widget-text-editor\" data-id=\"71ccfbc7\" data-element_type=\"widget\" data-e-type=\"widget\" data-widget_type=\"text-editor.default\">\n\t\t\t\t<div class=\"elementor-widget-container\">\n\t\t\t\t\t\t\t\t\t<p class=\"size-18 m-size-14\"><span class=\"font-size-18 m-font-size-14\">De esta forma, puede aprovechar la experiencia de Digitnow M\u00e9xico para desarrollar su operaci\u00f3n digital, organizaci\u00f3n y capacidades t\u00e9cnicas, para\u00a0 que obtenga beneficios comerciales de forma eficaz, r\u00e1pida y \u00e1gil.<\/span><\/p>\t\t\t\t\t\t\t\t<\/div>\n\t\t\t\t<\/div>\n\t\t\t\t<\/div>\n\t\t<div class=\"elementor-element elementor-element-e31da1a e-con-full e-flex e-con e-child\" data-id=\"e31da1a\" data-element_type=\"container\" data-e-type=\"container\">\n\t\t\t\t<div class=\"elementor-element elementor-element-143f27ca elementor-widget elementor-widget-heading\" data-id=\"143f27ca\" data-element_type=\"widget\" data-e-type=\"widget\" data-widget_type=\"heading.default\">\n\t\t\t\t<div class=\"elementor-widget-container\">\n\t\t\t\t\t<h2 class=\"elementor-heading-title elementor-size-default\">\u00bfLe interesa?<\/h2>\t\t\t\t<\/div>\n\t\t\t\t<\/div>\n\t\t\t\t<div class=\"elementor-element elementor-element-1d1bd0ee elementor-widget elementor-widget-text-editor\" data-id=\"1d1bd0ee\" data-element_type=\"widget\" data-e-type=\"widget\" data-widget_type=\"text-editor.default\">\n\t\t\t\t<div class=\"elementor-widget-container\">\n\t\t\t\t\t\t\t\t\t<p>\u00a1Escr\u00edbanos y nos comunicaremos con usted!<\/p>\t\t\t\t\t\t\t\t<\/div>\n\t\t\t\t<\/div>\n\t\t\t\t<div class=\"elementor-element elementor-element-74c538d9 elementor-button-align-center elementor-widget elementor-widget-form\" data-id=\"74c538d9\" data-element_type=\"widget\" data-e-type=\"widget\" data-settings=\"{&quot;step_next_label&quot;:&quot;Next&quot;,&quot;step_previous_label&quot;:&quot;Previous&quot;,&quot;button_width&quot;:&quot;100&quot;,&quot;step_type&quot;:&quot;number_text&quot;,&quot;step_icon_shape&quot;:&quot;circle&quot;}\" data-widget_type=\"form.default\">\n\t\t\t\t<div class=\"elementor-widget-container\">\n\t\t\t\t\t\t\t<form class=\"elementor-form\" method=\"post\" name=\"New Form\" aria-label=\"New Form\">\n\t\t\t<input type=\"hidden\" name=\"post_id\" value=\"1972\"\/>\n\t\t\t<input type=\"hidden\" name=\"form_id\" value=\"74c538d9\"\/>\n\t\t\t<input type=\"hidden\" name=\"referer_title\" value=\"DigitNow\" \/>\n\n\t\t\t\n\t\t\t<div class=\"elementor-form-fields-wrapper elementor-labels-above\">\n\t\t\t\t\t\t\t\t<div class=\"elementor-field-type-text elementor-field-group elementor-column elementor-field-group-name elementor-col-100\">\n\t\t\t\t\t\t\t\t\t\t\t\t\t<input size=\"1\" type=\"text\" name=\"form_fields[name]\" id=\"form-field-name\" class=\"elementor-field elementor-size-sm  elementor-field-textual\" placeholder=\"Nombre\">\n\t\t\t\t\t\t\t\t\t\t\t<\/div>\n\t\t\t\t\t\t\t\t<div class=\"elementor-field-type-email elementor-field-group elementor-column elementor-field-group-email elementor-col-100 elementor-field-required\">\n\t\t\t\t\t\t\t\t\t\t\t\t\t<input size=\"1\" type=\"email\" name=\"form_fields[email]\" id=\"form-field-email\" class=\"elementor-field elementor-size-sm  elementor-field-textual\" placeholder=\"Email\" required=\"required\">\n\t\t\t\t\t\t\t\t\t\t\t<\/div>\n\t\t\t\t\t\t\t\t<div class=\"elementor-field-type-tel elementor-field-group elementor-column elementor-field-group-message elementor-col-100\">\n\t\t\t\t\t\t\t<input size=\"1\" type=\"tel\" name=\"form_fields[message]\" id=\"form-field-message\" class=\"elementor-field elementor-size-sm  elementor-field-textual\" placeholder=\"Tel\u00e9fono\" pattern=\"[0-9()#&amp;+*-=.]+\" title=\"Only numbers and phone characters (#, -, *, etc) are accepted.\">\n\n\t\t\t\t\t\t<\/div>\n\t\t\t\t\t\t\t\t<div class=\"elementor-field-type-text elementor-field-group elementor-column elementor-field-group-field_876674d elementor-col-100\">\n\t\t\t\t\t\t\t\t\t\t\t\t\t<input size=\"1\" type=\"text\" name=\"form_fields[field_876674d]\" id=\"form-field-field_876674d\" class=\"elementor-field elementor-size-sm  elementor-field-textual\" placeholder=\"Comentarios o dudas\">\n\t\t\t\t\t\t\t\t\t\t\t<\/div>\n\t\t\t\t\t\t\t\t<div class=\"elementor-field-group elementor-column elementor-field-type-submit elementor-col-100 e-form__buttons\">\n\t\t\t\t\t<button class=\"elementor-button elementor-size-sm elementor-animation-grow\" type=\"submit\">\n\t\t\t\t\t\t<span class=\"elementor-button-content-wrapper\">\n\t\t\t\t\t\t\t\t\t\t\t\t\t\t\t\t\t\t\t\t\t\t<span class=\"elementor-button-text\">\u00a1Cont\u00e1ctenme!<\/span>\n\t\t\t\t\t\t\t\t\t\t\t\t\t<\/span>\n\t\t\t\t\t<\/button>\n\t\t\t\t<\/div>\n\t\t\t<\/div>\n\t\t<\/form>\n\t\t\t\t\t\t<\/div>\n\t\t\t\t<\/div>\n\t\t\t\t<\/div>\n\t\t\t\t\t<\/div>\n\t\t\t\t<\/div>\n\t\t\t\t<\/div>\n\t\t","protected":false},"excerpt":{"rendered":"<p>Contamos con las mejores soluciones de Productividad Remota Lleve su productividad al siguiente nivel con nuestras soluciones para mantenerse conectado siempre que lo necesite, donde sea que est\u00e9 Servicios en la nube Maximice la productividad de sus colaboradores d\u00e1ndoles tecnolog\u00eda de punta, que les permita hacer sus tareas, expresar sus ideas y lograr sus objetivos [&hellip;]<\/p>\n","protected":false},"author":4,"featured_media":0,"parent":99,"menu_order":0,"comment_status":"closed","ping_status":"closed","template":"","meta":{"inline_featured_image":false,"footnotes":""},"class_list":["post-1972","page","type-page","status-publish","hentry"],"yoast_head":"<!-- This site is optimized with the Yoast SEO plugin v27.6 - https:\/\/yoast.com\/product\/yoast-seo-wordpress\/ -->\n<title>Productividad Remota Empresarial - DigitNow<\/title>\n<meta name=\"robots\" content=\"index, follow, max-snippet:-1, max-image-preview:large, max-video-preview:-1\" \/>\n<link rel=\"canonical\" href=\"https:\/\/digitnow.com.mx\/es_mx\/nuestros-paquetes\/oficina-movil-2\/productividad-remota-empresarial\/\" \/>\n<meta property=\"og:locale\" content=\"es_MX\" \/>\n<meta property=\"og:type\" content=\"article\" \/>\n<meta property=\"og:title\" content=\"Productividad Remota Empresarial - DigitNow\" \/>\n<meta property=\"og:description\" content=\"Contamos con las mejores soluciones de Productividad Remota Lleve su productividad al siguiente nivel con nuestras soluciones para mantenerse conectado siempre que lo necesite, donde sea que est\u00e9 Servicios en la nube Maximice la productividad de sus colaboradores d\u00e1ndoles tecnolog\u00eda de punta, que les permita hacer sus tareas, expresar sus ideas y lograr sus objetivos [&hellip;]\" \/>\n<meta property=\"og:url\" content=\"https:\/\/digitnow.com.mx\/es_mx\/nuestros-paquetes\/oficina-movil-2\/productividad-remota-empresarial\/\" \/>\n<meta property=\"og:site_name\" content=\"DigitNow\" \/>\n<meta property=\"article:publisher\" content=\"https:\/\/www.facebook.com\/DigitNowMexico\" \/>\n<meta property=\"article:modified_time\" content=\"2026-03-05T23:51:34+00:00\" \/>\n<meta property=\"og:image\" content=\"https:\/\/digitnow.com.mx\/wp-content\/uploads\/cloud-1.png\" \/>\n\t<meta property=\"og:image:width\" content=\"1080\" \/>\n\t<meta property=\"og:image:height\" content=\"1080\" \/>\n\t<meta property=\"og:image:type\" content=\"image\/png\" \/>\n<meta name=\"twitter:card\" content=\"summary_large_image\" \/>\n<meta name=\"twitter:site\" content=\"@DigitNowMexico\" \/>\n<meta name=\"twitter:label1\" content=\"Tiempo de lectura\" \/>\n\t<meta name=\"twitter:data1\" content=\"2 minutos\" \/>\n<script type=\"application\/ld+json\" class=\"yoast-schema-graph\">{\"@context\":\"https:\\\/\\\/schema.org\",\"@graph\":[{\"@type\":\"WebPage\",\"@id\":\"https:\\\/\\\/digitnow.com.mx\\\/nuestros-paquetes\\\/oficina-movil-2\\\/productividad-remota-empresarial\\\/\",\"url\":\"https:\\\/\\\/digitnow.com.mx\\\/nuestros-paquetes\\\/oficina-movil-2\\\/productividad-remota-empresarial\\\/\",\"name\":\"Productividad Remota Empresarial - DigitNow\",\"isPartOf\":{\"@id\":\"https:\\\/\\\/digitnow.com.mx\\\/#website\"},\"primaryImageOfPage\":{\"@id\":\"https:\\\/\\\/digitnow.com.mx\\\/nuestros-paquetes\\\/oficina-movil-2\\\/productividad-remota-empresarial\\\/#primaryimage\"},\"image\":{\"@id\":\"https:\\\/\\\/digitnow.com.mx\\\/nuestros-paquetes\\\/oficina-movil-2\\\/productividad-remota-empresarial\\\/#primaryimage\"},\"thumbnailUrl\":\"https:\\\/\\\/digitnow.com.mx\\\/wp-content\\\/uploads\\\/cloud-1.png\",\"datePublished\":\"2024-07-25T19:57:40+00:00\",\"dateModified\":\"2026-03-05T23:51:34+00:00\",\"breadcrumb\":{\"@id\":\"https:\\\/\\\/digitnow.com.mx\\\/nuestros-paquetes\\\/oficina-movil-2\\\/productividad-remota-empresarial\\\/#breadcrumb\"},\"inLanguage\":\"es\",\"potentialAction\":[{\"@type\":\"ReadAction\",\"target\":[\"https:\\\/\\\/digitnow.com.mx\\\/nuestros-paquetes\\\/oficina-movil-2\\\/productividad-remota-empresarial\\\/\"]}]},{\"@type\":\"ImageObject\",\"inLanguage\":\"es\",\"@id\":\"https:\\\/\\\/digitnow.com.mx\\\/nuestros-paquetes\\\/oficina-movil-2\\\/productividad-remota-empresarial\\\/#primaryimage\",\"url\":\"https:\\\/\\\/digitnow.com.mx\\\/wp-content\\\/uploads\\\/cloud-1.png\",\"contentUrl\":\"https:\\\/\\\/digitnow.com.mx\\\/wp-content\\\/uploads\\\/cloud-1.png\"},{\"@type\":\"BreadcrumbList\",\"@id\":\"https:\\\/\\\/digitnow.com.mx\\\/nuestros-paquetes\\\/oficina-movil-2\\\/productividad-remota-empresarial\\\/#breadcrumb\",\"itemListElement\":[{\"@type\":\"ListItem\",\"position\":1,\"name\":\"Portada\",\"item\":\"https:\\\/\\\/digitnow.com.mx\\\/es_mx\\\/\"},{\"@type\":\"ListItem\",\"position\":2,\"name\":\"Conoce nuestros paquetes\",\"item\":\"https:\\\/\\\/digitnow.com.mx\\\/nuestros-paquetes\\\/\"},{\"@type\":\"ListItem\",\"position\":3,\"name\":\"Soluciones para Trabajo Remoto\",\"item\":\"https:\\\/\\\/digitnow.com.mx\\\/es_mx\\\/nuestros-paquetes\\\/oficina-movil-2\\\/\"},{\"@type\":\"ListItem\",\"position\":4,\"name\":\"Productividad Remota Empresarial\"}]},{\"@type\":\"WebSite\",\"@id\":\"https:\\\/\\\/digitnow.com.mx\\\/#website\",\"url\":\"https:\\\/\\\/digitnow.com.mx\\\/\",\"name\":\"Digitnow\",\"description\":\"Soluciones en la nube para empresas\",\"publisher\":{\"@id\":\"https:\\\/\\\/digitnow.com.mx\\\/#organization\"},\"potentialAction\":[{\"@type\":\"SearchAction\",\"target\":{\"@type\":\"EntryPoint\",\"urlTemplate\":\"https:\\\/\\\/digitnow.com.mx\\\/?s={search_term_string}\"},\"query-input\":{\"@type\":\"PropertyValueSpecification\",\"valueRequired\":true,\"valueName\":\"search_term_string\"}}],\"inLanguage\":\"es\"},{\"@type\":\"Organization\",\"@id\":\"https:\\\/\\\/digitnow.com.mx\\\/#organization\",\"name\":\"Digitnow\",\"url\":\"https:\\\/\\\/digitnow.com.mx\\\/\",\"logo\":{\"@type\":\"ImageObject\",\"inLanguage\":\"es\",\"@id\":\"https:\\\/\\\/digitnow.com.mx\\\/#\\\/schema\\\/logo\\\/image\\\/\",\"url\":\"https:\\\/\\\/digitnow.com.mx\\\/wp-content\\\/uploads\\\/logo-digitnow-323w.webp\",\"contentUrl\":\"https:\\\/\\\/digitnow.com.mx\\\/wp-content\\\/uploads\\\/logo-digitnow-323w.webp\",\"width\":320,\"height\":68,\"caption\":\"Digitnow\"},\"image\":{\"@id\":\"https:\\\/\\\/digitnow.com.mx\\\/#\\\/schema\\\/logo\\\/image\\\/\"},\"sameAs\":[\"https:\\\/\\\/www.facebook.com\\\/DigitNowMexico\",\"https:\\\/\\\/x.com\\\/DigitNowMexico\",\"https:\\\/\\\/www.linkedin.com\\\/company\\\/digitnow\\\/\",\"https:\\\/\\\/www.instagram.com\\\/digitnow_oficial\\\/\",\"https:\\\/\\\/www.youtube.com\\\/channel\\\/UCojoUfDnSdhxh6_VWO1OMGQ\"]}]}<\/script>\n<!-- \/ Yoast SEO plugin. -->","yoast_head_json":{"title":"Productividad Remota Empresarial - DigitNow","robots":{"index":"index","follow":"follow","max-snippet":"max-snippet:-1","max-image-preview":"max-image-preview:large","max-video-preview":"max-video-preview:-1"},"canonical":"https:\/\/digitnow.com.mx\/es_mx\/nuestros-paquetes\/oficina-movil-2\/productividad-remota-empresarial\/","og_locale":"es_MX","og_type":"article","og_title":"Productividad Remota Empresarial - DigitNow","og_description":"Contamos con las mejores soluciones de Productividad Remota Lleve su productividad al siguiente nivel con nuestras soluciones para mantenerse conectado siempre que lo necesite, donde sea que est\u00e9 Servicios en la nube Maximice la productividad de sus colaboradores d\u00e1ndoles tecnolog\u00eda de punta, que les permita hacer sus tareas, expresar sus ideas y lograr sus objetivos [&hellip;]","og_url":"https:\/\/digitnow.com.mx\/es_mx\/nuestros-paquetes\/oficina-movil-2\/productividad-remota-empresarial\/","og_site_name":"DigitNow","article_publisher":"https:\/\/www.facebook.com\/DigitNowMexico","article_modified_time":"2026-03-05T23:51:34+00:00","og_image":[{"width":1080,"height":1080,"url":"https:\/\/digitnow.com.mx\/wp-content\/uploads\/cloud-1.png","type":"image\/png"}],"twitter_card":"summary_large_image","twitter_site":"@DigitNowMexico","twitter_misc":{"Tiempo de lectura":"2 minutos"},"schema":{"@context":"https:\/\/schema.org","@graph":[{"@type":"WebPage","@id":"https:\/\/digitnow.com.mx\/nuestros-paquetes\/oficina-movil-2\/productividad-remota-empresarial\/","url":"https:\/\/digitnow.com.mx\/nuestros-paquetes\/oficina-movil-2\/productividad-remota-empresarial\/","name":"Productividad Remota Empresarial - DigitNow","isPartOf":{"@id":"https:\/\/digitnow.com.mx\/#website"},"primaryImageOfPage":{"@id":"https:\/\/digitnow.com.mx\/nuestros-paquetes\/oficina-movil-2\/productividad-remota-empresarial\/#primaryimage"},"image":{"@id":"https:\/\/digitnow.com.mx\/nuestros-paquetes\/oficina-movil-2\/productividad-remota-empresarial\/#primaryimage"},"thumbnailUrl":"https:\/\/digitnow.com.mx\/wp-content\/uploads\/cloud-1.png","datePublished":"2024-07-25T19:57:40+00:00","dateModified":"2026-03-05T23:51:34+00:00","breadcrumb":{"@id":"https:\/\/digitnow.com.mx\/nuestros-paquetes\/oficina-movil-2\/productividad-remota-empresarial\/#breadcrumb"},"inLanguage":"es","potentialAction":[{"@type":"ReadAction","target":["https:\/\/digitnow.com.mx\/nuestros-paquetes\/oficina-movil-2\/productividad-remota-empresarial\/"]}]},{"@type":"ImageObject","inLanguage":"es","@id":"https:\/\/digitnow.com.mx\/nuestros-paquetes\/oficina-movil-2\/productividad-remota-empresarial\/#primaryimage","url":"https:\/\/digitnow.com.mx\/wp-content\/uploads\/cloud-1.png","contentUrl":"https:\/\/digitnow.com.mx\/wp-content\/uploads\/cloud-1.png"},{"@type":"BreadcrumbList","@id":"https:\/\/digitnow.com.mx\/nuestros-paquetes\/oficina-movil-2\/productividad-remota-empresarial\/#breadcrumb","itemListElement":[{"@type":"ListItem","position":1,"name":"Portada","item":"https:\/\/digitnow.com.mx\/es_mx\/"},{"@type":"ListItem","position":2,"name":"Conoce nuestros paquetes","item":"https:\/\/digitnow.com.mx\/nuestros-paquetes\/"},{"@type":"ListItem","position":3,"name":"Soluciones para Trabajo Remoto","item":"https:\/\/digitnow.com.mx\/es_mx\/nuestros-paquetes\/oficina-movil-2\/"},{"@type":"ListItem","position":4,"name":"Productividad Remota Empresarial"}]},{"@type":"WebSite","@id":"https:\/\/digitnow.com.mx\/#website","url":"https:\/\/digitnow.com.mx\/","name":"Digitnow","description":"Soluciones en la nube para empresas","publisher":{"@id":"https:\/\/digitnow.com.mx\/#organization"},"potentialAction":[{"@type":"SearchAction","target":{"@type":"EntryPoint","urlTemplate":"https:\/\/digitnow.com.mx\/?s={search_term_string}"},"query-input":{"@type":"PropertyValueSpecification","valueRequired":true,"valueName":"search_term_string"}}],"inLanguage":"es"},{"@type":"Organization","@id":"https:\/\/digitnow.com.mx\/#organization","name":"Digitnow","url":"https:\/\/digitnow.com.mx\/","logo":{"@type":"ImageObject","inLanguage":"es","@id":"https:\/\/digitnow.com.mx\/#\/schema\/logo\/image\/","url":"https:\/\/digitnow.com.mx\/wp-content\/uploads\/logo-digitnow-323w.webp","contentUrl":"https:\/\/digitnow.com.mx\/wp-content\/uploads\/logo-digitnow-323w.webp","width":320,"height":68,"caption":"Digitnow"},"image":{"@id":"https:\/\/digitnow.com.mx\/#\/schema\/logo\/image\/"},"sameAs":["https:\/\/www.facebook.com\/DigitNowMexico","https:\/\/x.com\/DigitNowMexico","https:\/\/www.linkedin.com\/company\/digitnow\/","https:\/\/www.instagram.com\/digitnow_oficial\/","https:\/\/www.youtube.com\/channel\/UCojoUfDnSdhxh6_VWO1OMGQ"]}]}},"_hostinger_reach_plugin_has_subscription_block":false,"_hostinger_reach_plugin_is_elementor":false,"_links":{"self":[{"href":"https:\/\/digitnow.com.mx\/es_mx\/wp-json\/wp\/v2\/pages\/1972","targetHints":{"allow":["GET"]}}],"collection":[{"href":"https:\/\/digitnow.com.mx\/es_mx\/wp-json\/wp\/v2\/pages"}],"about":[{"href":"https:\/\/digitnow.com.mx\/es_mx\/wp-json\/wp\/v2\/types\/page"}],"author":[{"embeddable":true,"href":"https:\/\/digitnow.com.mx\/es_mx\/wp-json\/wp\/v2\/users\/4"}],"replies":[{"embeddable":true,"href":"https:\/\/digitnow.com.mx\/es_mx\/wp-json\/wp\/v2\/comments?post=1972"}],"version-history":[{"count":22,"href":"https:\/\/digitnow.com.mx\/es_mx\/wp-json\/wp\/v2\/pages\/1972\/revisions"}],"predecessor-version":[{"id":5672,"href":"https:\/\/digitnow.com.mx\/es_mx\/wp-json\/wp\/v2\/pages\/1972\/revisions\/5672"}],"up":[{"embeddable":true,"href":"https:\/\/digitnow.com.mx\/es_mx\/wp-json\/wp\/v2\/pages\/99"}],"wp:attachment":[{"href":"https:\/\/digitnow.com.mx\/es_mx\/wp-json\/wp\/v2\/media?parent=1972"}],"curies":[{"name":"wp","href":"https:\/\/api.w.org\/{rel}","templated":true}]}}