{"id":44,"date":"2024-06-17T06:47:58","date_gmt":"2024-06-17T04:47:58","guid":{"rendered":"https:\/\/digitnow.com.mx\/?page_id=44"},"modified":"2024-07-30T17:26:16","modified_gmt":"2024-07-30T23:26:16","slug":"privacidad","status":"publish","type":"page","link":"https:\/\/digitnow.com.mx\/es_mx\/privacidad\/","title":{"rendered":"Privacidad"},"content":{"rendered":"\t\t<div data-elementor-type=\"wp-page\" data-elementor-id=\"44\" class=\"elementor elementor-44\" data-elementor-post-type=\"page\">\n\t\t\t\t<div class=\"elementor-element elementor-element-bd8a801 e-flex e-con-boxed e-con e-parent\" data-id=\"bd8a801\" data-element_type=\"container\" data-e-type=\"container\">\n\t\t\t\t\t<div class=\"e-con-inner\">\n\t\t\t\t<div class=\"elementor-element elementor-element-478dc55 elementor-widget elementor-widget-text-editor\" data-id=\"478dc55\" data-element_type=\"widget\" data-e-type=\"widget\" data-widget_type=\"text-editor.default\">\n\t\t\t\t<div class=\"elementor-widget-container\">\n\t\t\t\t\t\t\t\t\t<h1>DigitNow Aviso de Privacidad<\/h1><p><span class=\"lh-1 font-size-15\">DIGITNOW MEXICO S. DE R.L. DE C.V., mejor conocido como DigitNow, con domicilio Blvd. Anillo Perif\u00e9rico Adolfo L\u00f3pez Mateos 4293, P3. Jardines en la monta\u00f1a, Tlalpan, CDMX 14210, pa\u00eds MEXICO, y portal de internet WWW.DIGITNOW.COM.MX, es el responsable del uso y protecci\u00f3n de sus datos personales, y al respecto le informamos lo siguiente:<\/span><\/p><div><span class=\"lh-1 font-size-15\">\u00a0<\/span><\/div><h4><span class=\"lh-1 font-size-15\"><b>\u00bfPARA QU\u00c9 FINES UTILIZAREMOS SUS DATOS PERSONALES?<\/b><\/span><\/h4><div><span class=\"lh-1 font-size-15\">\u00a0<\/span><\/div><p><span class=\"lh-1 font-size-15\">De manera adicional, utilizaremos su informaci\u00f3n personal para las siguientes finalidades secundarias que no son necesarias para el servicio solicitado, pero que nos permiten y facilitan brindarle una mejor atenci\u00f3n:<\/span><\/p><p><span class=\"lh-1 font-size-15\">\u00a0<\/span><\/p><ul><li><span class=\"lh-1 font-size-15\">Informaci\u00f3n referencia a productos y servicios<\/span><\/li><li><span class=\"lh-1 font-size-15\">Servicios contratados<\/span><\/li><li><span class=\"lh-1 font-size-15\">Proveer los productos<\/span><\/li><li><span class=\"lh-1 font-size-15\">Mercadotecnia o publicitaria<\/span><\/li><li><span class=\"lh-1 font-size-15\">Prospecci\u00f3n comercial<\/span><\/li><\/ul><p><span class=\"lh-1 font-size-15\">\u00a0<\/span><\/p><p><span class=\"lh-1 font-size-15\">En caso de que no desee que sus datos personales se utilicen para estos fines secundarios, ind\u00edquelo a continuaci\u00f3n:<\/span><\/p><p><span class=\"lh-1 font-size-15\">\u00a0<\/span><\/p><p><span class=\"lh-1 font-size-15\">No consiento que mis datos personales se utilicen para los siguientes fines:<\/span><\/p><p><span class=\"lh-1 font-size-15\">\u00a0<\/span><\/p><p><span class=\"lh-1 font-size-15\">[ ] Informaci\u00f3n referencia a productos y servicios<\/span><\/p><p><span class=\"lh-1 font-size-15\">[ ] Servicios contratados<\/span><\/p><p><span class=\"lh-1 font-size-15\">[ ] Proveer los productos<\/span><\/p><p><span class=\"lh-1 font-size-15\">[ ] Mercadotecnia o publicitaria<\/span><\/p><p><span class=\"lh-1 font-size-15\">[ ] Prospecci\u00f3n comercial<\/span><\/p><p><span class=\"lh-1 font-size-15\">\u00a0<\/span><\/p><p><span class=\"lh-1 font-size-15\">La negativa para el uso de sus datos personales para estas finalidades no podr\u00e1 ser un motivo para que le neguemos los servicios y productos que solicita o contrata con nosotros.<\/span><\/p><div><span class=\"lh-1 font-size-15\">\u00a0<\/span><\/div><h4><span class=\"lh-1 font-size-15\"><b>\u00bfQU\u00c9 DATOS PERSONALES UTILIZAREMOS PARA ESTOS FINES?<\/b><\/span><\/h4><div><span class=\"lh-1 font-size-15\">\u00a0<\/span><\/div><p><span class=\"lh-1 font-size-15\">Para llevar a cabo las finalidades descritas en el presente aviso de privacidad, utilizaremos los siguientes datos personales:<\/span><\/p><p><span class=\"lh-1 font-size-15\">\u00a0<\/span><\/p><ul><li><p><span class=\"lh-1 font-size-15\">Datos de identificaci\u00f3n<\/span><\/p><\/li><li><p><span class=\"lh-1 font-size-15\">Datos de contacto<\/span><\/p><\/li><li><p><span class=\"lh-1 font-size-15\">Datos laborales<\/span><\/p><\/li><li><p><span class=\"lh-1 font-size-15\">Datos acad\u00e9micos<\/span><\/p><\/li><li><p><span class=\"lh-1 font-size-15\">Datos migratorios<\/span><\/p><\/li><li><p><span class=\"lh-1 font-size-15\">Datos patrimoniales y\/o financieros<\/span><\/p><\/li><\/ul><div><span style=\"font-family: Verdana;\">\u00a0<\/span><\/div><h4><span style=\"font-family: Verdana;\"><b>\u00bfC\u00d3MO PUEDE ACCEDER, RECTIFICAR O CANCELAR SUS DATOS PERSONALES, U OPONERSE A SU USO?<\/b><\/span><\/h4><div><span style=\"font-family: Verdana;\">\u00a0<\/span><\/div><p><span style=\"font-family: Verdana;\">Usted tiene derecho a conocer qu\u00e9 datos personales tenemos de usted, para qu\u00e9 los utilizamos y las condiciones del uso que les damos (Acceso). Asimismo, es su derecho solicitar la correcci\u00f3n de su informaci\u00f3n personal en caso de que est\u00e9 desactualizada, sea inexacta o incompleta (Rectificaci\u00f3n); que la eliminemos de nuestros registros o bases de datos cuando considere que la misma no est\u00e1 siendo utilizada adecuadamente (Cancelaci\u00f3n); as\u00ed como oponerse al uso de sus datos personales para fines espec\u00edficos (Oposici\u00f3n). Estos derechos se conocen como derechos ARCO.<\/span><\/p><p><span style=\"font-family: Verdana;\">\u00a0<\/span><\/p><p><span style=\"font-family: Verdana;\">Para el ejercicio de cualquiera de los derechos ARCO, usted deber\u00e1 presentar la solicitud respectiva a trav\u00e9s del siguiente medio:<\/span><\/p><div><span style=\"font-family: Verdana;\">\u00a0<\/span><\/div><div><span style=\"font-family: Verdana;\">Aviso@digitnow.com.mx<\/span><\/div><div><span style=\"font-family: Verdana;\">\u00a0<\/span><\/div><div><span style=\"font-family: Verdana;\">Para conocer el procedimiento y requisitos para el ejercicio de los derechos ARCO, ponemos a su disposici\u00f3n el siguiente medio:<\/span><\/div><div><span style=\"font-family: Verdana;\">\u00a0<\/span><\/div><div><span style=\"font-family: Verdana;\">Avisos@digitnow.com.mx<\/span><\/div><div><span style=\"font-family: Verdana;\">\u00a0<\/span><\/div><div><span style=\"font-family: Verdana;\">Los datos de contacto de la persona o departamento de datos personales, que est\u00e1 a cargo de dar tr\u00e1mite a las solicitudes de derechos ARCO, son los siguientes:<\/span><\/div><div><span style=\"font-family: Verdana;\">\u00a0<\/span><\/div><div><span style=\"font-family: Verdana;\">a) Nombre de la persona o departamento de datos personales: Aviso de Privacidad DigitNow<\/span><\/div><div><span style=\"font-family: Verdana;\">b) Domicilio: calle Blvd. Anillo Perif\u00e9rico Adolfo L\u00f3pez Mateos 4293, P3. Jardines en la monta\u00f1a, Tlalpan, CDMX 14210, pa\u00eds M\u00c9XICO<\/span><\/div><div><span style=\"font-family: Verdana;\">c) Correo electr\u00f3nico: Avisos@digitnow.com.mx<\/span><\/div><div><span style=\"font-family: Verdana;\">\u00a0<\/span><\/div><h4><span style=\"font-family: Verdana;\"><b>USTED PUEDE REVOCAR SU CONSENTIMIENTO PARA EL USO DE SUS DATOS PERSONALES<\/b><\/span><\/h4><div><span style=\"font-family: Verdana;\">\u00a0<\/span><\/div><div><span style=\"font-family: Verdana;\">Usted puede revocar el consentimiento que, en su caso, nos haya otorgado para el tratamiento de sus datos personales. Sin embargo, es importante que tenga en cuenta que no en todos los casos podremos atender su solicitud o concluir el uso de forma inmediata, ya que es posible que por alguna obligaci\u00f3n legal requiramos seguir tratando sus datos personales. Asimismo, usted deber\u00e1 considerar que para ciertos fines, la revocaci\u00f3n de su consentimiento implicar\u00e1 que no le podamos seguir prestando el servicio que nos solicit\u00f3, o la conclusi\u00f3n de su relaci\u00f3n con nosotros.<\/span><\/div><div><span style=\"font-family: Verdana;\">\u00a0<\/span><\/div><div><span style=\"font-family: Verdana;\">Para revocar su consentimiento deber\u00e1 presentar su solicitud a trav\u00e9s del siguiente medio:<\/span><\/div><div><span style=\"font-family: Verdana;\">\u00a0<\/span><\/div><div><span style=\"font-family: Verdana;\">Avisos@digitnow.com.mx<\/span><\/div><div><span style=\"font-family: Verdana;\">\u00a0<\/span><\/div><div><span style=\"font-family: Verdana;\">Para conocer el procedimiento y requisitos para la revocaci\u00f3n del consentimiento, ponemos a su disposici\u00f3n el siguiente medio:<\/span><\/div><div><span style=\"font-family: Verdana;\">\u00a0<\/span><\/div><div><span style=\"font-family: Verdana;\">Avisos@digitnow.com.mx<\/span><\/div><div><span style=\"font-family: Verdana;\">\u00a0<\/span><\/div><h4><span style=\"font-family: Verdana;\"><b>\u00bfC\u00d3MO PUEDE LIMITAR EL USO O DIVULGACI\u00d3N DE SU INFORMACI\u00d3N PERSONAL?<\/b><\/span><\/h4><div><span style=\"font-family: Verdana;\">\u00a0<\/span><\/div><div><span style=\"font-family: Verdana;\">Con objeto de que usted pueda limitar el uso y divulgaci\u00f3n de su informaci\u00f3n personal, le ofrecemos los siguientes medios:<\/span><\/div><div><span style=\"font-family: Verdana;\">\u00a0<\/span><\/div><div><span style=\"font-family: Verdana;\">Avisos@digitnow.com.mx<\/span><\/div><div><span style=\"font-family: Verdana;\">\u00a0<\/span><\/div><h4><span style=\"font-family: Verdana;\"><b>EL USO DE TECNOLOG\u00cdAS DE RASTREO EN NUESTRO PORTAL DE INTERNET<\/b><\/span><\/h4><div><span style=\"font-family: Verdana;\">\u00a0<\/span><\/div><div><span style=\"font-family: Verdana;\">Le informamos que en nuestra p\u00e1gina de internet utilizamos cookies, web beacons u otras tecnolog\u00edas, a trav\u00e9s de las cuales es posible monitorear su comportamiento como usuario de internet, as\u00ed como brindarle un mejor servicio y experiencia al navegar en nuestra p\u00e1gina. Los datos personales que recabamos a trav\u00e9s de estas tecnolog\u00edas, los utilizaremos para los siguientes fines:<\/span><\/div><div><span style=\"font-family: Verdana;\">\u00a0<\/span><\/div><div><ul><li><span style=\"font-family: Verdana;\">An\u00e1lisis y estad\u00edstica de contenidos<\/span><\/li><li><span style=\"font-family: Verdana;\">Mercadotecnia<\/span><\/li><li><span style=\"font-family: Verdana;\">Ofrecimiento de servicios profesionales<\/span><\/li><li><span style=\"font-family: Verdana;\">Ofrecimiento de servicios profesionales<\/span><\/li><li><span style=\"font-family: Verdana;\">Realizar cotizaciones a petici\u00f3n del cliente<\/span><\/li><\/ul><div><span style=\"font-family: Verdana;\">\u00a0<\/span><\/div><div><span style=\"font-family: Verdana;\">Los datos personales que obtenemos de estas tecnolog\u00edas de rastreo son los siguientes:<\/span><\/div><div><span style=\"font-family: Verdana;\">\u00a0<\/span><\/div><div><ul><li><span style=\"font-family: Verdana;\">Identificadores, nombre de usuario y contrase\u00f1as de una sesi\u00f3n<\/span><\/li><li><span style=\"font-family: Verdana;\">Idioma preferido por el usuario<\/span><\/li><li><span style=\"font-family: Verdana;\">Regi\u00f3n en la que se encuentra el usuario<\/span><\/li><li><span style=\"font-family: Verdana;\">Tipo de navegador del usuario<\/span><\/li><li><span style=\"font-family: Verdana;\">Tipo de sistema operativo del usuario<\/span><\/li><li><span style=\"font-family: Verdana;\">Fecha y hora del inicio y final de una sesi\u00f3n de un usuario<\/span><\/li><li><span style=\"font-family: Verdana;\">P\u00e1ginas web visitadas por un usuario<\/span><\/li><li><span style=\"font-family: Verdana;\">B\u00fasquedas realizadas por un usuario<\/span><\/li><li><span style=\"font-family: Verdana;\">Publicidad revisada por un usuario<\/span><\/li><li><span style=\"font-family: Verdana;\">Listas y h\u00e1bitos de consumo en p\u00e1ginas de compras<\/span><\/li><li><span style=\"font-family: Verdana;\">Productos de Interes dentro del sitio<\/span><\/li><li><span style=\"font-family: Verdana;\">Datos generales de contacto proporcionados por el cliente<\/span><\/li><\/ul><div><span style=\"font-family: Verdana;\">\u00a0<\/span><\/div><\/div><div><span style=\"font-family: Verdana;\">\u00a0<\/span><\/div><div><span style=\"font-family: Verdana;\">Asimismo, le informamos que su informaci\u00f3n personal ser\u00e1 compartida con las siguientes personas, empresas, organizaciones o autoridades distintas a nosotros, para los siguientes fines:<\/span><\/div><div><span style=\"font-family: Verdana;\">\u00a0<\/span><\/div><div><span style=\"font-family: Verdana;\">\u00a0<\/span><\/div><div><span style=\"font-family: Verdana;\"><b>Datos Personales<\/b><\/span><\/div><div><span style=\"font-family: Verdana;\">Mayoristas\/Proveedores<\/span><\/div><div><span style=\"font-family: Verdana;\">\u00a0<\/span><\/div><div><span style=\"font-family: Verdana;\"><b>Finalidad<\/b><\/span><\/div><div><span style=\"font-family: Verdana;\">Procesos de compra de tecnologia<\/span><\/div><div><span style=\"font-family: Verdana;\">\u00a0<\/span><\/div><h4><span style=\"font-family: Verdana;\"><b>\u00bfC\u00d3MO PUEDE CONOCER LOS CAMBIOS EN ESTE AVISO DE PRIVACIDAD?<\/b><\/span><\/h4><div><span style=\"font-family: Verdana;\">\u00a0<\/span><\/div><div><span style=\"font-family: Verdana;\">El presente aviso de privacidad puede sufrir modificaciones, cambios o actualizaciones derivadas de nuevos requerimientos legales; de nuestras propias necesidades por los productos o servicios que ofrecemos; de nuestras pr\u00e1cticas de privacidad; de cambios en nuestro modelo de negocio, o por otras causas.<\/span><\/div><div><span style=\"font-family: Verdana;\">\u00a0<\/span><\/div><div><span style=\"font-family: Verdana;\">Nos comprometemos a mantenerlo informado sobre los cambios que pueda sufrir el presente aviso de privacidad, a trav\u00e9s de: Avisos@digitnow.com.mx.<\/span><\/div><div><span style=\"font-family: Verdana;\">\u00a0<\/span><\/div><div><span style=\"font-family: Verdana;\">El procedimiento a trav\u00e9s del cual se llevar\u00e1n a cabo las notificaciones sobre cambios o actualizaciones al presente aviso de privacidad es el siguiente:<\/span><\/div><div><span style=\"font-family: Verdana;\">\u00a0<\/span><\/div><div><span style=\"font-family: Verdana;\">Avisos@digitnow.com.mx<\/span><\/div><\/div>\t\t\t\t\t\t\t\t<\/div>\n\t\t\t\t<\/div>\n\t\t\t\t\t<\/div>\n\t\t\t\t<\/div>\n\t\t\t\t<\/div>\n\t\t","protected":false},"excerpt":{"rendered":"<p>DigitNow Aviso de Privacidad DIGITNOW MEXICO S. DE R.L. DE C.V., mejor conocido como DigitNow, con domicilio Blvd. Anillo Perif\u00e9rico Adolfo L\u00f3pez Mateos 4293, P3. Jardines en la monta\u00f1a, Tlalpan, CDMX 14210, pa\u00eds MEXICO, y portal de internet WWW.DIGITNOW.COM.MX, es el responsable del uso y protecci\u00f3n de sus datos personales, y al respecto le informamos [&hellip;]<\/p>\n","protected":false},"author":4,"featured_media":0,"parent":0,"menu_order":0,"comment_status":"closed","ping_status":"closed","template":"","meta":{"inline_featured_image":false,"footnotes":""},"class_list":["post-44","page","type-page","status-publish","hentry"],"yoast_head":"<!-- This site is optimized with the Yoast SEO plugin v27.4 - https:\/\/yoast.com\/product\/yoast-seo-wordpress\/ -->\n<title>Privacidad - DigitNow<\/title>\n<meta name=\"robots\" content=\"index, follow, max-snippet:-1, max-image-preview:large, max-video-preview:-1\" \/>\n<link rel=\"canonical\" href=\"https:\/\/digitnow.com.mx\/es_mx\/privacidad\/\" \/>\n<meta property=\"og:locale\" content=\"es_MX\" \/>\n<meta property=\"og:type\" content=\"article\" \/>\n<meta property=\"og:title\" content=\"Privacidad - DigitNow\" \/>\n<meta property=\"og:description\" content=\"DigitNow Aviso de Privacidad DIGITNOW MEXICO S. DE R.L. DE C.V., mejor conocido como DigitNow, con domicilio Blvd. Anillo Perif\u00e9rico Adolfo L\u00f3pez Mateos 4293, P3. Jardines en la monta\u00f1a, Tlalpan, CDMX 14210, pa\u00eds MEXICO, y portal de internet WWW.DIGITNOW.COM.MX, es el responsable del uso y protecci\u00f3n de sus datos personales, y al respecto le informamos [&hellip;]\" \/>\n<meta property=\"og:url\" content=\"https:\/\/digitnow.com.mx\/es_mx\/privacidad\/\" \/>\n<meta property=\"og:site_name\" content=\"DigitNow\" \/>\n<meta property=\"article:publisher\" content=\"https:\/\/www.facebook.com\/DigitNowMexico\" \/>\n<meta property=\"article:modified_time\" content=\"2024-07-30T23:26:16+00:00\" \/>\n<meta property=\"og:image\" content=\"https:\/\/digitnow.com.mx\/wp-content\/uploads\/logocuadrado-e1736906358481.jpg\" \/>\n\t<meta property=\"og:image:width\" content=\"796\" \/>\n\t<meta property=\"og:image:height\" content=\"162\" \/>\n\t<meta property=\"og:image:type\" content=\"image\/jpeg\" \/>\n<meta name=\"twitter:card\" content=\"summary_large_image\" \/>\n<meta name=\"twitter:site\" content=\"@DigitNowMexico\" \/>\n<meta name=\"twitter:label1\" content=\"Tiempo de lectura\" \/>\n\t<meta name=\"twitter:data1\" content=\"5 minutos\" \/>\n<script type=\"application\/ld+json\" class=\"yoast-schema-graph\">{\"@context\":\"https:\\\/\\\/schema.org\",\"@graph\":[{\"@type\":\"WebPage\",\"@id\":\"https:\\\/\\\/digitnow.com.mx\\\/privacidad\\\/\",\"url\":\"https:\\\/\\\/digitnow.com.mx\\\/privacidad\\\/\",\"name\":\"Privacidad - DigitNow\",\"isPartOf\":{\"@id\":\"https:\\\/\\\/digitnow.com.mx\\\/#website\"},\"datePublished\":\"2024-06-17T04:47:58+00:00\",\"dateModified\":\"2024-07-30T23:26:16+00:00\",\"breadcrumb\":{\"@id\":\"https:\\\/\\\/digitnow.com.mx\\\/privacidad\\\/#breadcrumb\"},\"inLanguage\":\"es\",\"potentialAction\":[{\"@type\":\"ReadAction\",\"target\":[\"https:\\\/\\\/digitnow.com.mx\\\/privacidad\\\/\"]}]},{\"@type\":\"BreadcrumbList\",\"@id\":\"https:\\\/\\\/digitnow.com.mx\\\/privacidad\\\/#breadcrumb\",\"itemListElement\":[{\"@type\":\"ListItem\",\"position\":1,\"name\":\"Portada\",\"item\":\"https:\\\/\\\/digitnow.com.mx\\\/es_mx\\\/\"},{\"@type\":\"ListItem\",\"position\":2,\"name\":\"Privacidad\"}]},{\"@type\":\"WebSite\",\"@id\":\"https:\\\/\\\/digitnow.com.mx\\\/#website\",\"url\":\"https:\\\/\\\/digitnow.com.mx\\\/\",\"name\":\"Digitnow\",\"description\":\"Soluciones en la nube para empresas\",\"publisher\":{\"@id\":\"https:\\\/\\\/digitnow.com.mx\\\/#organization\"},\"potentialAction\":[{\"@type\":\"SearchAction\",\"target\":{\"@type\":\"EntryPoint\",\"urlTemplate\":\"https:\\\/\\\/digitnow.com.mx\\\/?s={search_term_string}\"},\"query-input\":{\"@type\":\"PropertyValueSpecification\",\"valueRequired\":true,\"valueName\":\"search_term_string\"}}],\"inLanguage\":\"es\"},{\"@type\":\"Organization\",\"@id\":\"https:\\\/\\\/digitnow.com.mx\\\/#organization\",\"name\":\"Digitnow\",\"url\":\"https:\\\/\\\/digitnow.com.mx\\\/\",\"logo\":{\"@type\":\"ImageObject\",\"inLanguage\":\"es\",\"@id\":\"https:\\\/\\\/digitnow.com.mx\\\/#\\\/schema\\\/logo\\\/image\\\/\",\"url\":\"https:\\\/\\\/digitnow.com.mx\\\/wp-content\\\/uploads\\\/logo-digitnow-323w.webp\",\"contentUrl\":\"https:\\\/\\\/digitnow.com.mx\\\/wp-content\\\/uploads\\\/logo-digitnow-323w.webp\",\"width\":320,\"height\":68,\"caption\":\"Digitnow\"},\"image\":{\"@id\":\"https:\\\/\\\/digitnow.com.mx\\\/#\\\/schema\\\/logo\\\/image\\\/\"},\"sameAs\":[\"https:\\\/\\\/www.facebook.com\\\/DigitNowMexico\",\"https:\\\/\\\/x.com\\\/DigitNowMexico\",\"https:\\\/\\\/www.linkedin.com\\\/company\\\/digitnow\\\/\",\"https:\\\/\\\/www.instagram.com\\\/digitnow_oficial\\\/\",\"https:\\\/\\\/www.youtube.com\\\/channel\\\/UCojoUfDnSdhxh6_VWO1OMGQ\"]}]}<\/script>\n<!-- \/ Yoast SEO plugin. -->","yoast_head_json":{"title":"Privacidad - DigitNow","robots":{"index":"index","follow":"follow","max-snippet":"max-snippet:-1","max-image-preview":"max-image-preview:large","max-video-preview":"max-video-preview:-1"},"canonical":"https:\/\/digitnow.com.mx\/es_mx\/privacidad\/","og_locale":"es_MX","og_type":"article","og_title":"Privacidad - DigitNow","og_description":"DigitNow Aviso de Privacidad DIGITNOW MEXICO S. DE R.L. DE C.V., mejor conocido como DigitNow, con domicilio Blvd. Anillo Perif\u00e9rico Adolfo L\u00f3pez Mateos 4293, P3. Jardines en la monta\u00f1a, Tlalpan, CDMX 14210, pa\u00eds MEXICO, y portal de internet WWW.DIGITNOW.COM.MX, es el responsable del uso y protecci\u00f3n de sus datos personales, y al respecto le informamos [&hellip;]","og_url":"https:\/\/digitnow.com.mx\/es_mx\/privacidad\/","og_site_name":"DigitNow","article_publisher":"https:\/\/www.facebook.com\/DigitNowMexico","article_modified_time":"2024-07-30T23:26:16+00:00","og_image":[{"width":796,"height":162,"url":"https:\/\/digitnow.com.mx\/wp-content\/uploads\/logocuadrado-e1736906358481.jpg","type":"image\/jpeg"}],"twitter_card":"summary_large_image","twitter_site":"@DigitNowMexico","twitter_misc":{"Tiempo de lectura":"5 minutos"},"schema":{"@context":"https:\/\/schema.org","@graph":[{"@type":"WebPage","@id":"https:\/\/digitnow.com.mx\/privacidad\/","url":"https:\/\/digitnow.com.mx\/privacidad\/","name":"Privacidad - DigitNow","isPartOf":{"@id":"https:\/\/digitnow.com.mx\/#website"},"datePublished":"2024-06-17T04:47:58+00:00","dateModified":"2024-07-30T23:26:16+00:00","breadcrumb":{"@id":"https:\/\/digitnow.com.mx\/privacidad\/#breadcrumb"},"inLanguage":"es","potentialAction":[{"@type":"ReadAction","target":["https:\/\/digitnow.com.mx\/privacidad\/"]}]},{"@type":"BreadcrumbList","@id":"https:\/\/digitnow.com.mx\/privacidad\/#breadcrumb","itemListElement":[{"@type":"ListItem","position":1,"name":"Portada","item":"https:\/\/digitnow.com.mx\/es_mx\/"},{"@type":"ListItem","position":2,"name":"Privacidad"}]},{"@type":"WebSite","@id":"https:\/\/digitnow.com.mx\/#website","url":"https:\/\/digitnow.com.mx\/","name":"Digitnow","description":"Soluciones en la nube para empresas","publisher":{"@id":"https:\/\/digitnow.com.mx\/#organization"},"potentialAction":[{"@type":"SearchAction","target":{"@type":"EntryPoint","urlTemplate":"https:\/\/digitnow.com.mx\/?s={search_term_string}"},"query-input":{"@type":"PropertyValueSpecification","valueRequired":true,"valueName":"search_term_string"}}],"inLanguage":"es"},{"@type":"Organization","@id":"https:\/\/digitnow.com.mx\/#organization","name":"Digitnow","url":"https:\/\/digitnow.com.mx\/","logo":{"@type":"ImageObject","inLanguage":"es","@id":"https:\/\/digitnow.com.mx\/#\/schema\/logo\/image\/","url":"https:\/\/digitnow.com.mx\/wp-content\/uploads\/logo-digitnow-323w.webp","contentUrl":"https:\/\/digitnow.com.mx\/wp-content\/uploads\/logo-digitnow-323w.webp","width":320,"height":68,"caption":"Digitnow"},"image":{"@id":"https:\/\/digitnow.com.mx\/#\/schema\/logo\/image\/"},"sameAs":["https:\/\/www.facebook.com\/DigitNowMexico","https:\/\/x.com\/DigitNowMexico","https:\/\/www.linkedin.com\/company\/digitnow\/","https:\/\/www.instagram.com\/digitnow_oficial\/","https:\/\/www.youtube.com\/channel\/UCojoUfDnSdhxh6_VWO1OMGQ"]}]}},"_hostinger_reach_plugin_has_subscription_block":false,"_hostinger_reach_plugin_is_elementor":false,"_links":{"self":[{"href":"https:\/\/digitnow.com.mx\/es_mx\/wp-json\/wp\/v2\/pages\/44","targetHints":{"allow":["GET"]}}],"collection":[{"href":"https:\/\/digitnow.com.mx\/es_mx\/wp-json\/wp\/v2\/pages"}],"about":[{"href":"https:\/\/digitnow.com.mx\/es_mx\/wp-json\/wp\/v2\/types\/page"}],"author":[{"embeddable":true,"href":"https:\/\/digitnow.com.mx\/es_mx\/wp-json\/wp\/v2\/users\/4"}],"replies":[{"embeddable":true,"href":"https:\/\/digitnow.com.mx\/es_mx\/wp-json\/wp\/v2\/comments?post=44"}],"version-history":[{"count":7,"href":"https:\/\/digitnow.com.mx\/es_mx\/wp-json\/wp\/v2\/pages\/44\/revisions"}],"predecessor-version":[{"id":1897,"href":"https:\/\/digitnow.com.mx\/es_mx\/wp-json\/wp\/v2\/pages\/44\/revisions\/1897"}],"wp:attachment":[{"href":"https:\/\/digitnow.com.mx\/es_mx\/wp-json\/wp\/v2\/media?parent=44"}],"curies":[{"name":"wp","href":"https:\/\/api.w.org\/{rel}","templated":true}]}}